{"id":623966,"date":"2025-08-19T19:36:28","date_gmt":"2025-08-19T17:36:28","guid":{"rendered":"https:\/\/lucacastelli.com\/prodotto\/short-leger-olbia-de-pfanner-kids\/"},"modified":"2026-04-14T04:14:59","modified_gmt":"2026-04-14T02:14:59","slug":"short-leger-olbia-de-pfanner-kids","status":"publish","type":"product","link":"https:\/\/lucacastelli.com\/fr\/produit\/short-leger-olbia-de-pfanner-kids\/","title":{"rendered":"PFANNER Olbia Light Shorts Kids"},"content":{"rendered":"<p>Le short Olbia Light Kids est fabriqu\u00e9 en tissu super-\u00e9lastique nylon\/spandex 4 directions. Sans repassage, \u00e0 s\u00e9chage rapide et \u00e0 la coupe sportive, le short Olbia light est parfait pour les enfants qui aiment \u00eatre en plein air. Le tissu l\u00e9ger qui absorbe la transpiration garantit fra\u00eecheur et confort surtout quand il fait chaud. Ajustement optimal gr\u00e2ce \u00e0 la ceinture \u00e9lastiqu\u00e9e.<br \/>\n&#8211; Tissu super-\u00e9lastique nylon\/spandex 4 directions<br \/>\n&#8211; Tissu extra-l\u00e9ger, ne n\u00e9cessite pas de repassage et s\u00e8che rapidement<br \/>\n&#8211; Double bouton coulissant \u00e0 la taille<br \/>\n&#8211; Ic\u00f4ne r\u00e9fl\u00e9chissante sur le mollet gauche<br \/>\n&#8211; Poches lat\u00e9rales avec fermeture Zipp2Zipp des deux c\u00f4t\u00e9s<br \/>\n&#8211; Absorbant la transpiration<br \/>\n&#8211; Fermetures \u00e9clair jaune n\u00e9on   <\/p>\n<p>Mati\u00e8re : 88 % nylon, 12 % spandex, 140 g\/m2<br \/>\nTailles : 104, 116, 128, 140, 152 (+cm d&#8217;allongement du syst\u00e8me)<\/p>\n","protected":false},"excerpt":{"rendered":"<p>Le short Olbia Light Kids est fabriqu\u00e9 en tissu super-\u00e9lastique nylon\/spandex 4 directions. Sans repassage, \u00e0 s\u00e9chage rapide et \u00e0<\/p>\n","protected":false},"featured_media":619998,"template":"","meta":{"_seopress_robots_primary_cat":"none","_seopress_titles_title":"","_seopress_titles_desc":"","_seopress_robots_index":""},"product_brand":[3458],"product_cat":[21,189,685],"product_tag":[],"class_list":{"0":"post-623966","1":"product","2":"type-product","3":"status-publish","4":"has-post-thumbnail","6":"product_brand-pfanner","7":"product_cat-abbigliamento","8":"product_cat-abbigliamento-per-il-tempo-libero","9":"product_cat-abbigliamento-da-bambino","10":"sws-gruppo-no-gruppo-fr","11":"sws-conto-ricavi-merci-rivendita-abbigliamento-fr","12":"sws-gruppo-iva-iva81-fr","14":"first","15":"instock","16":"shipping-taxable","17":"purchasable","18":"product-type-variable"},"_links":{"self":[{"href":"https:\/\/lucacastelli.com\/fr\/wp-json\/wp\/v2\/product\/623966","targetHints":{"allow":["GET"]}}],"collection":[{"href":"https:\/\/lucacastelli.com\/fr\/wp-json\/wp\/v2\/product"}],"about":[{"href":"https:\/\/lucacastelli.com\/fr\/wp-json\/wp\/v2\/types\/product"}],"wp:featuredmedia":[{"embeddable":true,"href":"https:\/\/lucacastelli.com\/fr\/wp-json\/wp\/v2\/media\/619998"}],"wp:attachment":[{"href":"https:\/\/lucacastelli.com\/fr\/wp-json\/wp\/v2\/media?parent=623966"}],"wp:term":[{"taxonomy":"product_brand","embeddable":true,"href":"https:\/\/lucacastelli.com\/fr\/wp-json\/wp\/v2\/product_brand?post=623966"},{"taxonomy":"product_cat","embeddable":true,"href":"https:\/\/lucacastelli.com\/fr\/wp-json\/wp\/v2\/product_cat?post=623966"},{"taxonomy":"product_tag","embeddable":true,"href":"https:\/\/lucacastelli.com\/fr\/wp-json\/wp\/v2\/product_tag?post=623966"}],"curies":[{"name":"wp","href":"https:\/\/api.w.org\/{rel}","templated":true}]}}