{"id":623958,"date":"2025-08-18T22:10:21","date_gmt":"2025-08-18T20:10:21","guid":{"rendered":"https:\/\/lucacastelli.com\/prodotto\/gladiator-wiff-zack\/"},"modified":"2026-04-14T03:33:53","modified_gmt":"2026-04-14T01:33:53","slug":"gladiator-wiff-zack","status":"publish","type":"product","link":"https:\/\/lucacastelli.com\/fr\/produit\/gladiator-wiff-zack\/","title":{"rendered":"Gladiator Wiff-Zack"},"content":{"rendered":"<p>Le \u00ab Wiff-Zack \u00bb est la sympathique mascotte de Pfanner\u00ae. Naturellement, il porte les v\u00eatements de s\u00e9curit\u00e9 appropri\u00e9s et le Protos\u00ae Integral avec le logo traditionnel Holzer. La veste Pfanner\u00ae est facile \u00e0 laver et peut \u00eatre retir\u00e9e du petit collaborateur, de sorte que le renard puisse \u00e9galement \u00eatre nettoy\u00e9. Les points forts de Wiffzack r\u00e9sident dans le service client, mais il peut \u00e9galement \u00eatre utilis\u00e9 comme mascotte dans le service externe. L&#8217;\u00e9quipement de b\u00fbcheron du petit renard en peluche est r\u00e9alis\u00e9 avec soin et riche en d\u00e9tails.    <\/p>\n<p>Mat\u00e9riau :<br \/>\nMat\u00e9riau ext\u00e9rieur : 100 % peluche douce<br \/>\nRembourrage 100 % ouate de polyester.<br \/>\nDimensions : env. 20 cm.<\/p>\n","protected":false},"excerpt":{"rendered":"<p>Le \u00ab Wiff-Zack \u00bb est la sympathique mascotte de Pfanner\u00ae. Naturellement, il porte les v\u00eatements de s\u00e9curit\u00e9 appropri\u00e9s et le<\/p>\n","protected":false},"featured_media":618304,"template":"","meta":{"_seopress_robots_primary_cat":"none","_seopress_titles_title":"","_seopress_titles_desc":"","_seopress_robots_index":""},"product_brand":[3458,4381],"product_cat":[21,685,1103],"product_tag":[],"class_list":{"0":"post-623958","1":"product","2":"type-product","3":"status-publish","4":"has-post-thumbnail","6":"product_brand-pfanner","7":"product_brand-protos","8":"product_cat-abbigliamento","9":"product_cat-abbigliamento-da-bambino","10":"product_cat-shops","11":"sws-gruppo-no-gruppo-fr","12":"sws-conto-ricavi-merci-rivendita-abbigliamento-fr","13":"sws-gruppo-iva-iva81-fr","15":"first","16":"instock","17":"shipping-taxable","18":"purchasable","19":"product-type-simple"},"_links":{"self":[{"href":"https:\/\/lucacastelli.com\/fr\/wp-json\/wp\/v2\/product\/623958","targetHints":{"allow":["GET"]}}],"collection":[{"href":"https:\/\/lucacastelli.com\/fr\/wp-json\/wp\/v2\/product"}],"about":[{"href":"https:\/\/lucacastelli.com\/fr\/wp-json\/wp\/v2\/types\/product"}],"wp:featuredmedia":[{"embeddable":true,"href":"https:\/\/lucacastelli.com\/fr\/wp-json\/wp\/v2\/media\/618304"}],"wp:attachment":[{"href":"https:\/\/lucacastelli.com\/fr\/wp-json\/wp\/v2\/media?parent=623958"}],"wp:term":[{"taxonomy":"product_brand","embeddable":true,"href":"https:\/\/lucacastelli.com\/fr\/wp-json\/wp\/v2\/product_brand?post=623958"},{"taxonomy":"product_cat","embeddable":true,"href":"https:\/\/lucacastelli.com\/fr\/wp-json\/wp\/v2\/product_cat?post=623958"},{"taxonomy":"product_tag","embeddable":true,"href":"https:\/\/lucacastelli.com\/fr\/wp-json\/wp\/v2\/product_tag?post=623958"}],"curies":[{"name":"wp","href":"https:\/\/api.w.org\/{rel}","templated":true}]}}