{"id":623956,"date":"2025-08-20T21:14:28","date_gmt":"2025-08-20T19:14:28","guid":{"rendered":"https:\/\/lucacastelli.com\/prodotto\/stihl-pka-30-unite-de-pompage-machine-seulement\/"},"modified":"2025-09-04T20:04:37","modified_gmt":"2025-09-04T18:04:37","slug":"stihl-pka-30-unite-de-pompage-machine-seulement","status":"publish","type":"product","link":"https:\/\/lucacastelli.com\/fr\/produit\/stihl-pka-30-unite-de-pompage-machine-seulement\/","title":{"rendered":"STIHL PKA 30 Unit\u00e9 de pompage (machine seulement)"},"content":{"rendered":"<p>&nbsp;<\/p>\n<h2>T\u00eate de pompe \u00e0 piles PKA 30 : pompage automatique et dosage pr\u00e9cis de l&#8217;eau et des produits \u00e0 pulv\u00e9riser.<\/h2>\n<p>La t\u00eate de pompe robuste STIHL PKA 30 fonctionnant sur batterie est le compl\u00e9ment id\u00e9al des <b>pulv\u00e9risateurs<\/b> portatifs. <a href=\"https:\/\/www.stihl.de\/de\/p\/spruehgeraete-spritzgeraete-spritzgeraet-sg-21-67885\"><b>STIHL SG 21<\/b><\/a> <b>e<\/b> <a href=\"https:\/\/www.stihl.de\/de\/p\/spruehgeraete-spritzgeraete-spritzgeraet-sg-31-2109\"><b>STIHL SG 31<\/b><\/a>ainsi que pour le <a href=\"https:\/\/www.stihl.de\/de\/ap\/druckwasserbehaelter-11444?aID=00006706000\"><b>R\u00e9servoir \u00e0 pression STIHL<\/b><\/a> r\u00e9servoir \u00e0 pression manuel pour l&#8217;alimentation mobile en eau des Tron\u00e7onneuses. <\/p>\n<p>En combinaison avec les pulv\u00e9risateurs STIHL SG 21 ou STIHL SG 31, l&#8217;<b>application de produits liquides pour la protection contre les champignons et les parasites, la fertilisation et le d\u00e9sherbage dans le secteur priv\u00e9 devient beaucoup plus facile et pratique.<\/b><\/p>\n<p>En combinaison avec le r\u00e9servoir sous pression STIHL pour l&#8217;alimentation mobile en eau des tron\u00e7onneuses, le tron\u00e7onnage humide propre avec les tron\u00e7onneuses STIHL sans fil ou \u00e0 essence est \u00e9galement possible sur les sites sans alimentation en eau, <b>dans le jardinage et l&#8217;am\u00e9nagement paysager ainsi que dans le b\u00e2timent, le g\u00e9nie civil et la construction de routes.<\/b> Dans toutes les applications, la t\u00eate de pompe sur batterie STIHL PKA 30 <b>assure automatiquement une alimentation r\u00e9guli\u00e8re<\/b> du produit utilis\u00e9 pendant toute la dur\u00e9e de vie de la batterie et une <b>alimentation en eau constante<\/b> de la machine \u00e0 tron\u00e7onner. <\/p>\n<p>Le STIHL PKA 30 se <b>monte confortablement et sans outils<\/b> sur le pulv\u00e9risateur ou le r\u00e9servoir d&#8217;eau sous pression et est <b>facile \u00e0 utiliser<\/b>. Il est aliment\u00e9 par une <a href=\"https:\/\/www.stihl.de\/de\/ap\/akku-as-2-107854\"><b>batterie STIHL AS 2<\/b><\/a>. Le PKA 30 dispose d&#8217;un <b>r\u00e9glage en continu de la pression<\/b> entre 1,5 bar et 2,5 bars pour adapter le d\u00e9bit \u00e0 l&#8217;application sp\u00e9cifique. Lorsque le r\u00e9servoir est vide ou que la machine n&#8217;est pas utilis\u00e9e pendant une p\u00e9riode prolong\u00e9e, <b>la STIHL PKA 30 s&#8217;\u00e9teint automatiquement<\/b>. Cela permet de prolonger la dur\u00e9e de vie de la batterie. Et gr\u00e2ce \u00e0 l&#8217;indicateur LED de l&#8217;\u00e9tat de charge, tu peux toujours savoir pendant combien de temps la batterie est pr\u00eate \u00e0 l&#8217;emploi. La<b>poign\u00e9e souple<\/b> assure une prise en main ergonomique et un transport confortable de la PKA 30.      <\/p>\n<p>Dans notre aper\u00e7u des <a href=\"https:\/\/www.stihl.de\/de\/technologie\/akku-technologie\/laufzeiten-ladezeiten\"><b>dur\u00e9es d&#8217;utilisation et chargement de la batterie<\/b><\/a> tu peux voir combien de temps tu peux travailler avec la t\u00eate de pompe sans fil STIHL PKA 30 et combien de temps il faut pour recharger la batterie utilis\u00e9e. Note que l&#8217;autonomie de la batterie peut varier en fonction de l&#8217;application et de la taille du r\u00e9cipient. <\/p>\n<p>La t\u00eate de pompe STIHL PKA 30 est con\u00e7ue pour les applications professionnelles et l&#8217;utilisation quotidienne, m\u00eame dans des conditions m\u00e9t\u00e9orologiques d\u00e9favorables. Elle est donc \u00e9quip\u00e9e d&#8217;une protection test\u00e9e contre les projections d&#8217;eau. Son efficacit\u00e9 est prouv\u00e9e par des tests internes rigoureux. La protection contre les projections d&#8217;eau de la STIHL PKA 30, qui a d\u00e9j\u00e0 fait ses preuves lors de tests internes, a \u00e9galement \u00e9t\u00e9 certifi\u00e9e IPX4.   <\/p>\n<p>&nbsp;<\/p>\n<p>&nbsp;<\/p>\n<p>DONN\u00c9ES TECHNIQUES<br \/>\nTENSION NOMINALE \/ SYST\u00c8ME DE BATTERIE [V] 10,8 (AS)<br \/>\nPression nominale [baR] 1,5 &#8211; 2,5<br \/>\nPression maximale [baR] 2,5<br \/>\nPoids sans batterie [kg] 0,9<br \/>\nDimensions de l&#8217;outil (LXHxP) [mm] 145 x 128 x 259<\/p>\n<p>&nbsp;<\/p>\n","protected":false},"excerpt":{"rendered":"<p>&nbsp; T\u00eate de pompe \u00e0 piles PKA 30 : pompage automatique et dosage pr\u00e9cis de l&#8217;eau et des produits \u00e0<\/p>\n","protected":false},"featured_media":623675,"template":"","meta":{"_seopress_robots_primary_cat":"none","_seopress_titles_title":"","_seopress_titles_desc":"","_seopress_robots_index":""},"product_brand":[3366],"product_cat":[29,499,495,512,496],"product_tag":[],"class_list":{"0":"post-623956","1":"product","2":"type-product","3":"status-publish","4":"has-post-thumbnail","6":"product_brand-stihl","7":"product_cat-macchinari","8":"product_cat-atomizzatori-e-irroratori","9":"product_cat-troncatrici-e-mototroncatrici","10":"product_cat-accessori-e-materiale-di-consumo-troncatrici-e-mototroncatrici","11":"product_cat-troncatrici","12":"sws-gruppo-macchinari-fr","13":"sws-conto-ricavi-merci-rivendita-macchinari-fr","14":"sws-gruppo-iva-iva81-fr","16":"first","17":"instock","18":"shipping-taxable","19":"purchasable","20":"product-type-simple"},"_links":{"self":[{"href":"https:\/\/lucacastelli.com\/fr\/wp-json\/wp\/v2\/product\/623956","targetHints":{"allow":["GET"]}}],"collection":[{"href":"https:\/\/lucacastelli.com\/fr\/wp-json\/wp\/v2\/product"}],"about":[{"href":"https:\/\/lucacastelli.com\/fr\/wp-json\/wp\/v2\/types\/product"}],"wp:featuredmedia":[{"embeddable":true,"href":"https:\/\/lucacastelli.com\/fr\/wp-json\/wp\/v2\/media\/623675"}],"wp:attachment":[{"href":"https:\/\/lucacastelli.com\/fr\/wp-json\/wp\/v2\/media?parent=623956"}],"wp:term":[{"taxonomy":"product_brand","embeddable":true,"href":"https:\/\/lucacastelli.com\/fr\/wp-json\/wp\/v2\/product_brand?post=623956"},{"taxonomy":"product_cat","embeddable":true,"href":"https:\/\/lucacastelli.com\/fr\/wp-json\/wp\/v2\/product_cat?post=623956"},{"taxonomy":"product_tag","embeddable":true,"href":"https:\/\/lucacastelli.com\/fr\/wp-json\/wp\/v2\/product_tag?post=623956"}],"curies":[{"name":"wp","href":"https:\/\/api.w.org\/{rel}","templated":true}]}}