{"id":623943,"date":"2025-08-19T19:41:39","date_gmt":"2025-08-19T17:41:39","guid":{"rendered":"https:\/\/lucacastelli.com\/prodotto\/pfanner-olbia-light-pantalon-pour-enfants\/"},"modified":"2026-04-14T04:15:03","modified_gmt":"2026-04-14T02:15:03","slug":"pfanner-olbia-light-pantalon-pour-enfants","status":"publish","type":"product","link":"https:\/\/lucacastelli.com\/fr\/produit\/pfanner-olbia-light-pantalon-pour-enfants\/","title":{"rendered":"PFANNER Olbia Light pantalon Kids"},"content":{"rendered":"<p>Le pantalon Olbia Light Kids est fabriqu\u00e9 en tissu super-\u00e9lastique nylon\/spandex 4 directions. Il ne n\u00e9cessite pas de repassage, s\u00e8che rapidement et pr\u00e9sente une coupe sportive qui le rend parfait pour les enfants qui aiment \u00eatre en plein air. Le tissu l\u00e9ger et respirant garantit confort et fra\u00eecheur m\u00eame par forte chaleur. Ajustement optimal gr\u00e2ce \u00e0 l&#8217;\u00e9lastique \u00e0 la taille.<br \/>\n&#8211; Tissu super-\u00e9lastique nylon\/spandex 4 directions<br \/>\n&#8211; Tissu extra-l\u00e9ger, ne n\u00e9cessite pas de repassage et s\u00e8che rapidement<br \/>\n&#8211; Double bouton coulissant \u00e0 la taille<br \/>\n&#8211; Ic\u00f4ne r\u00e9fl\u00e9chissante sur le mollet gauche<br \/>\n&#8211; Poches lat\u00e9rales avec fermeture Zipp2Zipp des deux c\u00f4t\u00e9s<br \/>\n&#8211; Absorbant<br \/>\n&#8211; Fermetures \u00e9clair jaune fluo   <\/p>\n<p>Mati\u00e8re : 88 % nylon, 12 % spandex, 140 g\/m2<br \/>\nTailles : 104, 116, 128, 140, 152 (+cm d&#8217;allongement du syst\u00e8me)<\/p>\n","protected":false},"excerpt":{"rendered":"<p>Le pantalon Olbia Light Kids est fabriqu\u00e9 en tissu super-\u00e9lastique nylon\/spandex 4 directions. Il ne n\u00e9cessite pas de repassage, s\u00e8che<\/p>\n","protected":false},"featured_media":620008,"template":"","meta":{"_seopress_robots_primary_cat":"none","_seopress_titles_title":"","_seopress_titles_desc":"","_seopress_robots_index":""},"product_brand":[3458],"product_cat":[21,189,685],"product_tag":[],"class_list":{"0":"post-623943","1":"product","2":"type-product","3":"status-publish","4":"has-post-thumbnail","6":"product_brand-pfanner","7":"product_cat-abbigliamento","8":"product_cat-abbigliamento-per-il-tempo-libero","9":"product_cat-abbigliamento-da-bambino","10":"sws-gruppo-no-gruppo-fr","11":"sws-conto-ricavi-merci-rivendita-abbigliamento-fr","12":"sws-gruppo-iva-iva81-fr","14":"first","15":"instock","16":"shipping-taxable","17":"purchasable","18":"product-type-variable"},"_links":{"self":[{"href":"https:\/\/lucacastelli.com\/fr\/wp-json\/wp\/v2\/product\/623943","targetHints":{"allow":["GET"]}}],"collection":[{"href":"https:\/\/lucacastelli.com\/fr\/wp-json\/wp\/v2\/product"}],"about":[{"href":"https:\/\/lucacastelli.com\/fr\/wp-json\/wp\/v2\/types\/product"}],"wp:featuredmedia":[{"embeddable":true,"href":"https:\/\/lucacastelli.com\/fr\/wp-json\/wp\/v2\/media\/620008"}],"wp:attachment":[{"href":"https:\/\/lucacastelli.com\/fr\/wp-json\/wp\/v2\/media?parent=623943"}],"wp:term":[{"taxonomy":"product_brand","embeddable":true,"href":"https:\/\/lucacastelli.com\/fr\/wp-json\/wp\/v2\/product_brand?post=623943"},{"taxonomy":"product_cat","embeddable":true,"href":"https:\/\/lucacastelli.com\/fr\/wp-json\/wp\/v2\/product_cat?post=623943"},{"taxonomy":"product_tag","embeddable":true,"href":"https:\/\/lucacastelli.com\/fr\/wp-json\/wp\/v2\/product_tag?post=623943"}],"curies":[{"name":"wp","href":"https:\/\/api.w.org\/{rel}","templated":true}]}}