{"id":623933,"date":"2025-08-20T21:00:55","date_gmt":"2025-08-20T19:00:55","guid":{"rendered":"https:\/\/lucacastelli.com\/prodotto\/kit-de-pulverisation-sans-fil-stihl-sga-30-avec-1-batterie-as2-et-un-chargeur-al1\/"},"modified":"2025-08-20T21:00:55","modified_gmt":"2025-08-20T19:00:55","slug":"kit-de-pulverisation-sans-fil-stihl-sga-30-avec-1-batterie-as2-et-un-chargeur-al1","status":"publish","type":"product","link":"https:\/\/lucacastelli.com\/fr\/produit\/kit-de-pulverisation-sans-fil-stihl-sga-30-avec-1-batterie-as2-et-un-chargeur-al1\/","title":{"rendered":"Kit de pulv\u00e9risation sans fil STIHL SGA 30 avec 1 batterie AS2 et un chargeur AL1"},"content":{"rendered":"<h2>Pulv\u00e9risateur \u00e0 batterie SGA 30 en set avec batterie AS 2 et chargeur AL 1 : pour une distribution pratique, pr\u00e9cise et r\u00e9guli\u00e8re des produits liquides de protection et d&#8217;entretien des plantes.<\/h2>\n<p>Si tu ne poss\u00e8des pas encore d&#8217;outil STIHL du <a href=\"https:\/\/www.stihl.de\/de\/technologie\/akku-technologie\/as-system\"><b>syst\u00e8me AS<\/b><\/a>il est particuli\u00e8rement int\u00e9ressant d&#8217;acheter le pulv\u00e9risateur sans fil STIHL SGA 30 en set. En plus du SGA 30, la livraison comprend le bloc d&#8217;alimentation compact <a href=\"https:\/\/www.stihl.de\/de\/ap\/akku-as-2-107854\"><b>pack d&#8217;accus STIHL AS 2<\/b><\/a> et le <a href=\"https:\/\/www.stihl.de\/de\/ap\/standardladegeraet-al-1-107869\"><b>chargeur de batterie STIHL AL 1<\/b><\/a>. Tu peux ainsi commencer \u00e0 travailler imm\u00e9diatement.  <\/p>\n<p>Le pulv\u00e9risateur \u00e0 batterie SGA 30 a \u00e9t\u00e9 sp\u00e9cialement con\u00e7u pour la <b>protection et l&#8217;entretien des plantes dans le secteur priv\u00e9<\/b>. Il convient \u00e0 l&#8217;application de produits liquides pour la protection contre les champignons et les parasites, la fertilisation et le d\u00e9sherbage <b>dans les jardins de petite et moyenne taille<\/b>. Le STIHL SGA 30 assure <b>automatiquement<\/b> une application <b>uniforme<\/b> des sprays et des engrais utilis\u00e9s dans toutes les applications pendant toute la dur\u00e9e de vie de la batterie.  <\/p>\n<p>Le pulv\u00e9risateur SGA 30, <b>qui fonctionne sur batterie, est facile \u00e0 utiliser<\/b> et dispose d&#8217;un <b>r\u00e9glage continu de la pression<\/b> entre 1,5 bar et 2,5 bar pour adapter le volume de d\u00e9bit \u00e0 des applications sp\u00e9cifiques. Lorsque le r\u00e9servoir est vide ou que l&#8217;appareil n&#8217;est pas utilis\u00e9 pendant une p\u00e9riode prolong\u00e9e, <b>le SGA 30 s&#8217;\u00e9teint automatiquement.<\/b> Cela permet de prolonger la dur\u00e9e de vie de la batterie. De plus, gr\u00e2ce \u00e0 l&#8217;<b>indicateur LED de l&#8217;\u00e9tat de charge<\/b>, tu peux toujours savoir pendant combien de temps la batterie est pr\u00eate \u00e0 l&#8217;emploi. La <b>bandouli\u00e8re<\/b> et la<b>poign\u00e9e souple<\/b> garantissent une manipulation ergonomique et un transport confortable du SGA 30.    <\/p>\n<p>L&#8217;\u00e9quipement comprend le <b>r\u00e9servoir de pulv\u00e9risation<\/b> robuste d&#8217;<b>une capacit\u00e9 de 5 l<\/b>, l&#8217;indicateur de niveau, la soupape de surpression et la <b>lance de pulv\u00e9risation r\u00e9glable sans outil de 52 cm \u00e0 90 cm avec buse r\u00e9glable, ainsi qu&#8217;une bandouli\u00e8re r\u00e9glable et la t\u00eate de pompe STIHL PKA 30.<\/b> En outre, pour l&#8217;entretien et la protection de tes plantes de jardin, il y a la vaste gamme d&#8217;accessoires STIHL pour pulv\u00e9risateurs. <a href=\"https:\/\/www.stihl.de\/de\/ac\/produktzubehoer-98281\/zubehoer-fuer-spruehgeraete-spritzgeraete-99416?offset=4\"><b>gamme d&#8217;accessoires STIHL pour pulv\u00e9risateurs.<\/b><\/a>. <\/p>\n<p>La t\u00eate de pompe STIHL PKA 30 incluse peut \u00e9galement \u00eatre utilis\u00e9e avec les pulv\u00e9risateurs. <a href=\"https:\/\/www.stihl.de\/de\/p\/spruehgeraete-spritzgeraete-spritzgeraet-sg-21-67885\"><b>STIHL SG 21<\/b><\/a> e <a href=\"https:\/\/www.stihl.de\/de\/p\/spruehgeraete-spritzgeraete-spritzgeraet-sg-31-2109\"><b>STIHL SG 31<\/b><\/a> et avec le <a href=\"https:\/\/www.stihl.de\/de\/ap\/druckwasserbehaelter-11444?aID=00006706000\"><b>r\u00e9servoir d&#8217;eau sous pression<\/b><\/a> R\u00e9servoir d&#8217;eau sous pression manuel STIHL pour l&#8217;alimentation mobile en eau des tron\u00e7onneuses.<\/p>\n<p>Dans notre aper\u00e7u des <a href=\"https:\/\/www.stihl.de\/de\/technologie\/akku-technologie\/laufzeiten-ladezeiten\"><b>temps d&#8217;utilisation et de charge de la batterie<\/b><\/a> tu peux voir combien de temps tu peux travailler avec ton pulv\u00e9risateur \u00e0 batterie STIHL SGA 30 et combien de temps il faut pour recharger la batterie utilis\u00e9e.<\/p>\n<p>Le <b>pulv\u00e9risateur sans fil STIHL SGA 30<\/b> est dot\u00e9 d&#8217;une protection test\u00e9e contre les \u00e9claboussures. Son efficacit\u00e9 est prouv\u00e9e par des tests internes stricts. Le pulv\u00e9risateur sans fil SGA 30 a \u00e9t\u00e9 certifi\u00e9 IPX4, en plus de la protection contre les \u00e9claboussures d&#8217;eau d\u00e9j\u00e0 prouv\u00e9e lors des tests internes.  <\/p>\n<p><b><strong>Remarque : la batterie AS 2 est certifi\u00e9e conforme \u00e0 la norme de protection IPX4.<\/strong><\/b><\/p>\n<p>&nbsp;<\/p>\n<p>&nbsp;<\/p>\n<table data-test-id=\"pdp-spec-tech-table\">\n<tbody>\n<tr>\n<td>Nennspannung<\/td>\n<td>11 V<\/td>\n<\/tr>\n<tr>\n<td>Syst\u00e8me Akku<\/td>\n<td>AS<\/td>\n<\/tr>\n<tr>\n<td>L&#8217;Akku de l&#8217;Empfohlener<\/td>\n<td>AS 2<\/td>\n<\/tr>\n<tr>\n<td>Ger\u00e4tegewicht ohne Akku<\/td>\n<td>2,1 kg <sup>1<!-- --><\/sup> )<\/td>\n<\/tr>\n<tr>\n<td>Beh\u00e4lterinhalt<\/td>\n<td>5 l<\/td>\n<\/tr>\n<tr>\n<td>Contenu de l&#8217;emballage<\/td>\n<td>1,3 gal<\/td>\n<\/tr>\n<tr>\n<td>Wasserdurchsatz min. <\/td>\n<td>3,4 l\/min<\/td>\n<\/tr>\n<tr>\n<td>Max. Wasserdurchsatz <\/td>\n<td>3,9 l\/min<\/td>\n<\/tr>\n<tr>\n<td>Effet d&#8217;entra\u00eenement<\/td>\n<td>1,5 &#8211; 2,5 bar<\/td>\n<\/tr>\n<tr>\n<td>IP Schutzgrad<\/td>\n<td>IP24<\/td>\n<\/tr>\n<tr>\n<td>Max. Dur\u00e9e de vie AS 2 <\/td>\n<td>30 min <sup>2)<\/sup><\/td>\n<\/tr>\n<tr>\n<td>Max. Tankf\u00fcllungen pro Akkuladung AS 2 <\/td>\n<td>7 <sup>3)<\/sup><\/td>\n<\/tr>\n<tr>\n<td>Mod\u00e8le d&#8217;appareil<\/td>\n<td>195 mm<\/td>\n<\/tr>\n<tr>\n<td>Hauteur de l&#8217;appareil<\/td>\n<td>634 mm<\/td>\n<\/tr>\n<tr>\n<td>Taille de l&#8217;appareil<\/td>\n<td>200 mm<\/td>\n<\/tr>\n<tr>\n<td>Niveau d&#8217;\u00e9coute<\/td>\n<td>70 dB(A) <sup>4)<\/sup><\/td>\n<\/tr>\n<tr>\n<td>Niveau d&#8217;\u00e9coute<\/td>\n<td>77,2 dB(A) <sup>4)<\/sup><\/td>\n<\/tr>\n<tr>\n<td>Vibrationswert rechts<\/td>\n<td>4,4 m\/s\u00b2 <sup>5)<\/sup><\/td>\n<\/tr>\n<\/tbody>\n<\/table>\n","protected":false},"excerpt":{"rendered":"<p>Pulv\u00e9risateur \u00e0 batterie SGA 30 en set avec batterie AS 2 et chargeur AL 1 : pour une distribution pratique,<\/p>\n","protected":false},"featured_media":623624,"template":"","meta":{"_seopress_robots_primary_cat":"none","_seopress_titles_title":"","_seopress_titles_desc":"","_seopress_robots_index":""},"product_brand":[3366],"product_cat":[29,499],"product_tag":[],"class_list":{"0":"post-623933","1":"product","2":"type-product","3":"status-publish","4":"has-post-thumbnail","6":"product_brand-stihl","7":"product_cat-macchinari","8":"product_cat-atomizzatori-e-irroratori","9":"sws-gruppo-macchinari-fr","10":"sws-conto-ricavi-merci-rivendita-macchinari-fr","11":"sws-gruppo-iva-iva81-fr","13":"first","14":"instock","15":"shipping-taxable","16":"purchasable","17":"product-type-simple"},"_links":{"self":[{"href":"https:\/\/lucacastelli.com\/fr\/wp-json\/wp\/v2\/product\/623933","targetHints":{"allow":["GET"]}}],"collection":[{"href":"https:\/\/lucacastelli.com\/fr\/wp-json\/wp\/v2\/product"}],"about":[{"href":"https:\/\/lucacastelli.com\/fr\/wp-json\/wp\/v2\/types\/product"}],"wp:featuredmedia":[{"embeddable":true,"href":"https:\/\/lucacastelli.com\/fr\/wp-json\/wp\/v2\/media\/623624"}],"wp:attachment":[{"href":"https:\/\/lucacastelli.com\/fr\/wp-json\/wp\/v2\/media?parent=623933"}],"wp:term":[{"taxonomy":"product_brand","embeddable":true,"href":"https:\/\/lucacastelli.com\/fr\/wp-json\/wp\/v2\/product_brand?post=623933"},{"taxonomy":"product_cat","embeddable":true,"href":"https:\/\/lucacastelli.com\/fr\/wp-json\/wp\/v2\/product_cat?post=623933"},{"taxonomy":"product_tag","embeddable":true,"href":"https:\/\/lucacastelli.com\/fr\/wp-json\/wp\/v2\/product_tag?post=623933"}],"curies":[{"name":"wp","href":"https:\/\/api.w.org\/{rel}","templated":true}]}}