{"id":623928,"date":"2025-08-20T21:05:42","date_gmt":"2025-08-20T19:05:42","guid":{"rendered":"https:\/\/lucacastelli.com\/prodotto\/stihl-wsa-40-set-reservoir-deau-a-batterie-pour-tronconneuses-mobiles-avec-batterie-as-2-et-chargeur-al-1\/"},"modified":"2025-08-20T21:05:42","modified_gmt":"2025-08-20T19:05:42","slug":"stihl-wsa-40-set-reservoir-deau-a-batterie-pour-tronconneuses-mobiles-avec-batterie-as-2-et-chargeur-al-1","status":"publish","type":"product","link":"https:\/\/lucacastelli.com\/fr\/produit\/stihl-wsa-40-set-reservoir-deau-a-batterie-pour-tronconneuses-mobiles-avec-batterie-as-2-et-chargeur-al-1\/","title":{"rendered":"STIHL WSA 40 Set R\u00e9servoir d&#8217;eau \u00e0 batterie pour tron\u00e7onneuses mobiles avec batterie AS 2 et chargeur AL 1."},"content":{"rendered":"<h2>R\u00e9servoir d&#8217;eau sans fil WSA 40 en set avec batterie AS 2 et chargeur AL 1 : alimentation en eau mobile automatique et uniforme pour les tondeuses sans fil et \u00e0 essence STIHL.<\/h2>\n<p>Gr\u00e2ce au r\u00e9servoir d&#8217;eau portatif STIHL WSA 40, il est possible de r\u00e9aliser des coupes humides propres avec la Tron\u00e7onneuses STIHL, m\u00eame sur les chantiers d\u00e9pourvus d&#8217;alimentation en eau. Pour une utilisation professionnelle dans les domaines du jardinage et de l&#8217;am\u00e9nagement paysager, de la construction, du g\u00e9nie civil et de la construction de routes. La pompe \u00e0 air comprim\u00e9 robuste assure une alimentation en eau r\u00e9guli\u00e8re pendant toute la dur\u00e9e de vie de la batterie. L&#8217;eau lie les particules de poussi\u00e8re et refroidit en m\u00eame temps le disque de coupe.   <\/p>\n<p>En plus du r\u00e9servoir d&#8217;eau robuste d&#8217;une capacit\u00e9 de 10 l, de l&#8217;indicateur de niveau, de la soupape de surpression, du tuyau d&#8217;eau de 4 m de long avec raccord standard et de la t\u00eate de pompe, cet ensemble pratique comprend \u00e9galement une batterie STIHL AS 2 et un chargeur STIHL AL 1. Tu peux ainsi commencer les travaux pr\u00e9vus imm\u00e9diatement apr\u00e8s la livraison. <\/p>\n<p>Le STIHL WSA 40 est facile \u00e0 utiliser et dispose d&#8217;un r\u00e9glage progressif de la pression entre 1,5 bar et 2,5 bars pour adapter le d\u00e9bit \u00e0 des applications sp\u00e9cifiques. Lorsque le r\u00e9servoir est vide ou que la machine n&#8217;est pas utilis\u00e9e pendant une p\u00e9riode prolong\u00e9e, la WSA 40 s&#8217;\u00e9teint automatiquement. Cela permet de prolonger la dur\u00e9e de vie de la batterie. De plus, gr\u00e2ce \u00e0 l&#8217;indicateur LED de l&#8217;\u00e9tat de charge, tu peux toujours savoir pendant combien de temps la batterie est pr\u00eate \u00e0 l&#8217;emploi. La poign\u00e9e souple assure une manipulation ergonomique et un transport confortable de la WSA 40.    <\/p>\n<p>Le r\u00e9servoir d&#8217;eau sans fil STIHL WSA 40 est compatible avec toutes les tondeuses sans fil et \u00e0 essence STIHL.<\/p>\n<p>La t\u00eate de pompe STIHL PKA 30 incluse dans la livraison peut \u00e9galement \u00eatre utilis\u00e9e avec le r\u00e9servoir d&#8217;eau sous pression manuel STIHL pour l&#8217;alimentation mobile en eau des cutters, ainsi qu&#8217;avec les pulv\u00e9risateurs STIHL SG 21 et STIHL SG 31.<\/p>\n<p>Tu peux voir combien de temps tu peux travailler avec le r\u00e9servoir d&#8217;eau \u00e0 batterie STIHL WSA 40 et combien de temps il faut pour recharger la batterie en cours d&#8217;utilisation dans notre aper\u00e7u des temps d&#8217;utilisation et de charge.<\/p>\n<p>La t\u00eate de pompe PKA 30 du r\u00e9servoir d&#8217;eau \u00e0 piles WSA 40 est con\u00e7ue pour des applications professionnelles et une utilisation quotidienne, m\u00eame dans des conditions m\u00e9t\u00e9orologiques d\u00e9favorables. Elle est donc \u00e9quip\u00e9e d&#8217;une protection test\u00e9e contre les projections d&#8217;eau. Son efficacit\u00e9 est prouv\u00e9e par des tests internes stricts. La protection contre les projections d&#8217;eau d\u00e9j\u00e0 \u00e9prouv\u00e9e lors des tests internes a \u00e9t\u00e9 certifi\u00e9e en outre IPX4 pour la STIHL PKA 30   <\/p>\n<p>Remarque : la batterie AS 2 est certifi\u00e9e conforme \u00e0 la norme de protection IPX4.<\/p>\n<p>&nbsp;<\/p>\n<p>&nbsp;<\/p>\n<p>DONN\u00c9ES TECHNIQUES<\/p>\n<p>TENSION NOMINALE \/ SYST\u00c8ME DE BATTERIE [V] 10,8 (AS)<br \/>\nCAPACIT\u00c9 DU CONTENANT [L] 10<br \/>\nPOIDS SANS BATTERIE [kg] 3,1<br \/>\nPOIDS AVEC BATTERIE ET R\u00c9SERVOIR COMPLET [KG] 131<br \/>\nPRESSION MAXI [BAR] 2,5<br \/>\nR\u00e9glage de la pression [BAR] 1,5 &#8211; 2,5<br \/>\nDur\u00e9e de vie de la batterie avec AS 2 [MIN] 30<br \/>\nDimensions de l&#8217;outil (WXLxH) [mm] 260 x 218 x 745<\/p>\n","protected":false},"excerpt":{"rendered":"<p>R\u00e9servoir d&#8217;eau sans fil WSA 40 en set avec batterie AS 2 et chargeur AL 1 : alimentation en eau<\/p>\n","protected":false},"featured_media":623666,"template":"","meta":{"_seopress_robots_primary_cat":"none","_seopress_titles_title":"","_seopress_titles_desc":"","_seopress_robots_index":""},"product_brand":[3366],"product_cat":[29,495,512,496],"product_tag":[],"class_list":{"0":"post-623928","1":"product","2":"type-product","3":"status-publish","4":"has-post-thumbnail","6":"product_brand-stihl","7":"product_cat-macchinari","8":"product_cat-troncatrici-e-mototroncatrici","9":"product_cat-accessori-e-materiale-di-consumo-troncatrici-e-mototroncatrici","10":"product_cat-troncatrici","11":"sws-gruppo-macchinari-fr","12":"sws-conto-ricavi-merci-rivendita-macchinari-fr","13":"sws-gruppo-iva-iva81-fr","15":"first","16":"instock","17":"shipping-taxable","18":"purchasable","19":"product-type-simple"},"_links":{"self":[{"href":"https:\/\/lucacastelli.com\/fr\/wp-json\/wp\/v2\/product\/623928","targetHints":{"allow":["GET"]}}],"collection":[{"href":"https:\/\/lucacastelli.com\/fr\/wp-json\/wp\/v2\/product"}],"about":[{"href":"https:\/\/lucacastelli.com\/fr\/wp-json\/wp\/v2\/types\/product"}],"wp:featuredmedia":[{"embeddable":true,"href":"https:\/\/lucacastelli.com\/fr\/wp-json\/wp\/v2\/media\/623666"}],"wp:attachment":[{"href":"https:\/\/lucacastelli.com\/fr\/wp-json\/wp\/v2\/media?parent=623928"}],"wp:term":[{"taxonomy":"product_brand","embeddable":true,"href":"https:\/\/lucacastelli.com\/fr\/wp-json\/wp\/v2\/product_brand?post=623928"},{"taxonomy":"product_cat","embeddable":true,"href":"https:\/\/lucacastelli.com\/fr\/wp-json\/wp\/v2\/product_cat?post=623928"},{"taxonomy":"product_tag","embeddable":true,"href":"https:\/\/lucacastelli.com\/fr\/wp-json\/wp\/v2\/product_tag?post=623928"}],"curies":[{"name":"wp","href":"https:\/\/api.w.org\/{rel}","templated":true}]}}