{"id":623585,"date":"2025-08-20T20:51:06","date_gmt":"2025-08-20T18:51:06","guid":{"rendered":"https:\/\/lucacastelli.com\/?post_type=product&#038;p=623585"},"modified":"2026-04-14T04:11:24","modified_gmt":"2026-04-14T02:11:24","slug":"canvas-pfanner-en-20471-jaune-fluo-copia-copia-copia-copia","status":"publish","type":"product","link":"https:\/\/lucacastelli.com\/fr\/produit\/canvas-pfanner-en-20471-jaune-fluo-copia-copia-copia-copia\/","title":{"rendered":"PFANNER Cancool Shorts"},"content":{"rendered":"<p>Les shorts de travail Cancool convainquent par leur coupe sportive et fonctionnelle ainsi que par leurs nombreux d\u00e9tails pratiques. La poche pour m\u00e8tre n\u2019est en effet pas appliqu\u00e9e \u00e0 l\u2019ext\u00e9rieur, mais int\u00e9gr\u00e9e dans la c\u00e9l\u00e8bre poche Zipp2Zipp. Le dos rallong\u00e9 offre un confort et une protection nettement accrus lors du travail quotidien. Les shorts Cancool sont le compagnon id\u00e9al pour l\u2019agriculture et la sylviculture, la chasse (travaux de r\u00e9serve), le jardinage et l\u2019am\u00e9nagement paysager ainsi que les activit\u00e9s d\u2019atelier connexes.<br \/>\n-Technologie StretchFlex<br \/>\n-Poches fonctionnelles Zipp2Zipp des deux c\u00f4t\u00e9s<br \/>\n-Poche pour m\u00e8tre pliant<br \/>\n-Passants pour bretelles<br \/>\n-Bandes r\u00e9fl\u00e9chissantes<br \/>\n-Poches renforc\u00e9es \u00e0 l\u2019int\u00e9rieur<br \/>\n-3Con Reflex<br \/>\n-Confort \u00e9lev\u00e9   <\/p>\n<p>Mat\u00e9riau : 58 % coton, 39 % polyester, 3 % spandex<\/p>\n","protected":false},"excerpt":{"rendered":"<p>Les shorts de travail Cancool convainquent par leur coupe sportive et fonctionnelle ainsi que par leurs nombreux d\u00e9tails pratiques. La<\/p>\n","protected":false},"featured_media":622391,"template":"","meta":{"_seopress_robots_primary_cat":"none","_seopress_titles_title":"","_seopress_titles_desc":"","_seopress_robots_index":""},"product_brand":[3458],"product_cat":[21,284],"product_tag":[],"class_list":{"0":"post-623585","1":"product","2":"type-product","3":"status-publish","4":"has-post-thumbnail","6":"product_brand-pfanner","7":"product_cat-abbigliamento","8":"product_cat-abbigliamento-da-lavoro","9":"sws-gruppo-no-gruppo-fr","10":"sws-conto-ricavi-merci-rivendita-abbigliamento-fr","11":"sws-gruppo-iva-iva81-fr","13":"first","14":"instock","15":"shipping-taxable","16":"purchasable","17":"product-type-variable"},"_links":{"self":[{"href":"https:\/\/lucacastelli.com\/fr\/wp-json\/wp\/v2\/product\/623585","targetHints":{"allow":["GET"]}}],"collection":[{"href":"https:\/\/lucacastelli.com\/fr\/wp-json\/wp\/v2\/product"}],"about":[{"href":"https:\/\/lucacastelli.com\/fr\/wp-json\/wp\/v2\/types\/product"}],"wp:featuredmedia":[{"embeddable":true,"href":"https:\/\/lucacastelli.com\/fr\/wp-json\/wp\/v2\/media\/622391"}],"wp:attachment":[{"href":"https:\/\/lucacastelli.com\/fr\/wp-json\/wp\/v2\/media?parent=623585"}],"wp:term":[{"taxonomy":"product_brand","embeddable":true,"href":"https:\/\/lucacastelli.com\/fr\/wp-json\/wp\/v2\/product_brand?post=623585"},{"taxonomy":"product_cat","embeddable":true,"href":"https:\/\/lucacastelli.com\/fr\/wp-json\/wp\/v2\/product_cat?post=623585"},{"taxonomy":"product_tag","embeddable":true,"href":"https:\/\/lucacastelli.com\/fr\/wp-json\/wp\/v2\/product_tag?post=623585"}],"curies":[{"name":"wp","href":"https:\/\/api.w.org\/{rel}","templated":true}]}}