{"id":623322,"date":"2025-08-20T19:58:58","date_gmt":"2025-08-20T17:58:58","guid":{"rendered":"https:\/\/lucacastelli.com\/?post_type=product&#038;p=623322"},"modified":"2026-04-14T04:12:15","modified_gmt":"2026-04-14T02:12:15","slug":"pfanner-arborist-schnittschutzhose-typ-a-copia","status":"publish","type":"product","link":"https:\/\/lucacastelli.com\/fr\/produit\/pfanner-arborist-schnittschutzhose-typ-a-copia\/","title":{"rendered":"PFANNER Arborist Pantalon TYP A"},"content":{"rendered":"<p>Le pantalon anticoupure Arborist type A avec nouvelle coupe et structure revisit\u00e9e pour une plus grande libert\u00e9 de mouvement et un poids r\u00e9duit. Le tissu respirant sur toute la partie avant emp\u00eache l&#8217;accumulation de chaleur. Le pantalon anticoupure Arborist est con\u00e7u pour les travaux d&#8217;escalade qui exigent une concentration et une attention maximales. Notre technologie StretchAIR\u00ae et KlimaAIR\u00ae a \u00e9t\u00e9 perfectionn\u00e9e pour garantir une libert\u00e9 de mouvement illimit\u00e9e dans ce pantalon. Les renforts Gladiator\u00ae Extrem sur les jambes offrent une protection optimale pour les crampons.<br \/>\nInfo<br \/>\nLa version bleue et verte a \u00e9t\u00e9 revisit\u00e9e avec SlimFit et adh\u00e8re encore davantage aux jambes. Cela r\u00e9duit encore le risque de rester accroch\u00e9 dans les branches. Gr\u00e2ce \u00e0 cette r\u00e9vision, il est possible de r\u00e9pondre encore mieux aux besoins des \u00e9lagueurs.<br \/>\nPour \u00e9viter le risque de se blesser \u00e0 l&#8217;arri\u00e8re des jambes, les pantalons de type C sont dot\u00e9s d&#8217;une protection anticoupure sur tout le p\u00e9rim\u00e8tre et peuvent \u00eatre command\u00e9s sur demande.<br \/>\n-Technologie StretchAIR\u00ae<br \/>\n-KlimaAIR\u00ae dans la zone de la ceinture<br \/>\n-Tr\u00e8s l\u00e9ger (type A)<br \/>\n-Protection anticoupure Dyneema classe 1<br \/>\n-Renforts Gladiator\u00ae Extrem pour la protection de la partie avant et int\u00e9rieure des jambes<br \/>\n-Gu\u00eatres amovibles (type A, version rouge et grise)<br \/>\n-Genoux pr\u00e9form\u00e9s<br \/>\n-Doublure int\u00e9rieure en Cocona<br \/>\n-Bandes r\u00e9fl\u00e9chissantes      <\/p>\n<p>Mat\u00e9riau :<br \/>\nTissu extensible : 92 % polyamide, 8 % \u00e9lasthanne<br \/>\nRenfort sur les genoux : 100 % polyamide<br \/>\nDoublure : 100 % polyester Cocona<br \/>\nProtection anticoupure : Avertic Engtex Pro (classe 1, 20 m\/s)<br \/>\nNormes<br \/>\nEN 381-5 classe 1 \/ type A<\/p>\n","protected":false},"excerpt":{"rendered":"<p>Le pantalon anticoupure Arborist type A avec nouvelle coupe et structure revisit\u00e9e pour une plus grande libert\u00e9 de mouvement et<\/p>\n","protected":false},"featured_media":623063,"template":"","meta":{"_seopress_robots_primary_cat":"none","_seopress_titles_title":"","_seopress_titles_desc":"","_seopress_robots_index":""},"product_brand":[3458],"product_cat":[21,284,189,190],"product_tag":[],"class_list":{"0":"post-623322","1":"product","2":"type-product","3":"status-publish","4":"has-post-thumbnail","6":"product_brand-pfanner","7":"product_cat-abbigliamento","8":"product_cat-abbigliamento-da-lavoro","9":"product_cat-abbigliamento-per-il-tempo-libero","10":"product_cat-abbigliamento-da-uomo","11":"sws-gruppo-no-gruppo-fr","12":"sws-categoria-sito-fr","13":"sws-conto-ricavi-merci-rivendita-abbigliamento-fr","14":"sws-gruppo-iva-iva81-fr","16":"first","17":"instock","18":"shipping-taxable","19":"purchasable","20":"product-type-variable","21":"has-default-attributes"},"_links":{"self":[{"href":"https:\/\/lucacastelli.com\/fr\/wp-json\/wp\/v2\/product\/623322","targetHints":{"allow":["GET"]}}],"collection":[{"href":"https:\/\/lucacastelli.com\/fr\/wp-json\/wp\/v2\/product"}],"about":[{"href":"https:\/\/lucacastelli.com\/fr\/wp-json\/wp\/v2\/types\/product"}],"wp:featuredmedia":[{"embeddable":true,"href":"https:\/\/lucacastelli.com\/fr\/wp-json\/wp\/v2\/media\/623063"}],"wp:attachment":[{"href":"https:\/\/lucacastelli.com\/fr\/wp-json\/wp\/v2\/media?parent=623322"}],"wp:term":[{"taxonomy":"product_brand","embeddable":true,"href":"https:\/\/lucacastelli.com\/fr\/wp-json\/wp\/v2\/product_brand?post=623322"},{"taxonomy":"product_cat","embeddable":true,"href":"https:\/\/lucacastelli.com\/fr\/wp-json\/wp\/v2\/product_cat?post=623322"},{"taxonomy":"product_tag","embeddable":true,"href":"https:\/\/lucacastelli.com\/fr\/wp-json\/wp\/v2\/product_tag?post=623322"}],"curies":[{"name":"wp","href":"https:\/\/api.w.org\/{rel}","templated":true}]}}