{"id":623312,"date":"2025-08-20T19:58:58","date_gmt":"2025-08-20T17:58:58","guid":{"rendered":"https:\/\/lucacastelli.com\/?post_type=product&#038;p=623312"},"modified":"2026-04-14T04:16:27","modified_gmt":"2026-04-14T02:16:27","slug":"pfanner-globe-dexterieur-gris-copia-copia-copia-copia-3","status":"publish","type":"product","link":"https:\/\/lucacastelli.com\/fr\/produit\/pfanner-globe-dexterieur-gris-copia-copia-copia-copia-3\/","title":{"rendered":"PFANNER Arborist Pantalon TYP A"},"content":{"rendered":"<p>Le pantalon anti-coupure Arborist type A avec une nouvelle coupe et une structure revisit\u00e9e pour une plus grande libert\u00e9 de mouvement et un poids r\u00e9duit. Le tissu respirant sur toute la partie avant emp\u00eache l\u2019accumulation de chaleur. Le pantalon anti-coupure Arborist est con\u00e7u pour les travaux d\u2019\u00e9lagage n\u00e9cessitant une concentration et une attention maximales. Nos technologies StretchAIR\u00ae et KlimaAIR\u00ae ont \u00e9t\u00e9 perfectionn\u00e9es pour garantir une libert\u00e9 de mouvement illimit\u00e9e dans ce pantalon. Les renforts Gladiator\u00ae Extrem sur les jambes offrent une protection optimale contre les griffes d\u2019\u00e9lagage.<br \/>\nInfo<br \/>\nLa version bleue et verte a \u00e9t\u00e9 revisit\u00e9e avec une coupe SlimFit et adh\u00e8re encore plus aux jambes. Cela r\u00e9duit davantage le risque de rester accroch\u00e9 aux branches. Gr\u00e2ce \u00e0 cette r\u00e9vision, il est possible de mieux r\u00e9pondre aux besoins des \u00e9lagueurs.<br \/>\nPour \u00e9viter tout risque de blessure \u00e0 l\u2019arri\u00e8re des jambes, le pantalon de type C est dot\u00e9 d\u2019une protection anti-coupure sur tout le pourtour et peut \u00eatre command\u00e9 sur demande.<br \/>\n-Technologie StretchAIR\u00ae<br \/>\n-KlimaAIR\u00ae au niveau de la ceinture<br \/>\n-Tr\u00e8s l\u00e9ger (type A)<br \/>\n-Protection anti-coupure Dyneema classe 1<br \/>\n-Renforts Gladiator\u00ae Extrem pour la protection de la partie avant et int\u00e9rieure des jambes<br \/>\n-Gu\u00eatres amovibles (type A, version rouge et grise)<br \/>\n-Genoux pr\u00e9form\u00e9s<br \/>\n-Doublure int\u00e9rieure en Cocona<br \/>\n-Bandes r\u00e9fl\u00e9chissantes      <\/p>\n<p>Mat\u00e9riau :<br \/>\nTissu \u00e9lastique : 92 % polyamide, 8 % \u00e9lasthanne<br \/>\nRenfort aux genoux : 100 % polyamide<br \/>\nDoublure : 100 % polyester Cocona<br \/>\nProtection anti-coupure : Avertic Engtex Pro (classe 1, 20 m\/s)<br \/>\nNormes<br \/>\nEN 381-5 classe 1 \/ type A<\/p>\n","protected":false},"excerpt":{"rendered":"<p>Le pantalon anti-coupure Arborist type A avec une nouvelle coupe et une structure revisit\u00e9e pour une plus grande libert\u00e9 de<\/p>\n","protected":false},"featured_media":623067,"template":"","meta":{"_seopress_robots_primary_cat":"none","_seopress_titles_title":"","_seopress_titles_desc":"","_seopress_robots_index":""},"product_brand":[3458],"product_cat":[21,284,189,190],"product_tag":[],"class_list":{"0":"post-623312","1":"product","2":"type-product","3":"status-publish","4":"has-post-thumbnail","6":"product_brand-pfanner","7":"product_cat-abbigliamento","8":"product_cat-abbigliamento-da-lavoro","9":"product_cat-abbigliamento-per-il-tempo-libero","10":"product_cat-abbigliamento-da-uomo","11":"sws-gruppo-no-gruppo-fr","12":"sws-categoria-sito-fr","13":"sws-conto-ricavi-merci-rivendita-abbigliamento-fr","14":"sws-gruppo-iva-iva81-fr","16":"first","17":"instock","18":"shipping-taxable","19":"purchasable","20":"product-type-variable","21":"has-default-attributes"},"_links":{"self":[{"href":"https:\/\/lucacastelli.com\/fr\/wp-json\/wp\/v2\/product\/623312","targetHints":{"allow":["GET"]}}],"collection":[{"href":"https:\/\/lucacastelli.com\/fr\/wp-json\/wp\/v2\/product"}],"about":[{"href":"https:\/\/lucacastelli.com\/fr\/wp-json\/wp\/v2\/types\/product"}],"wp:featuredmedia":[{"embeddable":true,"href":"https:\/\/lucacastelli.com\/fr\/wp-json\/wp\/v2\/media\/623067"}],"wp:attachment":[{"href":"https:\/\/lucacastelli.com\/fr\/wp-json\/wp\/v2\/media?parent=623312"}],"wp:term":[{"taxonomy":"product_brand","embeddable":true,"href":"https:\/\/lucacastelli.com\/fr\/wp-json\/wp\/v2\/product_brand?post=623312"},{"taxonomy":"product_cat","embeddable":true,"href":"https:\/\/lucacastelli.com\/fr\/wp-json\/wp\/v2\/product_cat?post=623312"},{"taxonomy":"product_tag","embeddable":true,"href":"https:\/\/lucacastelli.com\/fr\/wp-json\/wp\/v2\/product_tag?post=623312"}],"curies":[{"name":"wp","href":"https:\/\/api.w.org\/{rel}","templated":true}]}}