{"id":622833,"date":"2025-08-20T19:24:22","date_gmt":"2025-08-20T17:24:22","guid":{"rendered":"https:\/\/lucacastelli.com\/?post_type=product&#038;p=622833"},"modified":"2026-04-14T04:12:41","modified_gmt":"2026-04-14T02:12:41","slug":"pfanner-globe-dexterieur-gris-copia-copia-4","status":"publish","type":"product","link":"https:\/\/lucacastelli.com\/fr\/produit\/pfanner-globe-dexterieur-gris-copia-copia-4\/","title":{"rendered":"Concept Outdoorhose Pfanner"},"content":{"rendered":"<p>Le pantalon Concept Outdoor est extr\u00eamement l\u00e9ger mais r\u00e9sistant. Comme tous les produits Pfanner, il garantit une respirabilit\u00e9 et une libert\u00e9 de mouvement maximales gr\u00e2ce \u00e0 la technologie StretchAIR\u00ae. C\u2019est pourquoi le pantalon Concept est particuli\u00e8rement adapt\u00e9 aux longues randonn\u00e9es et \u00e0 l\u2019escalade. Le renfort en Kevlar \u00e0 l\u2019int\u00e9rieur des chevilles prot\u00e8ge le pantalon de l\u2019usure. La structure innovante des passants de ceinture garantit un ajustement parfait, m\u00eame avec une ceinture.<br \/>\n-Technologie StretchAIR\u00ae<br \/>\n-Syst\u00e8me de poches Zipp2Zipp\u00ae<br \/>\n-Genoux pr\u00e9form\u00e9s<br \/>\n-Passants de ceinture innovants (largeur maximale de la ceinture 3 cm)<br \/>\n&#8211; Renfort en Kevlar \u00e0 l\u2019int\u00e9rieur des chevilles<br \/>\n&#8211; Tr\u00e8s l\u00e9ger, seulement 430 g en taille M<br \/>\n&#8211; D\u00e9perlant \u00e0 l\u2019eau et \u00e0 la salet\u00e9<br \/>\n&#8211; Tr\u00e8s l\u00e9ger, tout en \u00e9tant tr\u00e8s r\u00e9sistant    <\/p>\n<p>Mati\u00e8re : 89 % polyamide, 11 % \u00e9lasthanne<\/p>\n","protected":false},"excerpt":{"rendered":"<p>Le pantalon Concept Outdoor est extr\u00eamement l\u00e9ger mais r\u00e9sistant. Comme tous les produits Pfanner, il garantit une respirabilit\u00e9 et une<\/p>\n","protected":false},"featured_media":622698,"template":"","meta":{"_seopress_robots_primary_cat":"none","_seopress_titles_title":"","_seopress_titles_desc":"","_seopress_robots_index":""},"product_brand":[3458],"product_cat":[21,284,189,190],"product_tag":[],"class_list":{"0":"post-622833","1":"product","2":"type-product","3":"status-publish","4":"has-post-thumbnail","6":"product_brand-pfanner","7":"product_cat-abbigliamento","8":"product_cat-abbigliamento-da-lavoro","9":"product_cat-abbigliamento-per-il-tempo-libero","10":"product_cat-abbigliamento-da-uomo","11":"sws-gruppo-no-gruppo-fr","12":"sws-conto-ricavi-merci-rivendita-abbigliamento-fr","13":"sws-gruppo-iva-iva81-fr","15":"first","16":"instock","17":"shipping-taxable","18":"purchasable","19":"product-type-variable","20":"has-default-attributes"},"_links":{"self":[{"href":"https:\/\/lucacastelli.com\/fr\/wp-json\/wp\/v2\/product\/622833","targetHints":{"allow":["GET"]}}],"collection":[{"href":"https:\/\/lucacastelli.com\/fr\/wp-json\/wp\/v2\/product"}],"about":[{"href":"https:\/\/lucacastelli.com\/fr\/wp-json\/wp\/v2\/types\/product"}],"wp:featuredmedia":[{"embeddable":true,"href":"https:\/\/lucacastelli.com\/fr\/wp-json\/wp\/v2\/media\/622698"}],"wp:attachment":[{"href":"https:\/\/lucacastelli.com\/fr\/wp-json\/wp\/v2\/media?parent=622833"}],"wp:term":[{"taxonomy":"product_brand","embeddable":true,"href":"https:\/\/lucacastelli.com\/fr\/wp-json\/wp\/v2\/product_brand?post=622833"},{"taxonomy":"product_cat","embeddable":true,"href":"https:\/\/lucacastelli.com\/fr\/wp-json\/wp\/v2\/product_cat?post=622833"},{"taxonomy":"product_tag","embeddable":true,"href":"https:\/\/lucacastelli.com\/fr\/wp-json\/wp\/v2\/product_tag?post=622833"}],"curies":[{"name":"wp","href":"https:\/\/api.w.org\/{rel}","templated":true}]}}