{"id":622652,"date":"2025-08-20T19:06:54","date_gmt":"2025-08-20T17:06:54","guid":{"rendered":"https:\/\/lucacastelli.com\/?post_type=product&#038;p=622652"},"modified":"2026-04-14T04:16:24","modified_gmt":"2026-04-14T02:16:24","slug":"pfanner-globe-dexterieur-gris-copia-2","status":"publish","type":"product","link":"https:\/\/lucacastelli.com\/fr\/produit\/pfanner-globe-dexterieur-gris-copia-2\/","title":{"rendered":"Concept Outdoorhose Pfanner"},"content":{"rendered":"<p>Les pantalons Concept Outdoor sont extr\u00eamement l\u00e9gers mais r\u00e9sistants. Comme tous les produits Pfanner, ils garantissent une respirabilit\u00e9 et une libert\u00e9 de mouvement maximales gr\u00e2ce \u00e0 la technologie StretchAIR\u00ae. C\u2019est pourquoi les pantalons Concept sont particuli\u00e8rement adapt\u00e9s aux longues randonn\u00e9es et \u00e0 l\u2019escalade. Le renfort en Kevlar \u00e0 l\u2019int\u00e9rieur des chevilles prot\u00e8ge le pantalon de l\u2019usure. La structure innovante des passants de ceinture garantit un ajustement parfait, m\u00eame avec une ceinture.<br \/>\n-Technologie StretchAIR\u00ae<br \/>\n-Syst\u00e8me de poches Zipp2Zipp\u00ae<br \/>\n-Genoux pr\u00e9form\u00e9s<br \/>\n-Passants de ceinture innovants (\u00e9paisseur maximale de la ceinture 3 cm)<br \/>\n&#8211; Renfort en Kevlar \u00e0 l\u2019int\u00e9rieur des chevilles<br \/>\n&#8211; Tr\u00e8s l\u00e9gers, seulement 430 g en taille M<br \/>\n&#8211; D\u00e9perlants \u00e0 l\u2019humidit\u00e9 et \u00e0 la salet\u00e9<br \/>\n&#8211; Tr\u00e8s l\u00e9gers, mais n\u00e9anmoins tr\u00e8s r\u00e9sistants    <\/p>\n<p>Mat\u00e9riau : 89 % polyamide, 11 % \u00e9lasthanne<\/p>\n","protected":false},"excerpt":{"rendered":"<p>Les pantalons Concept Outdoor sont extr\u00eamement l\u00e9gers mais r\u00e9sistants. Comme tous les produits Pfanner, ils garantissent une respirabilit\u00e9 et une<\/p>\n","protected":false},"featured_media":622702,"template":"","meta":{"_seopress_robots_primary_cat":"none","_seopress_titles_title":"","_seopress_titles_desc":"","_seopress_robots_index":""},"product_brand":[3458],"product_cat":[21,284,189,190],"product_tag":[],"class_list":{"0":"post-622652","1":"product","2":"type-product","3":"status-publish","4":"has-post-thumbnail","6":"product_brand-pfanner","7":"product_cat-abbigliamento","8":"product_cat-abbigliamento-da-lavoro","9":"product_cat-abbigliamento-per-il-tempo-libero","10":"product_cat-abbigliamento-da-uomo","11":"sws-gruppo-no-gruppo-fr","12":"sws-conto-ricavi-merci-rivendita-abbigliamento-fr","13":"sws-gruppo-iva-iva81-fr","15":"first","16":"instock","17":"shipping-taxable","18":"purchasable","19":"product-type-variable","20":"has-default-attributes"},"_links":{"self":[{"href":"https:\/\/lucacastelli.com\/fr\/wp-json\/wp\/v2\/product\/622652","targetHints":{"allow":["GET"]}}],"collection":[{"href":"https:\/\/lucacastelli.com\/fr\/wp-json\/wp\/v2\/product"}],"about":[{"href":"https:\/\/lucacastelli.com\/fr\/wp-json\/wp\/v2\/types\/product"}],"wp:featuredmedia":[{"embeddable":true,"href":"https:\/\/lucacastelli.com\/fr\/wp-json\/wp\/v2\/media\/622702"}],"wp:attachment":[{"href":"https:\/\/lucacastelli.com\/fr\/wp-json\/wp\/v2\/media?parent=622652"}],"wp:term":[{"taxonomy":"product_brand","embeddable":true,"href":"https:\/\/lucacastelli.com\/fr\/wp-json\/wp\/v2\/product_brand?post=622652"},{"taxonomy":"product_cat","embeddable":true,"href":"https:\/\/lucacastelli.com\/fr\/wp-json\/wp\/v2\/product_cat?post=622652"},{"taxonomy":"product_tag","embeddable":true,"href":"https:\/\/lucacastelli.com\/fr\/wp-json\/wp\/v2\/product_tag?post=622652"}],"curies":[{"name":"wp","href":"https:\/\/api.w.org\/{rel}","templated":true}]}}