{"id":622279,"date":"2025-08-20T18:35:36","date_gmt":"2025-08-20T16:35:36","guid":{"rendered":"https:\/\/lucacastelli.com\/?post_type=product&#038;p=622279"},"modified":"2026-04-14T04:13:57","modified_gmt":"2026-04-14T02:13:57","slug":"canvas-pfanner-en-20471-jaune-fluo-copia-copia-copia","status":"publish","type":"product","link":"https:\/\/lucacastelli.com\/fr\/produit\/canvas-pfanner-en-20471-jaune-fluo-copia-copia-copia\/","title":{"rendered":"PFANNER Cancool Shorts"},"content":{"rendered":"<p>Le short de travail Cancool convainc gr\u00e2ce \u00e0 sa coupe sportive et fonctionnelle et \u00e0 ses nombreux d\u00e9tails pratiques. La poche m\u00e8tre n&#8217;est pas appliqu\u00e9e \u00e0 l&#8217;ext\u00e9rieur, mais int\u00e9gr\u00e9e dans la poche Zipp2Zipp d\u00e9j\u00e0 connue. Le dos allong\u00e9 offre un confort et une protection nettement sup\u00e9rieurs lors du travail quotidien. Le short Cancool est le compagnon parfait pour l&#8217;agriculture et la sylviculture, la chasse (travaux de r\u00e9serve), le jardinage et l&#8217;am\u00e9nagement paysager ainsi que les activit\u00e9s d&#8217;atelier associ\u00e9es.<br \/>\n-Technologie StretchFlex<br \/>\n-Poches fonctionnelles Zipp2Zipp des deux c\u00f4t\u00e9s<br \/>\n-Poche m\u00e8tre pliable<br \/>\n-Passants pour bretelles<br \/>\n-Bandes r\u00e9fl\u00e9chissantes<br \/>\n-Poches renforc\u00e9es \u00e0 l&#8217;int\u00e9rieur<br \/>\n-3Con Reflex<br \/>\n-Confort \u00e9lev\u00e9   <\/p>\n<p>Mati\u00e8re : 58 % coton, 39 % polyester, 3 % spandex<\/p>\n","protected":false},"excerpt":{"rendered":"<p>Le short de travail Cancool convainc gr\u00e2ce \u00e0 sa coupe sportive et fonctionnelle et \u00e0 ses nombreux d\u00e9tails pratiques. La<\/p>\n","protected":false},"featured_media":622395,"template":"","meta":{"_seopress_robots_primary_cat":"none","_seopress_titles_title":"","_seopress_titles_desc":"","_seopress_robots_index":""},"product_brand":[3669],"product_cat":[81,1381],"product_tag":[],"class_list":{"0":"post-622279","1":"product","2":"type-product","3":"status-publish","4":"has-post-thumbnail","6":"product_brand-pfanner-fr","7":"product_cat-vetements","8":"product_cat-vetements-de-travail","9":"sws-gruppo-no-gruppo-fr","10":"sws-conto-ricavi-merci-rivendita-abbigliamento-fr","11":"sws-gruppo-iva-iva81-fr","13":"first","14":"instock","15":"shipping-taxable","16":"purchasable","17":"product-type-variable","18":"has-default-attributes"},"_links":{"self":[{"href":"https:\/\/lucacastelli.com\/fr\/wp-json\/wp\/v2\/product\/622279","targetHints":{"allow":["GET"]}}],"collection":[{"href":"https:\/\/lucacastelli.com\/fr\/wp-json\/wp\/v2\/product"}],"about":[{"href":"https:\/\/lucacastelli.com\/fr\/wp-json\/wp\/v2\/types\/product"}],"wp:featuredmedia":[{"embeddable":true,"href":"https:\/\/lucacastelli.com\/fr\/wp-json\/wp\/v2\/media\/622395"}],"wp:attachment":[{"href":"https:\/\/lucacastelli.com\/fr\/wp-json\/wp\/v2\/media?parent=622279"}],"wp:term":[{"taxonomy":"product_brand","embeddable":true,"href":"https:\/\/lucacastelli.com\/fr\/wp-json\/wp\/v2\/product_brand?post=622279"},{"taxonomy":"product_cat","embeddable":true,"href":"https:\/\/lucacastelli.com\/fr\/wp-json\/wp\/v2\/product_cat?post=622279"},{"taxonomy":"product_tag","embeddable":true,"href":"https:\/\/lucacastelli.com\/fr\/wp-json\/wp\/v2\/product_tag?post=622279"}],"curies":[{"name":"wp","href":"https:\/\/api.w.org\/{rel}","templated":true}]}}