{"id":622082,"date":"2025-08-17T17:14:10","date_gmt":"2025-08-17T15:14:10","guid":{"rendered":"https:\/\/lucacastelli.com\/prodotto\/veste-polaire-pfanner-en-20471\/"},"modified":"2026-04-14T13:14:53","modified_gmt":"2026-04-14T11:14:53","slug":"veste-polaire-pfanner-en-20471","status":"publish","type":"product","link":"https:\/\/lucacastelli.com\/fr\/produit\/veste-polaire-pfanner-en-20471\/","title":{"rendered":"Veste en polaire PFANNER EN 20471"},"content":{"rendered":"<p>La veste en polaire Zipp2Zipp\u00ae Jobby\u00aeColour se distingue par ses \u00e9paules imperm\u00e9ables et son tissu coupe-vent cousu \u00e0 l\u2019int\u00e9rieur, ce qui la rend adapt\u00e9e \u00e0 toutes les saisons. Le syst\u00e8me de poches brevet\u00e9 Zipp2Zipp\u00ae permet de ranger facilement t\u00e9l\u00e9phone portable, bloc-notes et stylos. La poche int\u00e9rieure offre un espace suppl\u00e9mentaire. De plus, il est possible d\u2019utiliser le syst\u00e8me KlimaAIR\u00ae avec fermeture velcro pour optimiser les propri\u00e9t\u00e9s isolantes de la veste.<br \/>\n-EN 20471 \/ Classe 2<br \/>\n-Syst\u00e8me de poches Zipp2Zipp\u00ae<br \/>\n-Polaire douce et confortable<br \/>\n-Coupe-vent<br \/>\n-Renfort imperm\u00e9able sur les \u00e9paules<br \/>\n-Doublure en maille \u00e9lastique<br \/>\n-Bandes r\u00e9fl\u00e9chissantes sur tout le v\u00eatement pour une bonne visibilit\u00e9<br \/>\n-Insert KlimaAIR\u00ae amovible (en option)<br \/>\n-Poche int\u00e9rieure<br \/>\n-3CON\u00ae r\u00e9fl\u00e9chissant   <\/p>\n<p>&nbsp;<\/p>\n<p>Mat\u00e9riau :<br \/>\nMat\u00e9riau ext\u00e9rieur : 100 % polyester<br \/>\nDoublure : 100 % polyester<br \/>\nNormes :<br \/>\nEN 20471 \/ Classe 2<\/p>\n","protected":false},"excerpt":{"rendered":"<p>La veste en polaire Zipp2Zipp\u00ae Jobby\u00aeColour se distingue par ses \u00e9paules imperm\u00e9ables et son tissu coupe-vent cousu \u00e0 l\u2019int\u00e9rieur, ce<\/p>\n","protected":false},"featured_media":615007,"template":"","meta":{"_seopress_robots_primary_cat":"none","_seopress_titles_title":"","_seopress_titles_desc":"","_seopress_robots_index":""},"product_brand":[3458],"product_cat":[21,284,189,190],"product_tag":[],"class_list":{"0":"post-622082","1":"product","2":"type-product","3":"status-publish","4":"has-post-thumbnail","6":"product_brand-pfanner","7":"product_cat-abbigliamento","8":"product_cat-abbigliamento-da-lavoro","9":"product_cat-abbigliamento-per-il-tempo-libero","10":"product_cat-abbigliamento-da-uomo","11":"sws-gruppo-no-gruppo-fr","12":"sws-conto-ricavi-merci-rivendita-abbigliamento-fr","13":"sws-gruppo-iva-iva81-fr","15":"first","16":"instock","17":"shipping-taxable","18":"purchasable","19":"product-type-variable","20":"has-default-attributes"},"_links":{"self":[{"href":"https:\/\/lucacastelli.com\/fr\/wp-json\/wp\/v2\/product\/622082","targetHints":{"allow":["GET"]}}],"collection":[{"href":"https:\/\/lucacastelli.com\/fr\/wp-json\/wp\/v2\/product"}],"about":[{"href":"https:\/\/lucacastelli.com\/fr\/wp-json\/wp\/v2\/types\/product"}],"wp:featuredmedia":[{"embeddable":true,"href":"https:\/\/lucacastelli.com\/fr\/wp-json\/wp\/v2\/media\/615007"}],"wp:attachment":[{"href":"https:\/\/lucacastelli.com\/fr\/wp-json\/wp\/v2\/media?parent=622082"}],"wp:term":[{"taxonomy":"product_brand","embeddable":true,"href":"https:\/\/lucacastelli.com\/fr\/wp-json\/wp\/v2\/product_brand?post=622082"},{"taxonomy":"product_cat","embeddable":true,"href":"https:\/\/lucacastelli.com\/fr\/wp-json\/wp\/v2\/product_cat?post=622082"},{"taxonomy":"product_tag","embeddable":true,"href":"https:\/\/lucacastelli.com\/fr\/wp-json\/wp\/v2\/product_tag?post=622082"}],"curies":[{"name":"wp","href":"https:\/\/api.w.org\/{rel}","templated":true}]}}