{"id":622050,"date":"2025-08-09T19:50:02","date_gmt":"2025-08-09T17:50:02","guid":{"rendered":"https:\/\/lucacastelli.com\/prodotto\/milwaukee-packout-thermoforme\/"},"modified":"2025-08-09T19:50:02","modified_gmt":"2025-08-09T17:50:02","slug":"milwaukee-packout-thermoforme","status":"publish","type":"product","link":"https:\/\/lucacastelli.com\/fr\/produit\/milwaukee-packout-thermoforme\/","title":{"rendered":"MILWAUKEE PACKOUT Thermoform\u00e9"},"content":{"rendered":"<p>\u00c9PONGES THERMOFORM\u00c9ES DE HAUTE DENSIT\u00c9<br \/>\nEnti\u00e8rement personnalisable : l&#8217;insert en mousse te permet de personnaliser compl\u00e8tement l&#8217;espace de rangement en d\u00e9coupant l&#8217;\u00e9ponge pour le rangement des outils;Construction robuste pour augmenter la protection des outils;Optimis\u00e9 pour le rangement de tous les types d&#8217;outils;Conception adapt\u00e9e \u00e0 la bo\u00eete \u00e0 outils (4932464079), \u00e0 la grande bo\u00eete \u00e0 outils (4932464080)<\/p>\n<p> 4058546290566.<\/p>\n","protected":false},"excerpt":{"rendered":"<p>MOUSSE HAUTE DENSIT\u00c9 THERMOFORM\u00c9E<\/p>\n","protected":false},"featured_media":536651,"template":"","meta":{"_seopress_robots_primary_cat":"","_seopress_titles_title":"","_seopress_titles_desc":"","_seopress_robots_index":""},"product_brand":[3407],"product_cat":[5416,33],"product_tag":[3270],"class_list":{"0":"post-622050","1":"product","2":"type-product","3":"status-publish","4":"has-post-thumbnail","6":"product_brand-milwaukee","7":"product_cat-utensili-per-officina","8":"product_cat-attrezzature","9":"product_tag-import-milwau","10":"sws-conto-ricavi-merci-rivendita-macchinari-fr","11":"sws-gruppo-iva-iva81-fr","13":"first","14":"onbackorder","15":"sale","16":"shipping-taxable","17":"purchasable","18":"product-type-simple"},"_links":{"self":[{"href":"https:\/\/lucacastelli.com\/fr\/wp-json\/wp\/v2\/product\/622050","targetHints":{"allow":["GET"]}}],"collection":[{"href":"https:\/\/lucacastelli.com\/fr\/wp-json\/wp\/v2\/product"}],"about":[{"href":"https:\/\/lucacastelli.com\/fr\/wp-json\/wp\/v2\/types\/product"}],"wp:featuredmedia":[{"embeddable":true,"href":"https:\/\/lucacastelli.com\/fr\/wp-json\/wp\/v2\/media\/536651"}],"wp:attachment":[{"href":"https:\/\/lucacastelli.com\/fr\/wp-json\/wp\/v2\/media?parent=622050"}],"wp:term":[{"taxonomy":"product_brand","embeddable":true,"href":"https:\/\/lucacastelli.com\/fr\/wp-json\/wp\/v2\/product_brand?post=622050"},{"taxonomy":"product_cat","embeddable":true,"href":"https:\/\/lucacastelli.com\/fr\/wp-json\/wp\/v2\/product_cat?post=622050"},{"taxonomy":"product_tag","embeddable":true,"href":"https:\/\/lucacastelli.com\/fr\/wp-json\/wp\/v2\/product_tag?post=622050"}],"curies":[{"name":"wp","href":"https:\/\/api.w.org\/{rel}","templated":true}]}}