{"id":622046,"date":"2025-08-09T19:49:59","date_gmt":"2025-08-09T17:49:59","guid":{"rendered":"https:\/\/lucacastelli.com\/prodotto\/milwaukee-packout-thermoforme-jeu-de-douilles-3-8-et-cles-mixtes-55-pieces\/"},"modified":"2025-08-09T19:49:59","modified_gmt":"2025-08-09T17:49:59","slug":"milwaukee-packout-thermoforme-jeu-de-douilles-3-8-et-cles-mixtes-55-pieces","status":"publish","type":"product","link":"https:\/\/lucacastelli.com\/fr\/produit\/milwaukee-packout-thermoforme-jeu-de-douilles-3-8-et-cles-mixtes-55-pieces\/","title":{"rendered":"MILWAUKEE PACKOUT thermoform\u00e9 jeu de douilles 3\/8&#8221; et cl\u00e9s mixtes &#8211; 55 pi\u00e8ces."},"content":{"rendered":"<p>JEU DE CRICS ET DE DOUILLES 3\/8 THERMOF PACKOUT<br \/>\nM\u00e9canisme \u00e0 cliquet avec 90 dents et un arc de r\u00e9cup\u00e9ration de 4\u00b0 (pour un meilleur travail dans les espaces confin\u00e9s) ;Les douilles ont quatre c\u00f4t\u00e9s plats pour assurer l&#8217;anti-roulement, \u00e9galement pour l&#8217;utilisation de la cl\u00e9 et une meilleure prise pour le serrage \u00e0 la main ;Le cliquet offre un arc de r\u00e9cup\u00e9ration de 2,5\u00b0 et un nombre de dents de 144 pour une meilleure fonctionnalit\u00e9 dans les espaces confin\u00e9s.;Les cl\u00e9s offrent une prise ouverte MAXBITE\u2122 avec jusqu&#8217;\u00e0 25 % de couple en plus et une meilleure prise sur les boulons arrondis ;Les cl\u00e9s hexagonales et torx pliables permettent un acc\u00e8s facile et une meilleure solution de rangement ;La poign\u00e9e ergonomique offre une prise en main confortable et s\u00fbre ;Mousse de premi\u00e8re qualit\u00e9 pour une durabilit\u00e9 accrue. Gabarits d\u00e9coup\u00e9s au laser, fond rouge pour une identification rapide des outils manquants.<\/p>\n<p>4932493640<br \/>\n4058546485115<\/p>\n","protected":false},"excerpt":{"rendered":"<p>JEU DE CRICS ET DE DOUILLES 3\/8 THERMOF PACKOUT<\/p>\n","protected":false},"featured_media":563038,"template":"","meta":{"_seopress_robots_primary_cat":"","_seopress_titles_title":"","_seopress_titles_desc":"","_seopress_robots_index":""},"product_brand":[3407],"product_cat":[5416,33],"product_tag":[3270],"class_list":{"0":"post-622046","1":"product","2":"type-product","3":"status-publish","4":"has-post-thumbnail","6":"product_brand-milwaukee","7":"product_cat-utensili-per-officina","8":"product_cat-attrezzature","9":"product_tag-import-milwau","10":"sws-conto-ricavi-merci-rivendita-macchinari-fr","11":"sws-gruppo-iva-iva81-fr","13":"first","14":"onbackorder","15":"sale","16":"shipping-taxable","17":"purchasable","18":"product-type-simple"},"_links":{"self":[{"href":"https:\/\/lucacastelli.com\/fr\/wp-json\/wp\/v2\/product\/622046","targetHints":{"allow":["GET"]}}],"collection":[{"href":"https:\/\/lucacastelli.com\/fr\/wp-json\/wp\/v2\/product"}],"about":[{"href":"https:\/\/lucacastelli.com\/fr\/wp-json\/wp\/v2\/types\/product"}],"wp:featuredmedia":[{"embeddable":true,"href":"https:\/\/lucacastelli.com\/fr\/wp-json\/wp\/v2\/media\/563038"}],"wp:attachment":[{"href":"https:\/\/lucacastelli.com\/fr\/wp-json\/wp\/v2\/media?parent=622046"}],"wp:term":[{"taxonomy":"product_brand","embeddable":true,"href":"https:\/\/lucacastelli.com\/fr\/wp-json\/wp\/v2\/product_brand?post=622046"},{"taxonomy":"product_cat","embeddable":true,"href":"https:\/\/lucacastelli.com\/fr\/wp-json\/wp\/v2\/product_cat?post=622046"},{"taxonomy":"product_tag","embeddable":true,"href":"https:\/\/lucacastelli.com\/fr\/wp-json\/wp\/v2\/product_tag?post=622046"}],"curies":[{"name":"wp","href":"https:\/\/api.w.org\/{rel}","templated":true}]}}