{"id":622041,"date":"2025-08-09T19:49:53","date_gmt":"2025-08-09T17:49:53","guid":{"rendered":"https:\/\/lucacastelli.com\/prodotto\/milwaukee-packout-thermoforme-pour-chariot\/"},"modified":"2025-08-09T19:49:53","modified_gmt":"2025-08-09T17:49:53","slug":"milwaukee-packout-thermoforme-pour-chariot","status":"publish","type":"product","link":"https:\/\/lucacastelli.com\/fr\/produit\/milwaukee-packout-thermoforme-pour-chariot\/","title":{"rendered":"MILWAUKEE PACKOUT Thermoform\u00e9 pour chariot"},"content":{"rendered":"<p>THERMOF EN CHARIOT \u00c0 \u00c9PONGES DE HAUTE DENSIT\u00c9<br \/>\nEnti\u00e8rement personnalisable : l&#8217;insert en mousse te permet de personnaliser compl\u00e8tement l&#8217;espace de rangement en d\u00e9coupant l&#8217;\u00e9ponge pour le rangement des outils;Construction robuste pour augmenter la protection des outils;Optimis\u00e9 pour le rangement de tous les types d&#8217;outils;Con\u00e7u pour s&#8217;adapter au chariot<\/p>\n<p>4932471927<br \/>\n4058546298265.<\/p>\n","protected":false},"excerpt":{"rendered":"<p>TERMOF CHARIOT EN \u00c9PONGE HAUTE DENSIT\u00c9<\/p>\n","protected":false},"featured_media":549944,"template":"","meta":{"_seopress_robots_primary_cat":"","_seopress_titles_title":"","_seopress_titles_desc":"","_seopress_robots_index":""},"product_brand":[3658],"product_cat":[144,5417],"product_tag":[3273],"class_list":{"0":"post-622041","1":"product","2":"type-product","3":"status-publish","4":"has-post-thumbnail","6":"product_brand-milwaukee-fr","7":"product_cat-equipement","8":"product_cat-outils-pour-atelier","9":"product_tag-import-milwau-fr","10":"sws-conto-ricavi-merci-rivendita-macchinari-fr","11":"sws-gruppo-iva-iva81-fr","13":"first","14":"onbackorder","15":"sale","16":"shipping-taxable","17":"purchasable","18":"product-type-simple"},"_links":{"self":[{"href":"https:\/\/lucacastelli.com\/fr\/wp-json\/wp\/v2\/product\/622041","targetHints":{"allow":["GET"]}}],"collection":[{"href":"https:\/\/lucacastelli.com\/fr\/wp-json\/wp\/v2\/product"}],"about":[{"href":"https:\/\/lucacastelli.com\/fr\/wp-json\/wp\/v2\/types\/product"}],"wp:featuredmedia":[{"embeddable":true,"href":"https:\/\/lucacastelli.com\/fr\/wp-json\/wp\/v2\/media\/549944"}],"wp:attachment":[{"href":"https:\/\/lucacastelli.com\/fr\/wp-json\/wp\/v2\/media?parent=622041"}],"wp:term":[{"taxonomy":"product_brand","embeddable":true,"href":"https:\/\/lucacastelli.com\/fr\/wp-json\/wp\/v2\/product_brand?post=622041"},{"taxonomy":"product_cat","embeddable":true,"href":"https:\/\/lucacastelli.com\/fr\/wp-json\/wp\/v2\/product_cat?post=622041"},{"taxonomy":"product_tag","embeddable":true,"href":"https:\/\/lucacastelli.com\/fr\/wp-json\/wp\/v2\/product_tag?post=622041"}],"curies":[{"name":"wp","href":"https:\/\/api.w.org\/{rel}","templated":true}]}}