{"id":622040,"date":"2025-08-09T19:49:56","date_gmt":"2025-08-09T17:49:56","guid":{"rendered":"https:\/\/lucacastelli.com\/prodotto\/milwaukee-packout-set-hydraulique-thermoforme-8-pieces\/"},"modified":"2025-08-09T19:49:56","modified_gmt":"2025-08-09T17:49:56","slug":"milwaukee-packout-set-hydraulique-thermoforme-8-pieces","status":"publish","type":"product","link":"https:\/\/lucacastelli.com\/fr\/produit\/milwaukee-packout-set-hydraulique-thermoforme-8-pieces\/","title":{"rendered":"MILWAUKEE PACKOUT set hydraulique thermoform\u00e9 &#8211; 8 pi\u00e8ces."},"content":{"rendered":"<p>ENSEMBLE HYDRAULIQUE THERMOFORM\u00c9 POUR PACKOUT<br \/>\nPinces : m\u00e2choires \u00e0 double denture pour une prise maximale et dents durcies par induction avec denture autobloquante.;Pinces : tranchants durcis par induction pour une durabilit\u00e9 accrue.;Scie \u00e0 arc : changement de lame sans outil, jusqu&#8217;\u00e0 10 fois plus rapide.;Mini coupe-cuivre : galets chrom\u00e9s pour une durabilit\u00e9 accrue et des performances prolong\u00e9es.;Mousse de premi\u00e8re qualit\u00e9 pour une durabilit\u00e9 accrue. Gabarits d\u00e9coup\u00e9s au laser, fond rouge pour une identification rapide des outils manquants.<\/p>\n<p>4932493639<br \/>\n4058546485108<\/p>\n","protected":false},"excerpt":{"rendered":"<p>ENSEMBLE HYDRAULIQUE THERMOFORM\u00c9 POUR LE PACKOUT<\/p>\n","protected":false},"featured_media":563025,"template":"","meta":{"_seopress_robots_primary_cat":"","_seopress_titles_title":"","_seopress_titles_desc":"","_seopress_robots_index":""},"product_brand":[3407],"product_cat":[5416,33],"product_tag":[3270],"class_list":{"0":"post-622040","1":"product","2":"type-product","3":"status-publish","4":"has-post-thumbnail","6":"product_brand-milwaukee","7":"product_cat-utensili-per-officina","8":"product_cat-attrezzature","9":"product_tag-import-milwau","10":"sws-conto-ricavi-merci-rivendita-macchinari-fr","11":"sws-gruppo-iva-iva81-fr","13":"first","14":"onbackorder","15":"sale","16":"shipping-taxable","17":"purchasable","18":"product-type-simple"},"_links":{"self":[{"href":"https:\/\/lucacastelli.com\/fr\/wp-json\/wp\/v2\/product\/622040","targetHints":{"allow":["GET"]}}],"collection":[{"href":"https:\/\/lucacastelli.com\/fr\/wp-json\/wp\/v2\/product"}],"about":[{"href":"https:\/\/lucacastelli.com\/fr\/wp-json\/wp\/v2\/types\/product"}],"wp:featuredmedia":[{"embeddable":true,"href":"https:\/\/lucacastelli.com\/fr\/wp-json\/wp\/v2\/media\/563025"}],"wp:attachment":[{"href":"https:\/\/lucacastelli.com\/fr\/wp-json\/wp\/v2\/media?parent=622040"}],"wp:term":[{"taxonomy":"product_brand","embeddable":true,"href":"https:\/\/lucacastelli.com\/fr\/wp-json\/wp\/v2\/product_brand?post=622040"},{"taxonomy":"product_cat","embeddable":true,"href":"https:\/\/lucacastelli.com\/fr\/wp-json\/wp\/v2\/product_cat?post=622040"},{"taxonomy":"product_tag","embeddable":true,"href":"https:\/\/lucacastelli.com\/fr\/wp-json\/wp\/v2\/product_tag?post=622040"}],"curies":[{"name":"wp","href":"https:\/\/api.w.org\/{rel}","templated":true}]}}