{"id":622034,"date":"2025-08-09T19:49:51","date_gmt":"2025-08-09T17:49:51","guid":{"rendered":"https:\/\/lucacastelli.com\/prodotto\/milwaukee-packout-flat-trolley-chariot-plat\/"},"modified":"2025-08-09T19:49:51","modified_gmt":"2025-08-09T17:49:51","slug":"milwaukee-packout-flat-trolley-chariot-plat","status":"publish","type":"product","link":"https:\/\/lucacastelli.com\/fr\/produit\/milwaukee-packout-flat-trolley-chariot-plat\/","title":{"rendered":"MILWAUKEE PACKOUT Flat Trolley (chariot plat)"},"content":{"rendered":"<p>PACKOUT TROLLEY FLAT POUR LE TRANSPORT 1pcs<br \/>\nCapacit\u00e9 de charge de 113 kg;Roues robustes pour un transport facile avec des charges lourdes sur le chantier;Le chariot a comme parties int\u00e9grantes un syst\u00e8me de frein pour le chargement, la possibilit\u00e9 de bloquer deux roues et la possibilit\u00e9 de se connecter \u00e0 des sacs souples;Partie int\u00e9grante du syst\u00e8me de stockage PACKOUT\u2122<\/p>\n<p>4932471068<br \/>\n4058546286965.<\/p>\n","protected":false},"excerpt":{"rendered":"<p>PACKOUT TROLLEY FLAT POUR LE TRANSPORT 1pcs<\/p>\n","protected":false},"featured_media":530655,"template":"","meta":{"_seopress_robots_primary_cat":"","_seopress_titles_title":"","_seopress_titles_desc":"","_seopress_robots_index":""},"product_brand":[3407],"product_cat":[5416,33],"product_tag":[3270],"class_list":{"0":"post-622034","1":"product","2":"type-product","3":"status-publish","4":"has-post-thumbnail","6":"product_brand-milwaukee","7":"product_cat-utensili-per-officina","8":"product_cat-attrezzature","9":"product_tag-import-milwau","10":"sws-conto-ricavi-merci-rivendita-macchinari-fr","11":"sws-gruppo-iva-iva81-fr","13":"first","14":"onbackorder","15":"sale","16":"shipping-taxable","17":"purchasable","18":"product-type-simple"},"_links":{"self":[{"href":"https:\/\/lucacastelli.com\/fr\/wp-json\/wp\/v2\/product\/622034","targetHints":{"allow":["GET"]}}],"collection":[{"href":"https:\/\/lucacastelli.com\/fr\/wp-json\/wp\/v2\/product"}],"about":[{"href":"https:\/\/lucacastelli.com\/fr\/wp-json\/wp\/v2\/types\/product"}],"wp:featuredmedia":[{"embeddable":true,"href":"https:\/\/lucacastelli.com\/fr\/wp-json\/wp\/v2\/media\/530655"}],"wp:attachment":[{"href":"https:\/\/lucacastelli.com\/fr\/wp-json\/wp\/v2\/media?parent=622034"}],"wp:term":[{"taxonomy":"product_brand","embeddable":true,"href":"https:\/\/lucacastelli.com\/fr\/wp-json\/wp\/v2\/product_brand?post=622034"},{"taxonomy":"product_cat","embeddable":true,"href":"https:\/\/lucacastelli.com\/fr\/wp-json\/wp\/v2\/product_cat?post=622034"},{"taxonomy":"product_tag","embeddable":true,"href":"https:\/\/lucacastelli.com\/fr\/wp-json\/wp\/v2\/product_tag?post=622034"}],"curies":[{"name":"wp","href":"https:\/\/api.w.org\/{rel}","templated":true}]}}