{"id":622033,"date":"2025-08-09T19:49:48","date_gmt":"2025-08-09T17:49:48","guid":{"rendered":"https:\/\/lucacastelli.com\/prodotto\/milwaukee-packout-thermoforme-set-de-coupe-et-de-mesure-4-pieces\/"},"modified":"2025-08-09T19:49:48","modified_gmt":"2025-08-09T17:49:48","slug":"milwaukee-packout-thermoforme-set-de-coupe-et-de-mesure-4-pieces","status":"publish","type":"product","link":"https:\/\/lucacastelli.com\/fr\/produit\/milwaukee-packout-thermoforme-set-de-coupe-et-de-mesure-4-pieces\/","title":{"rendered":"MILWAUKEE PACKOUT thermoform\u00e9 set de coupe et de mesure &#8211; 4 pi\u00e8ces."},"content":{"rendered":"<p>ENSEMBLE DE COUPE ET DE MESURE DE THERMOFPACKOUT<br \/>\nChangement de lame sans outil, jusqu&#8217;\u00e0 10 fois plus rapide;Verrouillage m\u00e9tallique jusqu&#8217;\u00e0 4 fois plus r\u00e9sistant sur le couteau \u00e0 d\u00e9clic pour une plus grande durabilit\u00e9;Ruban adh\u00e9sif r\u00e9sistant \u00e0 la d\u00e9chirure dans les 15 premiers cm permet une durabilit\u00e9 maximale;Mousse de premi\u00e8re qualit\u00e9 pour une plus grande durabilit\u00e9. Gabarits d\u00e9coup\u00e9s au laser, fond rouge pour une identification rapide des outils manquants.<\/p>\n<p>4932493642<br \/>\n4058546485139<\/p>\n","protected":false},"excerpt":{"rendered":"<p>SET DE COUPE ET DE MESURE THERMOFPACKOUT<\/p>\n","protected":false},"featured_media":563072,"template":"","meta":{"_seopress_robots_primary_cat":"","_seopress_titles_title":"","_seopress_titles_desc":"","_seopress_robots_index":""},"product_brand":[3407],"product_cat":[5416,33],"product_tag":[3270],"class_list":{"0":"post-622033","1":"product","2":"type-product","3":"status-publish","4":"has-post-thumbnail","6":"product_brand-milwaukee","7":"product_cat-utensili-per-officina","8":"product_cat-attrezzature","9":"product_tag-import-milwau","10":"sws-conto-ricavi-merci-rivendita-macchinari-fr","11":"sws-gruppo-iva-iva81-fr","13":"first","14":"onbackorder","15":"sale","16":"shipping-taxable","17":"purchasable","18":"product-type-simple"},"_links":{"self":[{"href":"https:\/\/lucacastelli.com\/fr\/wp-json\/wp\/v2\/product\/622033","targetHints":{"allow":["GET"]}}],"collection":[{"href":"https:\/\/lucacastelli.com\/fr\/wp-json\/wp\/v2\/product"}],"about":[{"href":"https:\/\/lucacastelli.com\/fr\/wp-json\/wp\/v2\/types\/product"}],"wp:featuredmedia":[{"embeddable":true,"href":"https:\/\/lucacastelli.com\/fr\/wp-json\/wp\/v2\/media\/563072"}],"wp:attachment":[{"href":"https:\/\/lucacastelli.com\/fr\/wp-json\/wp\/v2\/media?parent=622033"}],"wp:term":[{"taxonomy":"product_brand","embeddable":true,"href":"https:\/\/lucacastelli.com\/fr\/wp-json\/wp\/v2\/product_brand?post=622033"},{"taxonomy":"product_cat","embeddable":true,"href":"https:\/\/lucacastelli.com\/fr\/wp-json\/wp\/v2\/product_cat?post=622033"},{"taxonomy":"product_tag","embeddable":true,"href":"https:\/\/lucacastelli.com\/fr\/wp-json\/wp\/v2\/product_tag?post=622033"}],"curies":[{"name":"wp","href":"https:\/\/api.w.org\/{rel}","templated":true}]}}