{"id":622028,"date":"2025-08-09T19:49:46","date_gmt":"2025-08-09T17:49:46","guid":{"rendered":"https:\/\/lucacastelli.com\/prodotto\/milwaukee-packout-sac-a-dos-rigide\/"},"modified":"2025-08-09T19:49:46","modified_gmt":"2025-08-09T17:49:46","slug":"milwaukee-packout-sac-a-dos-rigide","status":"publish","type":"product","link":"https:\/\/lucacastelli.com\/fr\/produit\/milwaukee-packout-sac-a-dos-rigide\/","title":{"rendered":"MILWAUKEE PACKOUT sac \u00e0 dos rigide."},"content":{"rendered":"<p>PACKOUT RIGID BACKPACK<br \/>\nPACKOUT RIGID BACKPACK<br \/>\nConstruit en nylon balistique 1680D et 1800D;42 poches pour une organisation optimale des outils;Capacit\u00e9 de charge de 22,7 kg;Confort maximal gr\u00e2ce au coussin dorsal et aux bretelles rembourr\u00e9s;Poign\u00e9e de transport renforc\u00e9e;Base rigide r\u00e9sistante aux chocs, prot\u00e8ge le contenu de l&#8217;eau et de la salet\u00e9;Partie int\u00e9grante du syst\u00e8me de rangement modulaire PACKOUT<\/p>\n<p>4932498633 4058546525026.<\/p>\n","protected":false},"excerpt":{"rendered":"<p>PACKOUT SAC \u00c0 DOS RIGIDE<\/p>\n","protected":false},"featured_media":592548,"template":"","meta":{"_seopress_robots_primary_cat":"","_seopress_titles_title":"","_seopress_titles_desc":"","_seopress_robots_index":""},"product_brand":[3407],"product_cat":[5416,33],"product_tag":[3270],"class_list":{"0":"post-622028","1":"product","2":"type-product","3":"status-publish","4":"has-post-thumbnail","6":"product_brand-milwaukee","7":"product_cat-utensili-per-officina","8":"product_cat-attrezzature","9":"product_tag-import-milwau","10":"sws-conto-ricavi-merci-rivendita-macchinari-fr","11":"sws-gruppo-iva-iva81-fr","13":"first","14":"onbackorder","15":"sale","16":"shipping-taxable","17":"purchasable","18":"product-type-simple"},"_links":{"self":[{"href":"https:\/\/lucacastelli.com\/fr\/wp-json\/wp\/v2\/product\/622028","targetHints":{"allow":["GET"]}}],"collection":[{"href":"https:\/\/lucacastelli.com\/fr\/wp-json\/wp\/v2\/product"}],"about":[{"href":"https:\/\/lucacastelli.com\/fr\/wp-json\/wp\/v2\/types\/product"}],"wp:featuredmedia":[{"embeddable":true,"href":"https:\/\/lucacastelli.com\/fr\/wp-json\/wp\/v2\/media\/592548"}],"wp:attachment":[{"href":"https:\/\/lucacastelli.com\/fr\/wp-json\/wp\/v2\/media?parent=622028"}],"wp:term":[{"taxonomy":"product_brand","embeddable":true,"href":"https:\/\/lucacastelli.com\/fr\/wp-json\/wp\/v2\/product_brand?post=622028"},{"taxonomy":"product_cat","embeddable":true,"href":"https:\/\/lucacastelli.com\/fr\/wp-json\/wp\/v2\/product_cat?post=622028"},{"taxonomy":"product_tag","embeddable":true,"href":"https:\/\/lucacastelli.com\/fr\/wp-json\/wp\/v2\/product_tag?post=622028"}],"curies":[{"name":"wp","href":"https:\/\/api.w.org\/{rel}","templated":true}]}}