{"id":622027,"date":"2025-08-09T19:49:49","date_gmt":"2025-08-09T17:49:49","guid":{"rendered":"https:\/\/lucacastelli.com\/prodotto\/milwaukee-packout-sac-a-dos\/"},"modified":"2025-08-09T19:49:49","modified_gmt":"2025-08-09T17:49:49","slug":"milwaukee-packout-sac-a-dos","status":"publish","type":"product","link":"https:\/\/lucacastelli.com\/fr\/produit\/milwaukee-packout-sac-a-dos\/","title":{"rendered":"MILWAUKEE PACKOUT Sac \u00e0 dos"},"content":{"rendered":"<p>PACKOUT BACKPACK 1pcs<br \/>\nPartie int\u00e9grante du syst\u00e8me de rangement modulaire PACKOUT\u2122;Construction durable, en nylon balistique 1680D;Grande capacit\u00e9 de chargement &#8211; 48 poches;Base rigide et r\u00e9sistante aux chocs qui prot\u00e8ge le contenu de l&#8217;eau et de la salet\u00e9 et permet au sac d&#8217;\u00eatre aussi stable que possible;Rembourrage dorsal, sangle de poitrine, sangle d&#8217;attache et bretelles rembourr\u00e9es pour un maximum de confort<\/p>\n<p>4932471131<br \/>\n4058546287597.<\/p>\n","protected":false},"excerpt":{"rendered":"<p>PACKOUT RACK 1pcs<\/p>\n","protected":false},"featured_media":530843,"template":"","meta":{"_seopress_robots_primary_cat":"","_seopress_titles_title":"","_seopress_titles_desc":"","_seopress_robots_index":""},"product_brand":[3407],"product_cat":[5416,33],"product_tag":[3270],"class_list":{"0":"post-622027","1":"product","2":"type-product","3":"status-publish","4":"has-post-thumbnail","6":"product_brand-milwaukee","7":"product_cat-utensili-per-officina","8":"product_cat-attrezzature","9":"product_tag-import-milwau","10":"sws-conto-ricavi-merci-rivendita-macchinari-fr","11":"sws-gruppo-iva-iva81-fr","13":"first","14":"onbackorder","15":"sale","16":"shipping-taxable","17":"purchasable","18":"product-type-simple"},"_links":{"self":[{"href":"https:\/\/lucacastelli.com\/fr\/wp-json\/wp\/v2\/product\/622027","targetHints":{"allow":["GET"]}}],"collection":[{"href":"https:\/\/lucacastelli.com\/fr\/wp-json\/wp\/v2\/product"}],"about":[{"href":"https:\/\/lucacastelli.com\/fr\/wp-json\/wp\/v2\/types\/product"}],"wp:featuredmedia":[{"embeddable":true,"href":"https:\/\/lucacastelli.com\/fr\/wp-json\/wp\/v2\/media\/530843"}],"wp:attachment":[{"href":"https:\/\/lucacastelli.com\/fr\/wp-json\/wp\/v2\/media?parent=622027"}],"wp:term":[{"taxonomy":"product_brand","embeddable":true,"href":"https:\/\/lucacastelli.com\/fr\/wp-json\/wp\/v2\/product_brand?post=622027"},{"taxonomy":"product_cat","embeddable":true,"href":"https:\/\/lucacastelli.com\/fr\/wp-json\/wp\/v2\/product_cat?post=622027"},{"taxonomy":"product_tag","embeddable":true,"href":"https:\/\/lucacastelli.com\/fr\/wp-json\/wp\/v2\/product_tag?post=622027"}],"curies":[{"name":"wp","href":"https:\/\/api.w.org\/{rel}","templated":true}]}}