{"id":622024,"date":"2025-08-09T19:44:35","date_gmt":"2025-08-09T17:44:35","guid":{"rendered":"https:\/\/lucacastelli.com\/prodotto\/milwaukee-speaker-packout-m12-avec-banque-dalimentation\/"},"modified":"2025-08-09T19:44:35","modified_gmt":"2025-08-09T17:44:35","slug":"milwaukee-speaker-packout-m12-avec-banque-dalimentation","status":"publish","type":"product","link":"https:\/\/lucacastelli.com\/fr\/produit\/milwaukee-speaker-packout-m12-avec-banque-dalimentation\/","title":{"rendered":"MILWAUKEE Speaker PACKOUT M12\u2122 avec banque d&#8217;alimentation"},"content":{"rendered":"<p>PACKOUT M12\u2122 Haut-parleur avec banque d&#8217;alimentation<br \/>\nM12 SPEJSG2-0 \/ APPAREILS AUDIO<br \/>\nEnceinte de chantier Bluetooth\u00ae, avec fonction power bank et compatibilit\u00e9 PACKOUT;Connectivit\u00e9 Bluetooth\u00ae 5.3 : fonctionne jusqu&#8217;\u00e0 60 m de distance \u00e0 partir d&#8217;un smartphone, d&#8217;un ordinateur ou d&#8217;une tablette;Son clair quel que soit le volume;Haut-parleur premium avec woofer pour des basses de qualit\u00e9;Id\u00e9al pour les petites surfaces;La fonction Audio Link permet de relier entre elles plus de 200 enceintes Milwaukee\u00ae \u00e9quip\u00e9es de cette fonction ;Possibilit\u00e9s de montage infinies gr\u00e2ce aux crochets int\u00e9gr\u00e9s, au crochet \u00e0 clou et aux trous traversants, ainsi qu&#8217;\u00e0 la base PACKOUT;M\u00e9canisme de torsion et de verrouillage pour la fixation \u00e0 toutes les enceintes PACKOUT;Prise d&#8217;alimentation USB-C s\u00e9curis\u00e9e permettant de recharger les appareils \u00e9lectroniques;Autonomie d&#8217;une journ\u00e9e de travail compl\u00e8te gr\u00e2ce \u00e0 une batterie de 5.0 Ah (M12 HB5);Fonctionne avec toutes les batteries Milwaukee M12\u2122.<\/p>\n<p>4933498433<br \/>\n4058546523022<\/p>\n","protected":false},"excerpt":{"rendered":"<p>M12 SPEJSG2-0 \/ APPAREILS AUDIO<\/p>\n","protected":false},"featured_media":590261,"template":"","meta":{"_seopress_robots_primary_cat":"","_seopress_titles_title":"","_seopress_titles_desc":"","_seopress_robots_index":""},"product_brand":[3407],"product_cat":[5416,33],"product_tag":[3270],"class_list":{"0":"post-622024","1":"product","2":"type-product","3":"status-publish","4":"has-post-thumbnail","6":"product_brand-milwaukee","7":"product_cat-utensili-per-officina","8":"product_cat-attrezzature","9":"product_tag-import-milwau","10":"sws-conto-ricavi-merci-rivendita-macchinari-fr","11":"sws-gruppo-iva-iva81-fr","13":"first","14":"onbackorder","15":"sale","16":"shipping-taxable","17":"purchasable","18":"product-type-simple"},"_links":{"self":[{"href":"https:\/\/lucacastelli.com\/fr\/wp-json\/wp\/v2\/product\/622024","targetHints":{"allow":["GET"]}}],"collection":[{"href":"https:\/\/lucacastelli.com\/fr\/wp-json\/wp\/v2\/product"}],"about":[{"href":"https:\/\/lucacastelli.com\/fr\/wp-json\/wp\/v2\/types\/product"}],"wp:featuredmedia":[{"embeddable":true,"href":"https:\/\/lucacastelli.com\/fr\/wp-json\/wp\/v2\/media\/590261"}],"wp:attachment":[{"href":"https:\/\/lucacastelli.com\/fr\/wp-json\/wp\/v2\/media?parent=622024"}],"wp:term":[{"taxonomy":"product_brand","embeddable":true,"href":"https:\/\/lucacastelli.com\/fr\/wp-json\/wp\/v2\/product_brand?post=622024"},{"taxonomy":"product_cat","embeddable":true,"href":"https:\/\/lucacastelli.com\/fr\/wp-json\/wp\/v2\/product_cat?post=622024"},{"taxonomy":"product_tag","embeddable":true,"href":"https:\/\/lucacastelli.com\/fr\/wp-json\/wp\/v2\/product_tag?post=622024"}],"curies":[{"name":"wp","href":"https:\/\/api.w.org\/{rel}","templated":true}]}}