{"id":622022,"date":"2025-08-09T19:44:32","date_gmt":"2025-08-09T17:44:32","guid":{"rendered":"https:\/\/lucacastelli.com\/prodotto\/milwaukee-packout-jeu-de-tarauds-et-de-matrices\/"},"modified":"2025-08-09T19:44:32","modified_gmt":"2025-08-09T17:44:32","slug":"milwaukee-packout-jeu-de-tarauds-et-de-matrices","status":"publish","type":"product","link":"https:\/\/lucacastelli.com\/fr\/produit\/milwaukee-packout-jeu-de-tarauds-et-de-matrices\/","title":{"rendered":"MILWAUKEE PACKOUT Jeu de tarauds et de matrices."},"content":{"rendered":"<p>PACKOUT Set de taraudage et de filetage<br \/>\nPACKOUT SET MASSES ET FILETS 38 PZ<br \/>\nLe manche Hex-LOK\u2122 2 en 1 est la solution de filetage la plus polyvalente con\u00e7ue pour les tarauds et les fili\u00e8res. Compatible avec les fili\u00e8res hexagonales de 1 pouce et le tourne-fil Milwaukee;Permet des changements rapides;Comprend des attaches de taraudage et des poign\u00e9es usin\u00e9es avec pr\u00e9cision pour les applications les plus courantes;Con\u00e7u pour \u00eatre utilis\u00e9 sur des mat\u00e9riaux m\u00e9talliques, notamment l&#8217;acier doux, le laiton et l&#8217;aluminium;Acier au carbone \u00e0 haute teneur en chrome pour une meilleure durabilit\u00e9;Tarauds et fili\u00e8res rev\u00eatus d&#8217;oxyde noir pour une meilleure r\u00e9sistance \u00e0 la corrosion;Les tarauds et les fili\u00e8res sont dot\u00e9s d&#8217;une gravure au laser pour une meilleure visibilit\u00e9. <\/p>\n<p>4932498721<br \/>\n4058546525903<\/p>\n","protected":false},"excerpt":{"rendered":"<p>PACKOUT JEU DE TARAUDS ET DE MATRICES 38 PI\u00c8CES<\/p>\n","protected":false},"featured_media":592334,"template":"","meta":{"_seopress_robots_primary_cat":"","_seopress_titles_title":"","_seopress_titles_desc":"","_seopress_robots_index":""},"product_brand":[3407],"product_cat":[5416,33],"product_tag":[3270],"class_list":{"0":"post-622022","1":"product","2":"type-product","3":"status-publish","4":"has-post-thumbnail","6":"product_brand-milwaukee","7":"product_cat-utensili-per-officina","8":"product_cat-attrezzature","9":"product_tag-import-milwau","10":"sws-conto-ricavi-merci-rivendita-macchinari-fr","11":"sws-gruppo-iva-iva81-fr","13":"first","14":"onbackorder","15":"sale","16":"shipping-taxable","17":"purchasable","18":"product-type-simple"},"_links":{"self":[{"href":"https:\/\/lucacastelli.com\/fr\/wp-json\/wp\/v2\/product\/622022","targetHints":{"allow":["GET"]}}],"collection":[{"href":"https:\/\/lucacastelli.com\/fr\/wp-json\/wp\/v2\/product"}],"about":[{"href":"https:\/\/lucacastelli.com\/fr\/wp-json\/wp\/v2\/types\/product"}],"wp:featuredmedia":[{"embeddable":true,"href":"https:\/\/lucacastelli.com\/fr\/wp-json\/wp\/v2\/media\/592334"}],"wp:attachment":[{"href":"https:\/\/lucacastelli.com\/fr\/wp-json\/wp\/v2\/media?parent=622022"}],"wp:term":[{"taxonomy":"product_brand","embeddable":true,"href":"https:\/\/lucacastelli.com\/fr\/wp-json\/wp\/v2\/product_brand?post=622022"},{"taxonomy":"product_cat","embeddable":true,"href":"https:\/\/lucacastelli.com\/fr\/wp-json\/wp\/v2\/product_cat?post=622022"},{"taxonomy":"product_tag","embeddable":true,"href":"https:\/\/lucacastelli.com\/fr\/wp-json\/wp\/v2\/product_tag?post=622022"}],"curies":[{"name":"wp","href":"https:\/\/api.w.org\/{rel}","templated":true}]}}