{"id":622021,"date":"2025-08-09T19:32:46","date_gmt":"2025-08-09T17:32:46","guid":{"rendered":"https:\/\/lucacastelli.com\/prodotto\/milwaukee-pince-a-circlips-reversible-9\/"},"modified":"2025-08-09T19:32:46","modified_gmt":"2025-08-09T17:32:46","slug":"milwaukee-pince-a-circlips-reversible-9","status":"publish","type":"product","link":"https:\/\/lucacastelli.com\/fr\/produit\/milwaukee-pince-a-circlips-reversible-9\/","title":{"rendered":"Milwaukee Pince \u00e0 circlips r\u00e9versible"},"content":{"rendered":"<p>ANNEAUX D&#8217;\u00c9LASTIQUES R\u00c9VERSIBLES PLIER MOYEN 45<br \/>\nConception antid\u00e9rapante pour une conversion plus facile et plus rapide de l&#8217;int\u00e9rieur vers l&#8217;ext\u00e9rieur;Cadran de conversion enti\u00e8rement m\u00e9tallique pour r\u00e9sister \u00e0 l&#8217;usure et emp\u00eacher la r\u00e9duction de l&#8217;int\u00e9grit\u00e9 des articulations;Poign\u00e9es antid\u00e9rapantes \u00e0 double trempage.<\/p>\n<p>4932492491<br \/>\n4058546418588<\/p>\n","protected":false},"excerpt":{"rendered":"<p>PINCE ANNEAUX \u00c9LASTIQUES R\u00c9VERSIBLES MOYEN 45<\/p>\n","protected":false},"featured_media":556803,"template":"","meta":{"_seopress_robots_primary_cat":"","_seopress_titles_title":"","_seopress_titles_desc":"","_seopress_robots_index":""},"product_brand":[3407],"product_cat":[5416,33],"product_tag":[3270],"class_list":{"0":"post-622021","1":"product","2":"type-product","3":"status-publish","4":"has-post-thumbnail","6":"product_brand-milwaukee","7":"product_cat-utensili-per-officina","8":"product_cat-attrezzature","9":"product_tag-import-milwau","10":"sws-conto-ricavi-merci-rivendita-macchinari-fr","11":"sws-gruppo-iva-iva81-fr","13":"first","14":"onbackorder","15":"sale","16":"shipping-taxable","17":"purchasable","18":"product-type-simple"},"_links":{"self":[{"href":"https:\/\/lucacastelli.com\/fr\/wp-json\/wp\/v2\/product\/622021","targetHints":{"allow":["GET"]}}],"collection":[{"href":"https:\/\/lucacastelli.com\/fr\/wp-json\/wp\/v2\/product"}],"about":[{"href":"https:\/\/lucacastelli.com\/fr\/wp-json\/wp\/v2\/types\/product"}],"wp:featuredmedia":[{"embeddable":true,"href":"https:\/\/lucacastelli.com\/fr\/wp-json\/wp\/v2\/media\/556803"}],"wp:attachment":[{"href":"https:\/\/lucacastelli.com\/fr\/wp-json\/wp\/v2\/media?parent=622021"}],"wp:term":[{"taxonomy":"product_brand","embeddable":true,"href":"https:\/\/lucacastelli.com\/fr\/wp-json\/wp\/v2\/product_brand?post=622021"},{"taxonomy":"product_cat","embeddable":true,"href":"https:\/\/lucacastelli.com\/fr\/wp-json\/wp\/v2\/product_cat?post=622021"},{"taxonomy":"product_tag","embeddable":true,"href":"https:\/\/lucacastelli.com\/fr\/wp-json\/wp\/v2\/product_tag?post=622021"}],"curies":[{"name":"wp","href":"https:\/\/api.w.org\/{rel}","templated":true}]}}