{"id":622010,"date":"2025-08-09T19:21:51","date_gmt":"2025-08-09T17:21:51","guid":{"rendered":"https:\/\/lucacastelli.com\/prodotto\/milwaukee-porte-embout-magnetique-avec-maintien-de-lembout\/"},"modified":"2025-08-09T19:21:51","modified_gmt":"2025-08-09T17:21:51","slug":"milwaukee-porte-embout-magnetique-avec-maintien-de-lembout","status":"publish","type":"product","link":"https:\/\/lucacastelli.com\/fr\/produit\/milwaukee-porte-embout-magnetique-avec-maintien-de-lembout\/","title":{"rendered":"Milwaukee Porte-embout magn\u00e9tique avec maintien de l&#8217;embout."},"content":{"rendered":"<p>SGANC MAGNETIQUE RAPIDE 152mm 1pcs<br \/>\nFormule d&#8217;acier sp\u00e9ciale con\u00e7ue et cr\u00e9\u00e9e par Milwaukee pour offrir une r\u00e9sistance accrue \u00e0 la torsion;La technologie Shockwave absorbe jusqu&#8217;\u00e0 3 fois plus de torsion;Double aimant interne pour une adh\u00e9rence maximale;Autoblocage, d\u00e9verrouillage d&#8217;une seule main;Design mince pour un acc\u00e8s facile m\u00eame dans les espaces restreints;Id\u00e9al pour les cl\u00e9s \u00e0 chocs<\/p>\n<p>4932471824<br \/>\n4058546297237.<\/p>\n","protected":false},"excerpt":{"rendered":"<p>PORTABIT MAGNETIC SGANCID 152mm 1pcs<\/p>\n","protected":false},"featured_media":537991,"template":"","meta":{"_seopress_robots_primary_cat":"","_seopress_titles_title":"","_seopress_titles_desc":"","_seopress_robots_index":""},"product_brand":[3658],"product_cat":[1555,167,1552],"product_tag":[3273],"class_list":{"0":"post-622010","1":"product","2":"type-product","3":"status-publish","4":"has-post-thumbnail","6":"product_brand-milwaukee-fr","7":"product_cat-accessoires-pour-perceuses-et-tournevis","8":"product_cat-machines","9":"product_cat-perceuses-et-tournevis","10":"product_tag-import-milwau-fr","11":"sws-conto-ricavi-merci-rivendita-macchinari-fr","12":"sws-gruppo-iva-iva81-fr","14":"first","15":"onbackorder","16":"sale","17":"shipping-taxable","18":"purchasable","19":"product-type-simple"},"_links":{"self":[{"href":"https:\/\/lucacastelli.com\/fr\/wp-json\/wp\/v2\/product\/622010","targetHints":{"allow":["GET"]}}],"collection":[{"href":"https:\/\/lucacastelli.com\/fr\/wp-json\/wp\/v2\/product"}],"about":[{"href":"https:\/\/lucacastelli.com\/fr\/wp-json\/wp\/v2\/types\/product"}],"wp:featuredmedia":[{"embeddable":true,"href":"https:\/\/lucacastelli.com\/fr\/wp-json\/wp\/v2\/media\/537991"}],"wp:attachment":[{"href":"https:\/\/lucacastelli.com\/fr\/wp-json\/wp\/v2\/media?parent=622010"}],"wp:term":[{"taxonomy":"product_brand","embeddable":true,"href":"https:\/\/lucacastelli.com\/fr\/wp-json\/wp\/v2\/product_brand?post=622010"},{"taxonomy":"product_cat","embeddable":true,"href":"https:\/\/lucacastelli.com\/fr\/wp-json\/wp\/v2\/product_cat?post=622010"},{"taxonomy":"product_tag","embeddable":true,"href":"https:\/\/lucacastelli.com\/fr\/wp-json\/wp\/v2\/product_tag?post=622010"}],"curies":[{"name":"wp","href":"https:\/\/api.w.org\/{rel}","templated":true}]}}