{"id":621991,"date":"2025-08-09T19:50:48","date_gmt":"2025-08-09T17:50:48","guid":{"rendered":"https:\/\/lucacastelli.com\/prodotto\/milwaukee-packout-organiser-avec-des-conteneurs\/"},"modified":"2025-08-09T19:50:48","modified_gmt":"2025-08-09T17:50:48","slug":"milwaukee-packout-organiser-avec-des-conteneurs","status":"publish","type":"product","link":"https:\/\/lucacastelli.com\/fr\/produit\/milwaukee-packout-organiser-avec-des-conteneurs\/","title":{"rendered":"MILWAUKEE PACKOUT\u2122 Organiser avec des conteneurs."},"content":{"rendered":"<p>PACKOUT ORGANISATEUR AVEC CONTENEURS<br \/>\nPACKOUT ORGANISATEUR AVEC CONTENEURS<br \/>\nConstruit en polym\u00e8res r\u00e9sistants aux chocs pour une durabilit\u00e9 sur le chantier;\u00c9quip\u00e9 de 8 petits et 2 grands conteneurs transparents;Les conteneurs peuvent \u00eatre inclin\u00e9s et retir\u00e9s compl\u00e8tement ;Poign\u00e9e ergonomique pour une prise en main et un transport confortables;Permet de ranger les petits objets tels que les vis, les embouts, les clous, les rondelles, les marqueurs, les couteaux;Peut \u00eatre utilis\u00e9 \u00e0 la fois sur les tours PACKOUT et sur les syst\u00e8mes muraux PACKOUT;Fait partie du syst\u00e8me de rangement modulaire PACKOUT<\/p>\n<p>4932498323<br \/>\n4058546521929.<\/p>\n","protected":false},"excerpt":{"rendered":"<p>PACKOUT ORGANISATEUR AVEC CONTENEURS<\/p>\n","protected":false},"featured_media":592486,"template":"","meta":{"_seopress_robots_primary_cat":"","_seopress_titles_title":"","_seopress_titles_desc":"","_seopress_robots_index":""},"product_brand":[3407],"product_cat":[5416,33],"product_tag":[3270],"class_list":{"0":"post-621991","1":"product","2":"type-product","3":"status-publish","4":"has-post-thumbnail","6":"product_brand-milwaukee","7":"product_cat-utensili-per-officina","8":"product_cat-attrezzature","9":"product_tag-import-milwau","10":"sws-conto-ricavi-merci-rivendita-macchinari-fr","11":"sws-gruppo-iva-iva81-fr","13":"first","14":"onbackorder","15":"sale","16":"shipping-taxable","17":"purchasable","18":"product-type-simple"},"_links":{"self":[{"href":"https:\/\/lucacastelli.com\/fr\/wp-json\/wp\/v2\/product\/621991","targetHints":{"allow":["GET"]}}],"collection":[{"href":"https:\/\/lucacastelli.com\/fr\/wp-json\/wp\/v2\/product"}],"about":[{"href":"https:\/\/lucacastelli.com\/fr\/wp-json\/wp\/v2\/types\/product"}],"wp:featuredmedia":[{"embeddable":true,"href":"https:\/\/lucacastelli.com\/fr\/wp-json\/wp\/v2\/media\/592486"}],"wp:attachment":[{"href":"https:\/\/lucacastelli.com\/fr\/wp-json\/wp\/v2\/media?parent=621991"}],"wp:term":[{"taxonomy":"product_brand","embeddable":true,"href":"https:\/\/lucacastelli.com\/fr\/wp-json\/wp\/v2\/product_brand?post=621991"},{"taxonomy":"product_cat","embeddable":true,"href":"https:\/\/lucacastelli.com\/fr\/wp-json\/wp\/v2\/product_cat?post=621991"},{"taxonomy":"product_tag","embeddable":true,"href":"https:\/\/lucacastelli.com\/fr\/wp-json\/wp\/v2\/product_tag?post=621991"}],"curies":[{"name":"wp","href":"https:\/\/api.w.org\/{rel}","templated":true}]}}