{"id":621985,"date":"2025-08-09T19:50:47","date_gmt":"2025-08-09T17:50:47","guid":{"rendered":"https:\/\/lucacastelli.com\/prodotto\/milwaukee-packout-container\/"},"modified":"2025-08-09T19:50:47","modified_gmt":"2025-08-09T17:50:47","slug":"milwaukee-packout-container","status":"publish","type":"product","link":"https:\/\/lucacastelli.com\/fr\/produit\/milwaukee-packout-container\/","title":{"rendered":"MILWAUKEE PACKOUT Container"},"content":{"rendered":"<p>PACKOUT CONTAINER 1 pc<br \/>\nPolyvalent pour le stockage \u00e0 la fois vertical et horizontal;Capacit\u00e9 de charge de 22Kg;Grande capacit\u00e9 de stockage;D&#8217;autres produits PACKOUT\u2122 peuvent \u00eatre empil\u00e9s sur le dessus;Partie int\u00e9grante du syst\u00e8me de stockage PACKOUT\u2122<\/p>\n<p>4932471724<br \/>\n4058546296230.<\/p>\n","protected":false},"excerpt":{"rendered":"<p>PACKOUT CONTAINER 1 pc<\/p>\n","protected":false},"featured_media":600363,"template":"","meta":{"_seopress_robots_primary_cat":"","_seopress_titles_title":"","_seopress_titles_desc":"","_seopress_robots_index":""},"product_brand":[3407],"product_cat":[5416,33],"product_tag":[3270],"class_list":{"0":"post-621985","1":"product","2":"type-product","3":"status-publish","4":"has-post-thumbnail","6":"product_brand-milwaukee","7":"product_cat-utensili-per-officina","8":"product_cat-attrezzature","9":"product_tag-import-milwau","10":"sws-conto-ricavi-merci-rivendita-macchinari-fr","11":"sws-gruppo-iva-iva81-fr","13":"first","14":"onbackorder","15":"sale","16":"shipping-taxable","17":"purchasable","18":"product-type-simple"},"_links":{"self":[{"href":"https:\/\/lucacastelli.com\/fr\/wp-json\/wp\/v2\/product\/621985","targetHints":{"allow":["GET"]}}],"collection":[{"href":"https:\/\/lucacastelli.com\/fr\/wp-json\/wp\/v2\/product"}],"about":[{"href":"https:\/\/lucacastelli.com\/fr\/wp-json\/wp\/v2\/types\/product"}],"wp:featuredmedia":[{"embeddable":true,"href":"https:\/\/lucacastelli.com\/fr\/wp-json\/wp\/v2\/media\/600363"}],"wp:attachment":[{"href":"https:\/\/lucacastelli.com\/fr\/wp-json\/wp\/v2\/media?parent=621985"}],"wp:term":[{"taxonomy":"product_brand","embeddable":true,"href":"https:\/\/lucacastelli.com\/fr\/wp-json\/wp\/v2\/product_brand?post=621985"},{"taxonomy":"product_cat","embeddable":true,"href":"https:\/\/lucacastelli.com\/fr\/wp-json\/wp\/v2\/product_cat?post=621985"},{"taxonomy":"product_tag","embeddable":true,"href":"https:\/\/lucacastelli.com\/fr\/wp-json\/wp\/v2\/product_tag?post=621985"}],"curies":[{"name":"wp","href":"https:\/\/api.w.org\/{rel}","templated":true}]}}