{"id":621980,"date":"2025-08-09T19:50:46","date_gmt":"2025-08-09T17:50:46","guid":{"rendered":"https:\/\/lucacastelli.com\/prodotto\/milwaukee-packout-plaque-de-rangement\/"},"modified":"2025-08-09T19:50:46","modified_gmt":"2025-08-09T17:50:46","slug":"milwaukee-packout-plaque-de-rangement","status":"publish","type":"product","link":"https:\/\/lucacastelli.com\/fr\/produit\/milwaukee-packout-plaque-de-rangement\/","title":{"rendered":"MILWAUKEE PACKOUT Plaque de rangement"},"content":{"rendered":"<p>PLATEAU DE STOCKAGE COMPACT PACKOUT<br \/>\nConfigurations multiples;Transforme le syst\u00e8me PACKOUT\u2122 en syst\u00e8me de stockage statique;Capacit\u00e9 de r\u00e9tention au sol 45Kg;Capacit\u00e9 de r\u00e9tention au mur 22Kg;Se connecte \u00e0 tous les syst\u00e8mes de stockage PACKOUT\u2122;Construit en polym\u00e8re r\u00e9sistant aux chocs<\/p>\n<p>4932480621<br \/>\n4058546409067.<\/p>\n","protected":false},"excerpt":{"rendered":"<p>PACKOUT PLAQUE DE RANGEMENT COMPACTE<\/p>\n","protected":false},"featured_media":600359,"template":"","meta":{"_seopress_robots_primary_cat":"","_seopress_titles_title":"","_seopress_titles_desc":"","_seopress_robots_index":""},"product_brand":[3407],"product_cat":[5416,33],"product_tag":[3270],"class_list":{"0":"post-621980","1":"product","2":"type-product","3":"status-publish","4":"has-post-thumbnail","6":"product_brand-milwaukee","7":"product_cat-utensili-per-officina","8":"product_cat-attrezzature","9":"product_tag-import-milwau","10":"sws-conto-ricavi-merci-rivendita-macchinari-fr","11":"sws-gruppo-iva-iva81-fr","13":"first","14":"onbackorder","15":"sale","16":"shipping-taxable","17":"purchasable","18":"product-type-simple"},"_links":{"self":[{"href":"https:\/\/lucacastelli.com\/fr\/wp-json\/wp\/v2\/product\/621980","targetHints":{"allow":["GET"]}}],"collection":[{"href":"https:\/\/lucacastelli.com\/fr\/wp-json\/wp\/v2\/product"}],"about":[{"href":"https:\/\/lucacastelli.com\/fr\/wp-json\/wp\/v2\/types\/product"}],"wp:featuredmedia":[{"embeddable":true,"href":"https:\/\/lucacastelli.com\/fr\/wp-json\/wp\/v2\/media\/600359"}],"wp:attachment":[{"href":"https:\/\/lucacastelli.com\/fr\/wp-json\/wp\/v2\/media?parent=621980"}],"wp:term":[{"taxonomy":"product_brand","embeddable":true,"href":"https:\/\/lucacastelli.com\/fr\/wp-json\/wp\/v2\/product_brand?post=621980"},{"taxonomy":"product_cat","embeddable":true,"href":"https:\/\/lucacastelli.com\/fr\/wp-json\/wp\/v2\/product_cat?post=621980"},{"taxonomy":"product_tag","embeddable":true,"href":"https:\/\/lucacastelli.com\/fr\/wp-json\/wp\/v2\/product_tag?post=621980"}],"curies":[{"name":"wp","href":"https:\/\/api.w.org\/{rel}","templated":true}]}}