{"id":621976,"date":"2025-08-09T19:32:02","date_gmt":"2025-08-09T17:32:02","guid":{"rendered":"https:\/\/lucacastelli.com\/prodotto\/milwaukee-pince-parrot-4\/"},"modified":"2025-08-09T19:32:02","modified_gmt":"2025-08-09T17:32:02","slug":"milwaukee-pince-parrot-4","status":"publish","type":"product","link":"https:\/\/lucacastelli.com\/fr\/produit\/milwaukee-pince-parrot-4\/","title":{"rendered":"Milwaukee Pince Parrot"},"content":{"rendered":"<p>AJUSTEMENT DU PAPPAG 180mm<br \/>\nM\u00e2choire \u00e0 double denture pour une prise maximale;M\u00e2choires tremp\u00e9es par induction avec verrouillage automatique pour \u00e9viter tout glissement;Dispositif de retenue des clous int\u00e9gr\u00e9;Conception assurant une grande r\u00e9sistance et une grande capacit\u00e9 de prise;Bouton-poussoir pour des ajustements rapides et pr\u00e9cis;Doigts prot\u00e9g\u00e9s \u00e0 chaque point d&#8217;ajustement de la cr\u00e9maill\u00e8re<\/p>\n<p>4932492458<br \/>\n4058546418250<\/p>\n","protected":false},"excerpt":{"rendered":"<p>PAPPAG PLIP REGULATOR 180mm<\/p>\n","protected":false},"featured_media":556616,"template":"","meta":{"_seopress_robots_primary_cat":"","_seopress_titles_title":"","_seopress_titles_desc":"","_seopress_robots_index":""},"product_brand":[3407],"product_cat":[5416,33],"product_tag":[3270],"class_list":{"0":"post-621976","1":"product","2":"type-product","3":"status-publish","4":"has-post-thumbnail","6":"product_brand-milwaukee","7":"product_cat-utensili-per-officina","8":"product_cat-attrezzature","9":"product_tag-import-milwau","10":"sws-conto-ricavi-merci-rivendita-macchinari-fr","11":"sws-gruppo-iva-iva81-fr","13":"first","14":"onbackorder","15":"sale","16":"shipping-taxable","17":"purchasable","18":"product-type-simple"},"_links":{"self":[{"href":"https:\/\/lucacastelli.com\/fr\/wp-json\/wp\/v2\/product\/621976","targetHints":{"allow":["GET"]}}],"collection":[{"href":"https:\/\/lucacastelli.com\/fr\/wp-json\/wp\/v2\/product"}],"about":[{"href":"https:\/\/lucacastelli.com\/fr\/wp-json\/wp\/v2\/types\/product"}],"wp:featuredmedia":[{"embeddable":true,"href":"https:\/\/lucacastelli.com\/fr\/wp-json\/wp\/v2\/media\/556616"}],"wp:attachment":[{"href":"https:\/\/lucacastelli.com\/fr\/wp-json\/wp\/v2\/media?parent=621976"}],"wp:term":[{"taxonomy":"product_brand","embeddable":true,"href":"https:\/\/lucacastelli.com\/fr\/wp-json\/wp\/v2\/product_brand?post=621976"},{"taxonomy":"product_cat","embeddable":true,"href":"https:\/\/lucacastelli.com\/fr\/wp-json\/wp\/v2\/product_cat?post=621976"},{"taxonomy":"product_tag","embeddable":true,"href":"https:\/\/lucacastelli.com\/fr\/wp-json\/wp\/v2\/product_tag?post=621976"}],"curies":[{"name":"wp","href":"https:\/\/api.w.org\/{rel}","templated":true}]}}