{"id":621966,"date":"2025-08-09T19:31:12","date_gmt":"2025-08-09T17:31:12","guid":{"rendered":"https:\/\/lucacastelli.com\/prodotto\/milwaukee-goupille-et-circlip-pour-douilles-1%cb%9d-2\/"},"modified":"2025-08-09T19:31:12","modified_gmt":"2025-08-09T17:31:12","slug":"milwaukee-goupille-et-circlip-pour-douilles-1%cb%9d-2","status":"publish","type":"product","link":"https:\/\/lucacastelli.com\/fr\/produit\/milwaukee-goupille-et-circlip-pour-douilles-1%cb%9d-2\/","title":{"rendered":"Milwaukee Goupille et circlip pour douilles 1\u02dd."},"content":{"rendered":"<p>ANNEAUX ET GOUPILLES DE S\u00c9CURIT\u00c9 ANNEAUX DE S\u00c9CURIT\u00c9 1 27-44mm<br \/>\nLes anneaux de retenue sont fabriqu\u00e9s en une seule pi\u00e8ce;Les anneaux de retenue ne sont pas destin\u00e9s \u00e0 supporter une charge quelconque, ils fournissent une s\u00e9curit\u00e9 suppl\u00e9mentaire entre la douille et l&#8217;outil;L&#8217;emballage comprend 1 anneau de retenue<\/p>\n<p>4932480451<\/p>\n","protected":false},"excerpt":{"rendered":"<p>Anneau et goupille de s\u00e9curit\u00e9 BUSH 1 27-44mm<\/p>\n","protected":false},"featured_media":548518,"template":"","meta":{"_seopress_robots_primary_cat":"","_seopress_titles_title":"","_seopress_titles_desc":"","_seopress_robots_index":""},"product_brand":[3658],"product_cat":[144,5417],"product_tag":[3273],"class_list":{"0":"post-621966","1":"product","2":"type-product","3":"status-publish","4":"has-post-thumbnail","6":"product_brand-milwaukee-fr","7":"product_cat-equipement","8":"product_cat-outils-pour-atelier","9":"product_tag-import-milwau-fr","10":"sws-conto-ricavi-merci-rivendita-macchinari-fr","11":"sws-gruppo-iva-iva81-fr","13":"first","14":"onbackorder","15":"sale","16":"shipping-taxable","17":"purchasable","18":"product-type-simple"},"_links":{"self":[{"href":"https:\/\/lucacastelli.com\/fr\/wp-json\/wp\/v2\/product\/621966","targetHints":{"allow":["GET"]}}],"collection":[{"href":"https:\/\/lucacastelli.com\/fr\/wp-json\/wp\/v2\/product"}],"about":[{"href":"https:\/\/lucacastelli.com\/fr\/wp-json\/wp\/v2\/types\/product"}],"wp:featuredmedia":[{"embeddable":true,"href":"https:\/\/lucacastelli.com\/fr\/wp-json\/wp\/v2\/media\/548518"}],"wp:attachment":[{"href":"https:\/\/lucacastelli.com\/fr\/wp-json\/wp\/v2\/media?parent=621966"}],"wp:term":[{"taxonomy":"product_brand","embeddable":true,"href":"https:\/\/lucacastelli.com\/fr\/wp-json\/wp\/v2\/product_brand?post=621966"},{"taxonomy":"product_cat","embeddable":true,"href":"https:\/\/lucacastelli.com\/fr\/wp-json\/wp\/v2\/product_cat?post=621966"},{"taxonomy":"product_tag","embeddable":true,"href":"https:\/\/lucacastelli.com\/fr\/wp-json\/wp\/v2\/product_tag?post=621966"}],"curies":[{"name":"wp","href":"https:\/\/api.w.org\/{rel}","templated":true}]}}