{"id":621941,"date":"2025-08-09T19:14:00","date_gmt":"2025-08-09T17:14:00","guid":{"rendered":"https:\/\/lucacastelli.com\/prodotto\/milwaukee-extension-doutil-multiple-m18-foph\/"},"modified":"2025-08-09T19:14:00","modified_gmt":"2025-08-09T17:14:00","slug":"milwaukee-extension-doutil-multiple-m18-foph","status":"publish","type":"product","link":"https:\/\/lucacastelli.com\/fr\/produit\/milwaukee-extension-doutil-multiple-m18-foph\/","title":{"rendered":"Milwaukee Extension d&#8217;outil multiple M18 FOPH"},"content":{"rendered":"<p>M18 FOPH-EXA \/GARDEN TOOLS<br \/>\nA utiliser avec le multitool M18 FUEL M18 FOPH;Extension maximale de 91 cm compatible avec les extensions d&#8217;\u00e9lagage (M18 FOPH-CSA, 4932464957) et les taille-haies (M18 FOPH-HTA, 4932464959) : rend l&#8217;utilisation de l&#8217;outil beaucoup plus s\u00fbre car il n&#8217;est pas n\u00e9cessaire d&#8217;utiliser une \u00e9chelle<\/p>\n<p>4932464960<br \/>\n4058546229054.<\/p>\n","protected":false},"excerpt":{"rendered":"<p>M18 FOPH-EXA \/OUTILS DE JARDINAGE<\/p>\n","protected":false},"featured_media":530508,"template":"","meta":{"_seopress_robots_primary_cat":"","_seopress_titles_title":"","_seopress_titles_desc":"","_seopress_robots_index":""},"product_brand":[3407],"product_cat":[5416,33],"product_tag":[3270],"class_list":{"0":"post-621941","1":"product","2":"type-product","3":"status-publish","4":"has-post-thumbnail","6":"product_brand-milwaukee","7":"product_cat-utensili-per-officina","8":"product_cat-attrezzature","9":"product_tag-import-milwau","10":"sws-conto-ricavi-merci-rivendita-macchinari-fr","11":"sws-gruppo-iva-iva81-fr","13":"first","14":"onbackorder","15":"sale","16":"shipping-taxable","17":"purchasable","18":"product-type-simple"},"_links":{"self":[{"href":"https:\/\/lucacastelli.com\/fr\/wp-json\/wp\/v2\/product\/621941","targetHints":{"allow":["GET"]}}],"collection":[{"href":"https:\/\/lucacastelli.com\/fr\/wp-json\/wp\/v2\/product"}],"about":[{"href":"https:\/\/lucacastelli.com\/fr\/wp-json\/wp\/v2\/types\/product"}],"wp:featuredmedia":[{"embeddable":true,"href":"https:\/\/lucacastelli.com\/fr\/wp-json\/wp\/v2\/media\/530508"}],"wp:attachment":[{"href":"https:\/\/lucacastelli.com\/fr\/wp-json\/wp\/v2\/media?parent=621941"}],"wp:term":[{"taxonomy":"product_brand","embeddable":true,"href":"https:\/\/lucacastelli.com\/fr\/wp-json\/wp\/v2\/product_brand?post=621941"},{"taxonomy":"product_cat","embeddable":true,"href":"https:\/\/lucacastelli.com\/fr\/wp-json\/wp\/v2\/product_cat?post=621941"},{"taxonomy":"product_tag","embeddable":true,"href":"https:\/\/lucacastelli.com\/fr\/wp-json\/wp\/v2\/product_tag?post=621941"}],"curies":[{"name":"wp","href":"https:\/\/api.w.org\/{rel}","templated":true}]}}