{"id":621911,"date":"2025-08-09T11:39:35","date_gmt":"2025-08-09T09:39:35","guid":{"rendered":"https:\/\/lucacastelli.com\/prodotto\/milwaukee-diamond-plus-trepans-a-sec-a-eau-15\/"},"modified":"2025-08-09T11:39:35","modified_gmt":"2025-08-09T09:39:35","slug":"milwaukee-diamond-plus-trepans-a-sec-a-eau-15","status":"publish","type":"product","link":"https:\/\/lucacastelli.com\/fr\/produit\/milwaukee-diamond-plus-trepans-a-sec-a-eau-15\/","title":{"rendered":"Milwaukee Diamond Plus tr\u00e9pans \u00e0 sec \/ \u00e0 eau"},"content":{"rendered":"<p>Perceuse pour carrelage Diamond Max 25mm-1pc<br \/>\nLes perceuses diamant\u00e9es ont \u00e9t\u00e9 d\u00e9velopp\u00e9es pour les professionnels qui ont besoin de percer dans des mat\u00e9riaux extr\u00eamement durs tels que la porcelaine\/gr\u00e8s\/carrelage\/fonte ou fibre de verre o\u00f9 il est toujours difficile de percer avec des perceuses classiques.Elles garantissent d&#8217;excellentes performances et une dur\u00e9e de vie plus longue m\u00eame dans les mat\u00e9riaux les plus durs;Arrosage : ces perceuses n\u00e9cessitent une pulv\u00e9risation limit\u00e9e contrairement aux perceuses diamant\u00e9es classiques qui requi\u00e8rent un flux d&#8217;eau continu. Il suffit de plonger la perceuse dans l&#8217;eau au d\u00e9but de chaque trou et de r\u00e9p\u00e9ter cette op\u00e9ration toutes les 5 secondes ;Trous propres : per\u00e7age pr\u00e9cis et propre sans laisser de bavures ;Dur\u00e9e de vie utile : pour assurer une longue dur\u00e9e de vie, nous utilisons des particules de diamant de haute qualit\u00e9 afin de garantir des performances de coupe maximales et une dur\u00e9e de vie maximale ;Durabilit\u00e9 : corps en alliage durable pour des performances maximales ;Conception \u00e0 fente large : pour une extraction facile du mat\u00e9riau ;Polyvalent : peut \u00eatre utilis\u00e9 aussi bien avec la meuleuse, gr\u00e2ce aux adaptateurs sp\u00e9ciaux, qu&#8217;avec la perceuse. <\/p>\n<p>4932498350<br \/>\n4058546522193<\/p>\n","protected":false},"excerpt":{"rendered":"<p>Foret \u00e0 carreaux Diamond Max 25mm-1pc<\/p>\n","protected":false},"featured_media":600073,"template":"","meta":{"_seopress_robots_primary_cat":"","_seopress_titles_title":"","_seopress_titles_desc":"","_seopress_robots_index":""},"product_brand":[3407],"product_cat":[29,514,549,550],"product_tag":[3270],"class_list":{"0":"post-621911","1":"product","2":"type-product","3":"status-publish","4":"has-post-thumbnail","6":"product_brand-milwaukee","7":"product_cat-macchinari","8":"product_cat-altri-dispositivi","9":"product_cat-trapani-e-avvitatori","10":"product_cat-accessori-per-trapani-ed-avvitatori","11":"product_tag-import-milwau","12":"sws-conto-ricavi-merci-rivendita-macchinari-fr","13":"sws-gruppo-iva-iva81-fr","15":"first","16":"onbackorder","17":"sale","18":"shipping-taxable","19":"purchasable","20":"product-type-simple"},"_links":{"self":[{"href":"https:\/\/lucacastelli.com\/fr\/wp-json\/wp\/v2\/product\/621911","targetHints":{"allow":["GET"]}}],"collection":[{"href":"https:\/\/lucacastelli.com\/fr\/wp-json\/wp\/v2\/product"}],"about":[{"href":"https:\/\/lucacastelli.com\/fr\/wp-json\/wp\/v2\/types\/product"}],"wp:featuredmedia":[{"embeddable":true,"href":"https:\/\/lucacastelli.com\/fr\/wp-json\/wp\/v2\/media\/600073"}],"wp:attachment":[{"href":"https:\/\/lucacastelli.com\/fr\/wp-json\/wp\/v2\/media?parent=621911"}],"wp:term":[{"taxonomy":"product_brand","embeddable":true,"href":"https:\/\/lucacastelli.com\/fr\/wp-json\/wp\/v2\/product_brand?post=621911"},{"taxonomy":"product_cat","embeddable":true,"href":"https:\/\/lucacastelli.com\/fr\/wp-json\/wp\/v2\/product_cat?post=621911"},{"taxonomy":"product_tag","embeddable":true,"href":"https:\/\/lucacastelli.com\/fr\/wp-json\/wp\/v2\/product_tag?post=621911"}],"curies":[{"name":"wp","href":"https:\/\/api.w.org\/{rel}","templated":true}]}}