{"id":621872,"date":"2025-08-09T19:31:38","date_gmt":"2025-08-09T17:31:38","guid":{"rendered":"https:\/\/lucacastelli.com\/prodotto\/pince-a-sertir-a-cliquet-milwaukee\/"},"modified":"2025-08-09T19:31:38","modified_gmt":"2025-08-09T17:31:38","slug":"pince-a-sertir-a-cliquet-milwaukee","status":"publish","type":"product","link":"https:\/\/lucacastelli.com\/fr\/produit\/pince-a-sertir-a-cliquet-milwaukee\/","title":{"rendered":"Pince \u00e0 sertir \u00e0 cliquet Milwaukee"},"content":{"rendered":"<p>Pince \u00e0 sertir \u00e0 cliquet<br \/>\npince \u00e0 sertir \u00e0 cliquet<br \/>\n3 cavit\u00e9s pour sertir diff\u00e9rentes tailles de connecteurs avec un seul outil : rouge (0,3 &#8211; 1,0 mm\u00b2), bleu (1,5 &#8211; 2,5 mm\u00b2) et jaune (4,0 &#8211; 6.0 mm\u00b2);M\u00e9canisme \u00e0 double cliquet pour un sertissage complet et des connexions s\u00fbres;Rep\u00e8res color\u00e9s \u00e0 fort contraste pour une meilleure visibilit\u00e9;Levier de d\u00e9blocage rapide pour une productivit\u00e9 accrue;Poign\u00e9e ergonomique et r\u00e9sistante \u00e0 l&#8217;usure<\/p>\n<p>4932499025<br \/>\n4058546528942<\/p>\n","protected":false},"excerpt":{"rendered":"<p>OUTIL DE SERTISSAGE \u00c0 CLIQUET<\/p>\n","protected":false},"featured_media":592354,"template":"","meta":{"_seopress_robots_primary_cat":"","_seopress_titles_title":"","_seopress_titles_desc":"","_seopress_robots_index":""},"product_brand":[3658],"product_cat":[144,5417],"product_tag":[3273],"class_list":{"0":"post-621872","1":"product","2":"type-product","3":"status-publish","4":"has-post-thumbnail","6":"product_brand-milwaukee-fr","7":"product_cat-equipement","8":"product_cat-outils-pour-atelier","9":"product_tag-import-milwau-fr","10":"sws-conto-ricavi-merci-rivendita-macchinari-fr","11":"sws-gruppo-iva-iva81-fr","13":"first","14":"onbackorder","15":"sale","16":"shipping-taxable","17":"purchasable","18":"product-type-simple"},"_links":{"self":[{"href":"https:\/\/lucacastelli.com\/fr\/wp-json\/wp\/v2\/product\/621872","targetHints":{"allow":["GET"]}}],"collection":[{"href":"https:\/\/lucacastelli.com\/fr\/wp-json\/wp\/v2\/product"}],"about":[{"href":"https:\/\/lucacastelli.com\/fr\/wp-json\/wp\/v2\/types\/product"}],"wp:featuredmedia":[{"embeddable":true,"href":"https:\/\/lucacastelli.com\/fr\/wp-json\/wp\/v2\/media\/592354"}],"wp:attachment":[{"href":"https:\/\/lucacastelli.com\/fr\/wp-json\/wp\/v2\/media?parent=621872"}],"wp:term":[{"taxonomy":"product_brand","embeddable":true,"href":"https:\/\/lucacastelli.com\/fr\/wp-json\/wp\/v2\/product_brand?post=621872"},{"taxonomy":"product_cat","embeddable":true,"href":"https:\/\/lucacastelli.com\/fr\/wp-json\/wp\/v2\/product_cat?post=621872"},{"taxonomy":"product_tag","embeddable":true,"href":"https:\/\/lucacastelli.com\/fr\/wp-json\/wp\/v2\/product_tag?post=621872"}],"curies":[{"name":"wp","href":"https:\/\/api.w.org\/{rel}","templated":true}]}}