{"id":621867,"date":"2025-08-09T19:31:37","date_gmt":"2025-08-09T17:31:37","guid":{"rendered":"https:\/\/lucacastelli.com\/prodotto\/milwaukee-pince-autobloquante-avec-machoires-a-fourche\/"},"modified":"2025-08-09T19:31:37","modified_gmt":"2025-08-09T17:31:37","slug":"milwaukee-pince-autobloquante-avec-machoires-a-fourche","status":"publish","type":"product","link":"https:\/\/lucacastelli.com\/fr\/produit\/milwaukee-pince-autobloquante-avec-machoires-a-fourche\/","title":{"rendered":"Milwaukee Pince autobloquante avec m\u00e2choires \u00e0 fourche"},"content":{"rendered":"<p>PINCE AUTOBLOC. GAN. FORC 9 pol\/229 mm<br \/>\nTORQUE LOCK\u2122 permet un r\u00e9glage plus rapide et un desserrage facile pour le serrage de mat\u00e9riel de conception diff\u00e9rente. Une force suppl\u00e9mentaire peut \u00eatre appliqu\u00e9e \u00e0 la vis TORQUE LOCK\u2122 pour une meilleure prise et plus s\u00fbre. Ce dispositif peut \u00e9galement \u00eatre utilis\u00e9 pour suspendre la pince;M\u00e2choires sp\u00e9ciales en forme de U pour une prise en griffe des tubes ronds et carr\u00e9s pendant. \u00c9galement utile pendant le processus de soudage;M\u00e2choires tremp\u00e9es pour une meilleure force de pr\u00e9hension sur le mat\u00e9riau;L&#8217;outil chrom\u00e9 augmente la durabilit\u00e9 en r\u00e9duisant la corrosion;Les pinces autobloquantes MAXBITE\u2122 ont une conception sp\u00e9ciale des m\u00e2choires pour une prise maximale.     <\/p>\n<p>4932493616<br \/>\n4058546484873<\/p>\n","protected":false},"excerpt":{"rendered":"<p>PINCE AUTOBLOC. GAN. FORC 9 pol\/229 mm  <\/p>\n","protected":false},"featured_media":562812,"template":"","meta":{"_seopress_robots_primary_cat":"","_seopress_titles_title":"","_seopress_titles_desc":"","_seopress_robots_index":""},"product_brand":[3658],"product_cat":[144,5417],"product_tag":[3273],"class_list":{"0":"post-621867","1":"product","2":"type-product","3":"status-publish","4":"has-post-thumbnail","6":"product_brand-milwaukee-fr","7":"product_cat-equipement","8":"product_cat-outils-pour-atelier","9":"product_tag-import-milwau-fr","10":"sws-conto-ricavi-merci-rivendita-macchinari-fr","11":"sws-gruppo-iva-iva81-fr","13":"first","14":"onbackorder","15":"sale","16":"shipping-taxable","17":"purchasable","18":"product-type-simple"},"_links":{"self":[{"href":"https:\/\/lucacastelli.com\/fr\/wp-json\/wp\/v2\/product\/621867","targetHints":{"allow":["GET"]}}],"collection":[{"href":"https:\/\/lucacastelli.com\/fr\/wp-json\/wp\/v2\/product"}],"about":[{"href":"https:\/\/lucacastelli.com\/fr\/wp-json\/wp\/v2\/types\/product"}],"wp:featuredmedia":[{"embeddable":true,"href":"https:\/\/lucacastelli.com\/fr\/wp-json\/wp\/v2\/media\/562812"}],"wp:attachment":[{"href":"https:\/\/lucacastelli.com\/fr\/wp-json\/wp\/v2\/media?parent=621867"}],"wp:term":[{"taxonomy":"product_brand","embeddable":true,"href":"https:\/\/lucacastelli.com\/fr\/wp-json\/wp\/v2\/product_brand?post=621867"},{"taxonomy":"product_cat","embeddable":true,"href":"https:\/\/lucacastelli.com\/fr\/wp-json\/wp\/v2\/product_cat?post=621867"},{"taxonomy":"product_tag","embeddable":true,"href":"https:\/\/lucacastelli.com\/fr\/wp-json\/wp\/v2\/product_tag?post=621867"}],"curies":[{"name":"wp","href":"https:\/\/api.w.org\/{rel}","templated":true}]}}