{"id":621860,"date":"2025-08-09T19:31:10","date_gmt":"2025-08-09T17:31:10","guid":{"rendered":"https:\/\/lucacastelli.com\/prodotto\/milwaukee-23-mm-plante-a-meche\/"},"modified":"2025-08-09T19:31:10","modified_gmt":"2025-08-09T17:31:10","slug":"milwaukee-23-mm-plante-a-meche","status":"publish","type":"product","link":"https:\/\/lucacastelli.com\/fr\/produit\/milwaukee-23-mm-plante-a-meche\/","title":{"rendered":"Milwaukee 23 mm Plante \u00e0 m\u00e8che"},"content":{"rendered":"<p>28 mm HEX ground rod driver 23 mm<br \/>\nPour les tiges de terre et les piquets. Ne convient pas pour les barres d&#8217;armature ou l&#8217;acier d&#8217;armature;D\u00e9velopp\u00e9 pour \u00eatre utilis\u00e9 avec le MXE DH2528H;Fabriqu\u00e9 en Allemagne<\/p>\n<p>4932499023<br \/>\n4058546528928<\/p>\n","protected":false},"excerpt":{"rendered":"<p>28 mm HEX conducteur de tige de terre 23 mm<\/p>\n","protected":false},"featured_media":567736,"template":"","meta":{"_seopress_robots_primary_cat":"","_seopress_titles_title":"","_seopress_titles_desc":"","_seopress_robots_index":""},"product_brand":[3658],"product_cat":[144,5417],"product_tag":[3273],"class_list":{"0":"post-621860","1":"product","2":"type-product","3":"status-publish","4":"has-post-thumbnail","6":"product_brand-milwaukee-fr","7":"product_cat-equipement","8":"product_cat-outils-pour-atelier","9":"product_tag-import-milwau-fr","10":"sws-conto-ricavi-merci-rivendita-macchinari-fr","11":"sws-gruppo-iva-iva81-fr","13":"first","14":"onbackorder","15":"sale","16":"shipping-taxable","17":"purchasable","18":"product-type-simple"},"_links":{"self":[{"href":"https:\/\/lucacastelli.com\/fr\/wp-json\/wp\/v2\/product\/621860","targetHints":{"allow":["GET"]}}],"collection":[{"href":"https:\/\/lucacastelli.com\/fr\/wp-json\/wp\/v2\/product"}],"about":[{"href":"https:\/\/lucacastelli.com\/fr\/wp-json\/wp\/v2\/types\/product"}],"wp:featuredmedia":[{"embeddable":true,"href":"https:\/\/lucacastelli.com\/fr\/wp-json\/wp\/v2\/media\/567736"}],"wp:attachment":[{"href":"https:\/\/lucacastelli.com\/fr\/wp-json\/wp\/v2\/media?parent=621860"}],"wp:term":[{"taxonomy":"product_brand","embeddable":true,"href":"https:\/\/lucacastelli.com\/fr\/wp-json\/wp\/v2\/product_brand?post=621860"},{"taxonomy":"product_cat","embeddable":true,"href":"https:\/\/lucacastelli.com\/fr\/wp-json\/wp\/v2\/product_cat?post=621860"},{"taxonomy":"product_tag","embeddable":true,"href":"https:\/\/lucacastelli.com\/fr\/wp-json\/wp\/v2\/product_tag?post=621860"}],"curies":[{"name":"wp","href":"https:\/\/api.w.org\/{rel}","templated":true}]}}