{"id":621843,"date":"2025-08-09T11:39:58","date_gmt":"2025-08-09T09:39:58","guid":{"rendered":"https:\/\/lucacastelli.com\/prodotto\/meches-sds-plus-de-milwaukee-tct\/"},"modified":"2025-08-09T11:39:58","modified_gmt":"2025-08-09T09:39:58","slug":"meches-sds-plus-de-milwaukee-tct","status":"publish","type":"product","link":"https:\/\/lucacastelli.com\/fr\/produit\/meches-sds-plus-de-milwaukee-tct\/","title":{"rendered":"M\u00e8ches SDS-Plus de Milwaukee TCT"},"content":{"rendered":"<p>SDS+ TCT Core Cutter 100x50mm-1pc<br \/>\nPour les marteaux rotatifs jusqu&#8217;\u00e0 4 kg;Toutes les fraises \u00e0 carotte ont une tige M 16 et peuvent \u00eatre utilis\u00e9es avec FIXTEC SDS-plus ou FIXTEC Hex 11 mm;Une tige et un foret pilote sont n\u00e9cessaires;Fabriqu\u00e9 en Allemagne;Ne convient pas pour une utilisation dans le b\u00e9ton arm\u00e9<\/p>\n<p>4932480689<br \/>\n4058546409746<\/p>\n","protected":false},"excerpt":{"rendered":"<p>SDS+ TCT Core Cutter 100x50mm-1pc<\/p>\n","protected":false},"featured_media":553478,"template":"","meta":{"_seopress_robots_primary_cat":"","_seopress_titles_title":"","_seopress_titles_desc":"","_seopress_robots_index":""},"product_brand":[3407],"product_cat":[29,514,549,550],"product_tag":[3270],"class_list":{"0":"post-621843","1":"product","2":"type-product","3":"status-publish","4":"has-post-thumbnail","6":"product_brand-milwaukee","7":"product_cat-macchinari","8":"product_cat-altri-dispositivi","9":"product_cat-trapani-e-avvitatori","10":"product_cat-accessori-per-trapani-ed-avvitatori","11":"product_tag-import-milwau","12":"sws-conto-ricavi-merci-rivendita-macchinari-fr","13":"sws-gruppo-iva-iva81-fr","15":"first","16":"onbackorder","17":"sale","18":"shipping-taxable","19":"purchasable","20":"product-type-simple"},"_links":{"self":[{"href":"https:\/\/lucacastelli.com\/fr\/wp-json\/wp\/v2\/product\/621843","targetHints":{"allow":["GET"]}}],"collection":[{"href":"https:\/\/lucacastelli.com\/fr\/wp-json\/wp\/v2\/product"}],"about":[{"href":"https:\/\/lucacastelli.com\/fr\/wp-json\/wp\/v2\/types\/product"}],"wp:featuredmedia":[{"embeddable":true,"href":"https:\/\/lucacastelli.com\/fr\/wp-json\/wp\/v2\/media\/553478"}],"wp:attachment":[{"href":"https:\/\/lucacastelli.com\/fr\/wp-json\/wp\/v2\/media?parent=621843"}],"wp:term":[{"taxonomy":"product_brand","embeddable":true,"href":"https:\/\/lucacastelli.com\/fr\/wp-json\/wp\/v2\/product_brand?post=621843"},{"taxonomy":"product_cat","embeddable":true,"href":"https:\/\/lucacastelli.com\/fr\/wp-json\/wp\/v2\/product_cat?post=621843"},{"taxonomy":"product_tag","embeddable":true,"href":"https:\/\/lucacastelli.com\/fr\/wp-json\/wp\/v2\/product_tag?post=621843"}],"curies":[{"name":"wp","href":"https:\/\/api.w.org\/{rel}","templated":true}]}}