{"id":621835,"date":"2025-08-09T11:39:54","date_gmt":"2025-08-09T09:39:54","guid":{"rendered":"https:\/\/lucacastelli.com\/prodotto\/milwaukee-diamond-max-embouts-diamantes-a-sec-23\/"},"modified":"2025-08-09T11:39:54","modified_gmt":"2025-08-09T09:39:54","slug":"milwaukee-diamond-max-embouts-diamantes-a-sec-23","status":"publish","type":"product","link":"https:\/\/lucacastelli.com\/fr\/produit\/milwaukee-diamond-max-embouts-diamantes-a-sec-23\/","title":{"rendered":"Milwaukee DIAMOND MAX\u2122 Embouts diamant\u00e9s \u00e0 sec"},"content":{"rendered":"<p>MIT DE PERCEUSE DIAMANTE M14 &#8211; 68MM -1pcs<br \/>\nLes m\u00e8ches diamant\u00e9es ont \u00e9t\u00e9 sp\u00e9cialement d\u00e9velopp\u00e9es pour les professionnels qui doivent percer des mat\u00e9riaux extr\u00eamement durs tels que la porcelaine \/ le gr\u00e8s \/ les carreaux de carri\u00e8re, la fonte ou la fibre de verre, o\u00f9 il est de plus en plus difficile de travailler avec des m\u00e8ches traditionnelles. Ces m\u00e8ches garantissent d&#8217;excellentes performances et une durabilit\u00e9 sup\u00e9rieure, m\u00eame dans les mat\u00e9riaux les plus difficiles ;Utilisation \u00e0 sec : ces m\u00e8ches diamant\u00e9es ne n\u00e9cessitent pas l&#8217;utilisation d&#8217;eau pour le refroidissement ;Filetage M14. Ils peuvent \u00eatre mont\u00e9s directement sur les meuleuses;Trous pr\u00e9cis et propres : percer des trous sans fissures sur le p\u00e9rim\u00e8tre;Dur\u00e9e de vie : un diamant de qualit\u00e9 et une soudure par brasure r\u00e9sistante ont \u00e9t\u00e9 utilis\u00e9s pour assurer une coupe rapide et la meilleure performance \u00e0 vie;Durabilit\u00e9 : corps en alliage durable qui ne se plie pas ou ne se d\u00e9forme pas facilement;\u00c9jection facile des d\u00e9bris : Fentes d&#8217;\u00e9jection plus grandes pour un meilleur effet de levier;Domaines d&#8217;application:;Carreaux de c\u00e9ramique &#8211; tous les types durs et tendres : porcelaine \/ gr\u00e8s \/ carri\u00e8re \/ terrazzo \/ marbre \/ pierre artificielle \/ terre cuite \/ agglom\u00e9r\u00e9 \/ \u00e9maill\u00e9;Fonte;Fibre de verre\/GPR ;(verre renforc\u00e9 par du plastique)\/Perspex;Mode d&#8217;emploi:;1. Les m\u00e8ches diamant\u00e9es s&#8217;adaptent directement sur la meuleuse d&#8217;angle avec un filetage M30.   <\/p>\n<p>4932478285<br \/>\n4058546344627<\/p>\n","protected":false},"excerpt":{"rendered":"<p>Pointe diamant\u00e9e M14 &#8211; 68MM -1pcs.<\/p>\n","protected":false},"featured_media":540677,"template":"","meta":{"_seopress_robots_primary_cat":"","_seopress_titles_title":"","_seopress_titles_desc":"","_seopress_robots_index":""},"product_brand":[3407],"product_cat":[29,514,549,550],"product_tag":[3270],"class_list":{"0":"post-621835","1":"product","2":"type-product","3":"status-publish","4":"has-post-thumbnail","6":"product_brand-milwaukee","7":"product_cat-macchinari","8":"product_cat-altri-dispositivi","9":"product_cat-trapani-e-avvitatori","10":"product_cat-accessori-per-trapani-ed-avvitatori","11":"product_tag-import-milwau","12":"sws-conto-ricavi-merci-rivendita-macchinari-fr","13":"sws-gruppo-iva-iva81-fr","15":"first","16":"onbackorder","17":"sale","18":"shipping-taxable","19":"purchasable","20":"product-type-simple"},"_links":{"self":[{"href":"https:\/\/lucacastelli.com\/fr\/wp-json\/wp\/v2\/product\/621835","targetHints":{"allow":["GET"]}}],"collection":[{"href":"https:\/\/lucacastelli.com\/fr\/wp-json\/wp\/v2\/product"}],"about":[{"href":"https:\/\/lucacastelli.com\/fr\/wp-json\/wp\/v2\/types\/product"}],"wp:featuredmedia":[{"embeddable":true,"href":"https:\/\/lucacastelli.com\/fr\/wp-json\/wp\/v2\/media\/540677"}],"wp:attachment":[{"href":"https:\/\/lucacastelli.com\/fr\/wp-json\/wp\/v2\/media?parent=621835"}],"wp:term":[{"taxonomy":"product_brand","embeddable":true,"href":"https:\/\/lucacastelli.com\/fr\/wp-json\/wp\/v2\/product_brand?post=621835"},{"taxonomy":"product_cat","embeddable":true,"href":"https:\/\/lucacastelli.com\/fr\/wp-json\/wp\/v2\/product_cat?post=621835"},{"taxonomy":"product_tag","embeddable":true,"href":"https:\/\/lucacastelli.com\/fr\/wp-json\/wp\/v2\/product_tag?post=621835"}],"curies":[{"name":"wp","href":"https:\/\/api.w.org\/{rel}","templated":true}]}}