{"id":621801,"date":"2025-08-09T11:38:38","date_gmt":"2025-08-09T09:38:38","guid":{"rendered":"https:\/\/lucacastelli.com\/prodotto\/milwaukee-meches-a-metaux-hss-g-titanium-shockwave-8\/"},"modified":"2025-08-09T11:38:38","modified_gmt":"2025-08-09T09:38:38","slug":"milwaukee-meches-a-metaux-hss-g-titanium-shockwave-8","status":"publish","type":"product","link":"https:\/\/lucacastelli.com\/fr\/produit\/milwaukee-meches-a-metaux-hss-g-titanium-shockwave-8\/","title":{"rendered":"Milwaukee M\u00e8ches \u00e0 m\u00e9taux HSS-G TITANIUM SHOCKWAVE"},"content":{"rendered":"<p>SW REDHEX HSS-G 10pcs<br \/>\nSW REDHEX HSS-G 10pcs Tr\u00e9pan \u00e0 tige hexagonale de 1\/4 de pouce optimis\u00e9 pour les visseuses \u00e0 percussion;Le rev\u00eatement en nitrure de titane aide \u00e0 refroidir le tr\u00e9pan et permet de l&#8217;utiliser m\u00eame \u00e0 grande vitesse;La g\u00e9om\u00e9trie du tr\u00e9pan \u00e0 angle de 135 degr\u00e9s r\u00e9duit le glissement du tr\u00e9pan et permet une pr\u00e9cision de per\u00e7age maximale, sans surchauffe du tr\u00e9pan;Conception \u00e0 goujures variables. Cela permet une \u00e9jection plus rapide du mat\u00e9riau et r\u00e9duit l&#8217;accumulation de chaleur, le tout pour une plus grande efficacit\u00e9 ;Conception plus solide pour une durabilit\u00e9 et une dur\u00e9e de vie du tr\u00e9pan accrues. <\/p>\n<p>4932493865<br \/>\n4058546510251<\/p>\n","protected":false},"excerpt":{"rendered":"<p>SW REDHEX HSS-G 10pcs.<\/p>\n","protected":false},"featured_media":564565,"template":"","meta":{"_seopress_robots_primary_cat":"","_seopress_titles_title":"","_seopress_titles_desc":"","_seopress_robots_index":""},"product_brand":[3658],"product_cat":[1555,1453,167,1552],"product_tag":[3273],"class_list":{"0":"post-621801","1":"product","2":"type-product","3":"status-publish","4":"has-post-thumbnail","6":"product_brand-milwaukee-fr","7":"product_cat-accessoires-pour-perceuses-et-tournevis","8":"product_cat-autres-appareils","9":"product_cat-machines","10":"product_cat-perceuses-et-tournevis","11":"product_tag-import-milwau-fr","12":"sws-conto-ricavi-merci-rivendita-macchinari-fr","13":"sws-gruppo-iva-iva81-fr","15":"first","16":"onbackorder","17":"sale","18":"shipping-taxable","19":"purchasable","20":"product-type-simple"},"_links":{"self":[{"href":"https:\/\/lucacastelli.com\/fr\/wp-json\/wp\/v2\/product\/621801","targetHints":{"allow":["GET"]}}],"collection":[{"href":"https:\/\/lucacastelli.com\/fr\/wp-json\/wp\/v2\/product"}],"about":[{"href":"https:\/\/lucacastelli.com\/fr\/wp-json\/wp\/v2\/types\/product"}],"wp:featuredmedia":[{"embeddable":true,"href":"https:\/\/lucacastelli.com\/fr\/wp-json\/wp\/v2\/media\/564565"}],"wp:attachment":[{"href":"https:\/\/lucacastelli.com\/fr\/wp-json\/wp\/v2\/media?parent=621801"}],"wp:term":[{"taxonomy":"product_brand","embeddable":true,"href":"https:\/\/lucacastelli.com\/fr\/wp-json\/wp\/v2\/product_brand?post=621801"},{"taxonomy":"product_cat","embeddable":true,"href":"https:\/\/lucacastelli.com\/fr\/wp-json\/wp\/v2\/product_cat?post=621801"},{"taxonomy":"product_tag","embeddable":true,"href":"https:\/\/lucacastelli.com\/fr\/wp-json\/wp\/v2\/product_tag?post=621801"}],"curies":[{"name":"wp","href":"https:\/\/api.w.org\/{rel}","templated":true}]}}