{"id":621783,"date":"2025-08-09T19:31:55","date_gmt":"2025-08-09T17:31:55","guid":{"rendered":"https:\/\/lucacastelli.com\/prodotto\/milwaukee-pince-autobloquante-7\/"},"modified":"2025-08-09T19:31:55","modified_gmt":"2025-08-09T17:31:55","slug":"milwaukee-pince-autobloquante-7","status":"publish","type":"product","link":"https:\/\/lucacastelli.com\/fr\/produit\/milwaukee-pince-autobloquante-7\/","title":{"rendered":"Milwaukee Pince autobloquante"},"content":{"rendered":"<p>AUTOBLOCCAN BECCH LONGH 230mm 1pcs<br \/>\nTORQUE LOCK \u2122 pince autobloquante : installation rapide et facile sur les surfaces plates et rondes. Il est possible d&#8217;appliquer une force suppl\u00e9mentaire. Peut \u00e9galement \u00eatre utilis\u00e9e pour suspendre ou ranger du mat\u00e9riel;M\u00e2choires durcies pour une meilleure prise et une meilleure tenue du mat\u00e9riel;Protection contre la rouille : le chromage augmente la durabilit\u00e9 en r\u00e9duisant la corrosion;Conception traditionnelle du levier;Les pinces autobloquantes MAXBITE\u2122 ont une conception sp\u00e9ciale des m\u00e2choires pour une prise maximale.  <\/p>\n<p>4932471733<br \/>\n4058546296322<\/p>\n","protected":false},"excerpt":{"rendered":"<p>AUTOBLOCK PLIP BECCH LENGTH 230mm 1 pc<\/p>\n","protected":false},"featured_media":549739,"template":"","meta":{"_seopress_robots_primary_cat":"","_seopress_titles_title":"","_seopress_titles_desc":"","_seopress_robots_index":""},"product_brand":[3407],"product_cat":[5416,33],"product_tag":[3270],"class_list":{"0":"post-621783","1":"product","2":"type-product","3":"status-publish","4":"has-post-thumbnail","6":"product_brand-milwaukee","7":"product_cat-utensili-per-officina","8":"product_cat-attrezzature","9":"product_tag-import-milwau","10":"sws-conto-ricavi-merci-rivendita-macchinari-fr","11":"sws-gruppo-iva-iva81-fr","13":"first","14":"onbackorder","15":"sale","16":"shipping-taxable","17":"purchasable","18":"product-type-simple"},"_links":{"self":[{"href":"https:\/\/lucacastelli.com\/fr\/wp-json\/wp\/v2\/product\/621783","targetHints":{"allow":["GET"]}}],"collection":[{"href":"https:\/\/lucacastelli.com\/fr\/wp-json\/wp\/v2\/product"}],"about":[{"href":"https:\/\/lucacastelli.com\/fr\/wp-json\/wp\/v2\/types\/product"}],"wp:featuredmedia":[{"embeddable":true,"href":"https:\/\/lucacastelli.com\/fr\/wp-json\/wp\/v2\/media\/549739"}],"wp:attachment":[{"href":"https:\/\/lucacastelli.com\/fr\/wp-json\/wp\/v2\/media?parent=621783"}],"wp:term":[{"taxonomy":"product_brand","embeddable":true,"href":"https:\/\/lucacastelli.com\/fr\/wp-json\/wp\/v2\/product_brand?post=621783"},{"taxonomy":"product_cat","embeddable":true,"href":"https:\/\/lucacastelli.com\/fr\/wp-json\/wp\/v2\/product_cat?post=621783"},{"taxonomy":"product_tag","embeddable":true,"href":"https:\/\/lucacastelli.com\/fr\/wp-json\/wp\/v2\/product_tag?post=621783"}],"curies":[{"name":"wp","href":"https:\/\/api.w.org\/{rel}","templated":true}]}}