{"id":621775,"date":"2025-08-09T19:21:56","date_gmt":"2025-08-09T17:21:56","guid":{"rendered":"https:\/\/lucacastelli.com\/prodotto\/milwaukee-protection-en-caoutchouc-pour-m12-fid2\/"},"modified":"2025-08-09T19:21:56","modified_gmt":"2025-08-09T17:21:56","slug":"milwaukee-protection-en-caoutchouc-pour-m12-fid2","status":"publish","type":"product","link":"https:\/\/lucacastelli.com\/fr\/produit\/milwaukee-protection-en-caoutchouc-pour-m12-fid2\/","title":{"rendered":"Milwaukee Protection en caoutchouc pour M12 FID2"},"content":{"rendered":"<p>M12 FID2\/RUBBER COATINGS<br \/>\nL\u00e9ger et compact, prot\u00e8ge l&#8217;outil et les surfaces avec un impact minimal sur la taille et le poids de l&#8217;outil;Mat\u00e9riau flexible pour une application et un retrait faciles;Caoutchouc durable, con\u00e7u pour r\u00e9sister aux mat\u00e9riaux corrosifs que l&#8217;on trouve couramment dans les environnements de travail;Ne convient pas \u00e0 une utilisation sur des circuits \u00e9lectriques sous tension;L&#8217;utilisation d&#8217;un outil autre que celui sp\u00e9cifi\u00e9 peut endommager le moteur de l&#8217;outil et invalider la garantie<\/p>\n<p>4932479977<\/p>\n","protected":false},"excerpt":{"rendered":"<p>M12 FID2\/ENDUITS DE CAOUTCHOUC<\/p>\n","protected":false},"featured_media":545664,"template":"","meta":{"_seopress_robots_primary_cat":"","_seopress_titles_title":"","_seopress_titles_desc":"","_seopress_robots_index":""},"product_brand":[3658],"product_cat":[1555,167,1552],"product_tag":[3273],"class_list":{"0":"post-621775","1":"product","2":"type-product","3":"status-publish","4":"has-post-thumbnail","6":"product_brand-milwaukee-fr","7":"product_cat-accessoires-pour-perceuses-et-tournevis","8":"product_cat-machines","9":"product_cat-perceuses-et-tournevis","10":"product_tag-import-milwau-fr","11":"sws-conto-ricavi-merci-rivendita-macchinari-fr","12":"sws-gruppo-iva-iva81-fr","14":"first","15":"onbackorder","16":"sale","17":"shipping-taxable","18":"purchasable","19":"product-type-simple"},"_links":{"self":[{"href":"https:\/\/lucacastelli.com\/fr\/wp-json\/wp\/v2\/product\/621775","targetHints":{"allow":["GET"]}}],"collection":[{"href":"https:\/\/lucacastelli.com\/fr\/wp-json\/wp\/v2\/product"}],"about":[{"href":"https:\/\/lucacastelli.com\/fr\/wp-json\/wp\/v2\/types\/product"}],"wp:featuredmedia":[{"embeddable":true,"href":"https:\/\/lucacastelli.com\/fr\/wp-json\/wp\/v2\/media\/545664"}],"wp:attachment":[{"href":"https:\/\/lucacastelli.com\/fr\/wp-json\/wp\/v2\/media?parent=621775"}],"wp:term":[{"taxonomy":"product_brand","embeddable":true,"href":"https:\/\/lucacastelli.com\/fr\/wp-json\/wp\/v2\/product_brand?post=621775"},{"taxonomy":"product_cat","embeddable":true,"href":"https:\/\/lucacastelli.com\/fr\/wp-json\/wp\/v2\/product_cat?post=621775"},{"taxonomy":"product_tag","embeddable":true,"href":"https:\/\/lucacastelli.com\/fr\/wp-json\/wp\/v2\/product_tag?post=621775"}],"curies":[{"name":"wp","href":"https:\/\/api.w.org\/{rel}","templated":true}]}}