{"id":621770,"date":"2025-08-09T19:21:55","date_gmt":"2025-08-09T17:21:55","guid":{"rendered":"https:\/\/lucacastelli.com\/prodotto\/milwaukee-rallonges-de-douilles-3-4%cb%9d\/"},"modified":"2025-08-09T19:21:55","modified_gmt":"2025-08-09T17:21:55","slug":"milwaukee-rallonges-de-douilles-3-4%cb%9d","status":"publish","type":"product","link":"https:\/\/lucacastelli.com\/fr\/produit\/milwaukee-rallonges-de-douilles-3-4%cb%9d\/","title":{"rendered":"Milwaukee Rallonges de douilles 3\/4\u02dd"},"content":{"rendered":"<p>RACCORD D&#8217;EXTENSION 3\/4 LONGUEUR 250 mm<br \/>\nSHOCKWAVE\u2122 (Chromomolybd\u00e8ne) l&#8217;acier r\u00e9sistant aux chocs est un acier de haute qualit\u00e9 qui permet une dur\u00e9e de vie particuli\u00e8rement longue;dimensions poin\u00e7onn\u00e9es et cod\u00e9es par couleur pour faciliter l&#8217;identification et faire en sorte que la r\u00e9f\u00e9rence de l&#8217;article reste grav\u00e9e pendant longtemps;double per\u00e7age et rainurage pour faciliter la fixation des accessoires de s\u00e9curit\u00e9. <\/p>\n<p>4932480404<br \/>\n4058546406899<\/p>\n","protected":false},"excerpt":{"rendered":"<p>RACCORD D&#8217;EXTENSION 3\/4 LONGUEUR 250 mm <\/p>\n","protected":false},"featured_media":548297,"template":"","meta":{"_seopress_robots_primary_cat":"","_seopress_titles_title":"","_seopress_titles_desc":"","_seopress_robots_index":""},"product_brand":[3658],"product_cat":[1555,167,1552],"product_tag":[3273],"class_list":{"0":"post-621770","1":"product","2":"type-product","3":"status-publish","4":"has-post-thumbnail","6":"product_brand-milwaukee-fr","7":"product_cat-accessoires-pour-perceuses-et-tournevis","8":"product_cat-machines","9":"product_cat-perceuses-et-tournevis","10":"product_tag-import-milwau-fr","11":"sws-conto-ricavi-merci-rivendita-macchinari-fr","12":"sws-gruppo-iva-iva81-fr","14":"first","15":"onbackorder","16":"sale","17":"shipping-taxable","18":"purchasable","19":"product-type-simple"},"_links":{"self":[{"href":"https:\/\/lucacastelli.com\/fr\/wp-json\/wp\/v2\/product\/621770","targetHints":{"allow":["GET"]}}],"collection":[{"href":"https:\/\/lucacastelli.com\/fr\/wp-json\/wp\/v2\/product"}],"about":[{"href":"https:\/\/lucacastelli.com\/fr\/wp-json\/wp\/v2\/types\/product"}],"wp:featuredmedia":[{"embeddable":true,"href":"https:\/\/lucacastelli.com\/fr\/wp-json\/wp\/v2\/media\/548297"}],"wp:attachment":[{"href":"https:\/\/lucacastelli.com\/fr\/wp-json\/wp\/v2\/media?parent=621770"}],"wp:term":[{"taxonomy":"product_brand","embeddable":true,"href":"https:\/\/lucacastelli.com\/fr\/wp-json\/wp\/v2\/product_brand?post=621770"},{"taxonomy":"product_cat","embeddable":true,"href":"https:\/\/lucacastelli.com\/fr\/wp-json\/wp\/v2\/product_cat?post=621770"},{"taxonomy":"product_tag","embeddable":true,"href":"https:\/\/lucacastelli.com\/fr\/wp-json\/wp\/v2\/product_tag?post=621770"}],"curies":[{"name":"wp","href":"https:\/\/api.w.org\/{rel}","templated":true}]}}