{"id":621766,"date":"2025-08-09T19:21:54","date_gmt":"2025-08-09T17:21:54","guid":{"rendered":"https:\/\/lucacastelli.com\/prodotto\/milwaukee-porte-embout-magnetique-%c2%bc%e2%80%b3-hex-longueur-152-mm\/"},"modified":"2025-08-09T19:21:54","modified_gmt":"2025-08-09T17:21:54","slug":"milwaukee-porte-embout-magnetique-%c2%bc%e2%80%b3-hex-longueur-152-mm","status":"publish","type":"product","link":"https:\/\/lucacastelli.com\/fr\/produit\/milwaukee-porte-embout-magnetique-%c2%bc%e2%80%b3-hex-longueur-152-mm\/","title":{"rendered":"Milwaukee Porte-embout magn\u00e9tique \u00bc\u2033 HEX longueur 152 mm."},"content":{"rendered":"<p>PORTE-embouts MAGN.HEX 1\/4 152 MM -1pcs<br \/>\nAcier trait\u00e9 thermiquement con\u00e7u pour une r\u00e9sistance et une flexibilit\u00e9 maximales;Construction robuste r\u00e9sistant aux applications de vissage les plus lourdes;Prise en main maximale m\u00eame dans les applications les plus lourdes<\/p>\n<p>4932471822<br \/>\n4058546297213<\/p>\n","protected":false},"excerpt":{"rendered":"<p>PORTE-embouts MAGN.HEX 1\/4 152 MM -1pcs.<\/p>\n","protected":false},"featured_media":537973,"template":"","meta":{"_seopress_robots_primary_cat":"","_seopress_titles_title":"","_seopress_titles_desc":"","_seopress_robots_index":""},"product_brand":[3658],"product_cat":[1555,167,1552],"product_tag":[3273],"class_list":{"0":"post-621766","1":"product","2":"type-product","3":"status-publish","4":"has-post-thumbnail","6":"product_brand-milwaukee-fr","7":"product_cat-accessoires-pour-perceuses-et-tournevis","8":"product_cat-machines","9":"product_cat-perceuses-et-tournevis","10":"product_tag-import-milwau-fr","11":"sws-conto-ricavi-merci-rivendita-macchinari-fr","12":"sws-gruppo-iva-iva81-fr","14":"first","15":"onbackorder","16":"sale","17":"shipping-taxable","18":"purchasable","19":"product-type-simple"},"_links":{"self":[{"href":"https:\/\/lucacastelli.com\/fr\/wp-json\/wp\/v2\/product\/621766","targetHints":{"allow":["GET"]}}],"collection":[{"href":"https:\/\/lucacastelli.com\/fr\/wp-json\/wp\/v2\/product"}],"about":[{"href":"https:\/\/lucacastelli.com\/fr\/wp-json\/wp\/v2\/types\/product"}],"wp:featuredmedia":[{"embeddable":true,"href":"https:\/\/lucacastelli.com\/fr\/wp-json\/wp\/v2\/media\/537973"}],"wp:attachment":[{"href":"https:\/\/lucacastelli.com\/fr\/wp-json\/wp\/v2\/media?parent=621766"}],"wp:term":[{"taxonomy":"product_brand","embeddable":true,"href":"https:\/\/lucacastelli.com\/fr\/wp-json\/wp\/v2\/product_brand?post=621766"},{"taxonomy":"product_cat","embeddable":true,"href":"https:\/\/lucacastelli.com\/fr\/wp-json\/wp\/v2\/product_cat?post=621766"},{"taxonomy":"product_tag","embeddable":true,"href":"https:\/\/lucacastelli.com\/fr\/wp-json\/wp\/v2\/product_tag?post=621766"}],"curies":[{"name":"wp","href":"https:\/\/api.w.org\/{rel}","templated":true}]}}