{"id":621755,"date":"2025-08-09T11:41:40","date_gmt":"2025-08-09T09:41:40","guid":{"rendered":"https:\/\/lucacastelli.com\/prodotto\/milwaukee-meches-a-beton-30\/"},"modified":"2025-08-09T11:41:40","modified_gmt":"2025-08-09T09:41:40","slug":"milwaukee-meches-a-beton-30","status":"publish","type":"product","link":"https:\/\/lucacastelli.com\/fr\/produit\/milwaukee-meches-a-beton-30\/","title":{"rendered":"Milwaukee M\u00e8ches \u00e0 b\u00e9ton"},"content":{"rendered":"<p>FORET \u00c0 B\u00c9TON 3X60 MM<br \/>\nM\u00e8che diamant\u00e9e avec ar\u00eates de coupe en carbure;Grande durabilit\u00e9 et performance dans le per\u00e7age des briques, des tuiles, du b\u00e9ton et de tous les types de pierre naturelle. <\/p>\n<p>4932480123<br \/>\n4058546404086<\/p>\n","protected":false},"excerpt":{"rendered":"<p>FORET \u00c0 B\u00c9TON 3X60 MM <\/p>\n","protected":false},"featured_media":546906,"template":"","meta":{"_seopress_robots_primary_cat":"","_seopress_titles_title":"","_seopress_titles_desc":"","_seopress_robots_index":""},"product_brand":[3658],"product_cat":[1555,1453,167,1552],"product_tag":[3273],"class_list":{"0":"post-621755","1":"product","2":"type-product","3":"status-publish","4":"has-post-thumbnail","6":"product_brand-milwaukee-fr","7":"product_cat-accessoires-pour-perceuses-et-tournevis","8":"product_cat-autres-appareils","9":"product_cat-machines","10":"product_cat-perceuses-et-tournevis","11":"product_tag-import-milwau-fr","12":"sws-conto-ricavi-merci-rivendita-macchinari-fr","13":"sws-gruppo-iva-iva81-fr","15":"first","16":"onbackorder","17":"sale","18":"shipping-taxable","19":"purchasable","20":"product-type-simple"},"_links":{"self":[{"href":"https:\/\/lucacastelli.com\/fr\/wp-json\/wp\/v2\/product\/621755","targetHints":{"allow":["GET"]}}],"collection":[{"href":"https:\/\/lucacastelli.com\/fr\/wp-json\/wp\/v2\/product"}],"about":[{"href":"https:\/\/lucacastelli.com\/fr\/wp-json\/wp\/v2\/types\/product"}],"wp:featuredmedia":[{"embeddable":true,"href":"https:\/\/lucacastelli.com\/fr\/wp-json\/wp\/v2\/media\/546906"}],"wp:attachment":[{"href":"https:\/\/lucacastelli.com\/fr\/wp-json\/wp\/v2\/media?parent=621755"}],"wp:term":[{"taxonomy":"product_brand","embeddable":true,"href":"https:\/\/lucacastelli.com\/fr\/wp-json\/wp\/v2\/product_brand?post=621755"},{"taxonomy":"product_cat","embeddable":true,"href":"https:\/\/lucacastelli.com\/fr\/wp-json\/wp\/v2\/product_cat?post=621755"},{"taxonomy":"product_tag","embeddable":true,"href":"https:\/\/lucacastelli.com\/fr\/wp-json\/wp\/v2\/product_tag?post=621755"}],"curies":[{"name":"wp","href":"https:\/\/api.w.org\/{rel}","templated":true}]}}