{"id":621689,"date":"2025-08-09T11:38:36","date_gmt":"2025-08-09T09:38:36","guid":{"rendered":"https:\/\/lucacastelli.com\/prodotto\/milwaukee-meches-a-metaux-hss-g-titanium-shockwave-3\/"},"modified":"2025-08-09T11:38:36","modified_gmt":"2025-08-09T09:38:36","slug":"milwaukee-meches-a-metaux-hss-g-titanium-shockwave-3","status":"publish","type":"product","link":"https:\/\/lucacastelli.com\/fr\/produit\/milwaukee-meches-a-metaux-hss-g-titanium-shockwave-3\/","title":{"rendered":"Milwaukee M\u00e8ches \u00e0 m\u00e9taux HSS-G TITANIUM SHOCKWAVE"},"content":{"rendered":"<p>REDHEX M\u00e8che HSS-G 7.0X109MM -5pcs<br \/>\nM\u00e8che \u00e0 queue hexagonale 1\/4Zoll optimis\u00e9e pour les cl\u00e9s \u00e0 chocs;Le rev\u00eatement en nitrure de titane aide \u00e0 refroidir la m\u00e8che et permet de l&#8217;utiliser m\u00eame \u00e0 grande vitesse;La g\u00e9om\u00e9trie de la m\u00e8che \u00e0 angle de 135\u00b0 r\u00e9duit le glissement de la m\u00e8che et permet une pr\u00e9cision de per\u00e7age maximale, sans surchauffe de la m\u00e8che;Conception \u00e0 goujures variables. Cela permet une \u00e9jection plus rapide du mat\u00e9riau et r\u00e9duit l&#8217;accumulation de chaleur, le tout pour une plus grande efficacit\u00e9 ;Conception plus solide pour une durabilit\u00e9 et une dur\u00e9e de vie du tr\u00e9pan accrues ;Polyvalence accrue gr\u00e2ce \u00e0 la tige hexagonale 1\/4Zoll qui permet de l&#8217;utiliser sur les perceuses et les cl\u00e9s \u00e0 chocs. <\/p>\n<p>4932478182<br \/>\n4058546341152<\/p>\n","protected":false},"excerpt":{"rendered":"<p>REDHEX HSS-G 7.0X109MM &#8211; 5pcs.<\/p>\n","protected":false},"featured_media":540328,"template":"","meta":{"_seopress_robots_primary_cat":"","_seopress_titles_title":"","_seopress_titles_desc":"","_seopress_robots_index":""},"product_brand":[3407],"product_cat":[29,514,549,550],"product_tag":[3270],"class_list":{"0":"post-621689","1":"product","2":"type-product","3":"status-publish","4":"has-post-thumbnail","6":"product_brand-milwaukee","7":"product_cat-macchinari","8":"product_cat-altri-dispositivi","9":"product_cat-trapani-e-avvitatori","10":"product_cat-accessori-per-trapani-ed-avvitatori","11":"product_tag-import-milwau","12":"sws-conto-ricavi-merci-rivendita-macchinari-fr","13":"sws-gruppo-iva-iva81-fr","15":"first","16":"onbackorder","17":"sale","18":"shipping-taxable","19":"purchasable","20":"product-type-simple"},"_links":{"self":[{"href":"https:\/\/lucacastelli.com\/fr\/wp-json\/wp\/v2\/product\/621689","targetHints":{"allow":["GET"]}}],"collection":[{"href":"https:\/\/lucacastelli.com\/fr\/wp-json\/wp\/v2\/product"}],"about":[{"href":"https:\/\/lucacastelli.com\/fr\/wp-json\/wp\/v2\/types\/product"}],"wp:featuredmedia":[{"embeddable":true,"href":"https:\/\/lucacastelli.com\/fr\/wp-json\/wp\/v2\/media\/540328"}],"wp:attachment":[{"href":"https:\/\/lucacastelli.com\/fr\/wp-json\/wp\/v2\/media?parent=621689"}],"wp:term":[{"taxonomy":"product_brand","embeddable":true,"href":"https:\/\/lucacastelli.com\/fr\/wp-json\/wp\/v2\/product_brand?post=621689"},{"taxonomy":"product_cat","embeddable":true,"href":"https:\/\/lucacastelli.com\/fr\/wp-json\/wp\/v2\/product_cat?post=621689"},{"taxonomy":"product_tag","embeddable":true,"href":"https:\/\/lucacastelli.com\/fr\/wp-json\/wp\/v2\/product_tag?post=621689"}],"curies":[{"name":"wp","href":"https:\/\/api.w.org\/{rel}","templated":true}]}}