{"id":621676,"date":"2025-08-09T19:31:42","date_gmt":"2025-08-09T17:31:42","guid":{"rendered":"https:\/\/lucacastelli.com\/prodotto\/milwaukee-pince-a-denuder-les-fils-7-en-1\/"},"modified":"2025-08-09T19:31:42","modified_gmt":"2025-08-09T17:31:42","slug":"milwaukee-pince-a-denuder-les-fils-7-en-1","status":"publish","type":"product","link":"https:\/\/lucacastelli.com\/fr\/produit\/milwaukee-pince-a-denuder-les-fils-7-en-1\/","title":{"rendered":"Milwaukee Pince \u00e0 d\u00e9nuder les fils 7 en 1"},"content":{"rendered":"<p>PINCE LONGUE AVEC ENLEVEMENT DE FILS 7<br \/>\nPince r\u00e9glable en 6 tailles : 0,75 mm\u00b2, 1,0 mm\u00b2, 1,5 mm\u00b2, 2,5 mm\u00b2, 4,0 mm\u00b2, 6.0 mm\u00b2;Coupe-c\u00e2ble avec ar\u00eates de coupe incurv\u00e9es;Pince adapt\u00e9e pour saisir et plier les c\u00e2bles;Adapt\u00e9e \u00e0 l&#8217;\u00e9bavurage gr\u00e2ce aux nervures sur la t\u00eate pour les tuyaux de 12 \u00e0 25 mm;Provision pour d\u00e9nudeur de fil;Pince \u00e0 sertir int\u00e9gr\u00e9e;Coupe-boulon int\u00e9gr\u00e9 pour couper et ne pas \u00e9craser le filetage;Verrouillage facile \u00e0 utiliser d&#8217;une seule main et ressort pour une ouverture ais\u00e9e;Protection contre la rouille<\/p>\n<p>4932478554<br \/>\n4058546347475.<\/p>\n","protected":false},"excerpt":{"rendered":"<p>PINCE \u00c0 LONG BEC AVEC D\u00c9NUDEUR DE FIL 7<\/p>\n","protected":false},"featured_media":541086,"template":"","meta":{"_seopress_robots_primary_cat":"","_seopress_titles_title":"","_seopress_titles_desc":"","_seopress_robots_index":""},"product_brand":[3658],"product_cat":[5417,144],"product_tag":[3273],"class_list":{"0":"post-621676","1":"product","2":"type-product","3":"status-publish","4":"has-post-thumbnail","6":"product_brand-milwaukee-fr","7":"product_cat-outils-pour-atelier","8":"product_cat-equipement","9":"product_tag-import-milwau-fr","10":"sws-conto-ricavi-merci-rivendita-macchinari-fr","11":"sws-gruppo-iva-iva81-fr","13":"first","14":"onbackorder","15":"sale","16":"shipping-taxable","17":"purchasable","18":"product-type-simple"},"_links":{"self":[{"href":"https:\/\/lucacastelli.com\/fr\/wp-json\/wp\/v2\/product\/621676","targetHints":{"allow":["GET"]}}],"collection":[{"href":"https:\/\/lucacastelli.com\/fr\/wp-json\/wp\/v2\/product"}],"about":[{"href":"https:\/\/lucacastelli.com\/fr\/wp-json\/wp\/v2\/types\/product"}],"wp:featuredmedia":[{"embeddable":true,"href":"https:\/\/lucacastelli.com\/fr\/wp-json\/wp\/v2\/media\/541086"}],"wp:attachment":[{"href":"https:\/\/lucacastelli.com\/fr\/wp-json\/wp\/v2\/media?parent=621676"}],"wp:term":[{"taxonomy":"product_brand","embeddable":true,"href":"https:\/\/lucacastelli.com\/fr\/wp-json\/wp\/v2\/product_brand?post=621676"},{"taxonomy":"product_cat","embeddable":true,"href":"https:\/\/lucacastelli.com\/fr\/wp-json\/wp\/v2\/product_cat?post=621676"},{"taxonomy":"product_tag","embeddable":true,"href":"https:\/\/lucacastelli.com\/fr\/wp-json\/wp\/v2\/product_tag?post=621676"}],"curies":[{"name":"wp","href":"https:\/\/api.w.org\/{rel}","templated":true}]}}