{"id":621666,"date":"2025-08-09T19:31:34","date_gmt":"2025-08-09T17:31:34","guid":{"rendered":"https:\/\/lucacastelli.com\/prodotto\/milwaukee-pince-autobloquante-a-larges-machoires\/"},"modified":"2025-08-09T19:31:34","modified_gmt":"2025-08-09T17:31:34","slug":"milwaukee-pince-autobloquante-a-larges-machoires","status":"publish","type":"product","link":"https:\/\/lucacastelli.com\/fr\/produit\/milwaukee-pince-autobloquante-a-larges-machoires\/","title":{"rendered":"Milwaukee Pince autobloquante \u00e0 larges m\u00e2choires"},"content":{"rendered":"<p>TORQUE LOCK\u2122 SELFLOCKING PLIERS 12 pol\/305 mm<br \/>\nTORQUE LOCK\u2122 SELFLOCKING PLIERS : installation rapide et facile sur les surfaces plates et rondes. Il est possible d&#8217;appliquer une force suppl\u00e9mentaire. Peut \u00e9galement \u00eatre utilis\u00e9e pour suspendre ou ranger du mat\u00e9riel;M\u00e2choires durcies pour une meilleure prise et un meilleur maintien du mat\u00e9riel;Protection contre la rouille : le chromage augmente la durabilit\u00e9 en r\u00e9duisant la corrosion.  <\/p>\n<p>4932493619<br \/>\n4058546484903<\/p>\n","protected":false},"excerpt":{"rendered":"<p>AUTOBLOC.GAN WIDE 12 pol\/305 mm pince<\/p>\n","protected":false},"featured_media":562819,"template":"","meta":{"_seopress_robots_primary_cat":"","_seopress_titles_title":"","_seopress_titles_desc":"","_seopress_robots_index":""},"product_brand":[3658],"product_cat":[144,5417],"product_tag":[3273],"class_list":{"0":"post-621666","1":"product","2":"type-product","3":"status-publish","4":"has-post-thumbnail","6":"product_brand-milwaukee-fr","7":"product_cat-equipement","8":"product_cat-outils-pour-atelier","9":"product_tag-import-milwau-fr","10":"sws-conto-ricavi-merci-rivendita-macchinari-fr","11":"sws-gruppo-iva-iva81-fr","13":"first","14":"onbackorder","15":"sale","16":"shipping-taxable","17":"purchasable","18":"product-type-simple"},"_links":{"self":[{"href":"https:\/\/lucacastelli.com\/fr\/wp-json\/wp\/v2\/product\/621666","targetHints":{"allow":["GET"]}}],"collection":[{"href":"https:\/\/lucacastelli.com\/fr\/wp-json\/wp\/v2\/product"}],"about":[{"href":"https:\/\/lucacastelli.com\/fr\/wp-json\/wp\/v2\/types\/product"}],"wp:featuredmedia":[{"embeddable":true,"href":"https:\/\/lucacastelli.com\/fr\/wp-json\/wp\/v2\/media\/562819"}],"wp:attachment":[{"href":"https:\/\/lucacastelli.com\/fr\/wp-json\/wp\/v2\/media?parent=621666"}],"wp:term":[{"taxonomy":"product_brand","embeddable":true,"href":"https:\/\/lucacastelli.com\/fr\/wp-json\/wp\/v2\/product_brand?post=621666"},{"taxonomy":"product_cat","embeddable":true,"href":"https:\/\/lucacastelli.com\/fr\/wp-json\/wp\/v2\/product_cat?post=621666"},{"taxonomy":"product_tag","embeddable":true,"href":"https:\/\/lucacastelli.com\/fr\/wp-json\/wp\/v2\/product_tag?post=621666"}],"curies":[{"name":"wp","href":"https:\/\/api.w.org\/{rel}","templated":true}]}}