{"id":621665,"date":"2025-08-09T19:31:39","date_gmt":"2025-08-09T17:31:39","guid":{"rendered":"https:\/\/lucacastelli.com\/prodotto\/milwaukee-pince-pour-filtres-a-huile-et-a-pvc\/"},"modified":"2025-08-09T19:31:39","modified_gmt":"2025-08-09T17:31:39","slug":"milwaukee-pince-pour-filtres-a-huile-et-a-pvc","status":"publish","type":"product","link":"https:\/\/lucacastelli.com\/fr\/produit\/milwaukee-pince-pour-filtres-a-huile-et-a-pvc\/","title":{"rendered":"Milwaukee Pince pour filtres \u00e0 huile et \u00e0 PVC"},"content":{"rendered":"<p>PINCES POUR FILTRES D&#8217;HUILE \/ PVC<br \/>\nM\u00e2choires d&#8217;une capacit\u00e9 de 89 mm pour une solution polyvalente dans le monde de l&#8217;hydraulique et de l&#8217;automobile;Poign\u00e9es confortables;Construction forg\u00e9e pour r\u00e9sister \u00e0 la rouille<\/p>\n<p>4932492511<br \/>\n4058546418786<\/p>\n","protected":false},"excerpt":{"rendered":"<p>PINCE POUR FILTRE \u00c0 HUILE \/ PVC<\/p>\n","protected":false},"featured_media":557105,"template":"","meta":{"_seopress_robots_primary_cat":"","_seopress_titles_title":"","_seopress_titles_desc":"","_seopress_robots_index":""},"product_brand":[3407],"product_cat":[5416,33],"product_tag":[3270],"class_list":{"0":"post-621665","1":"product","2":"type-product","3":"status-publish","4":"has-post-thumbnail","6":"product_brand-milwaukee","7":"product_cat-utensili-per-officina","8":"product_cat-attrezzature","9":"product_tag-import-milwau","10":"sws-conto-ricavi-merci-rivendita-macchinari-fr","11":"sws-gruppo-iva-iva81-fr","13":"first","14":"onbackorder","15":"sale","16":"shipping-taxable","17":"purchasable","18":"product-type-simple"},"_links":{"self":[{"href":"https:\/\/lucacastelli.com\/fr\/wp-json\/wp\/v2\/product\/621665","targetHints":{"allow":["GET"]}}],"collection":[{"href":"https:\/\/lucacastelli.com\/fr\/wp-json\/wp\/v2\/product"}],"about":[{"href":"https:\/\/lucacastelli.com\/fr\/wp-json\/wp\/v2\/types\/product"}],"wp:featuredmedia":[{"embeddable":true,"href":"https:\/\/lucacastelli.com\/fr\/wp-json\/wp\/v2\/media\/557105"}],"wp:attachment":[{"href":"https:\/\/lucacastelli.com\/fr\/wp-json\/wp\/v2\/media?parent=621665"}],"wp:term":[{"taxonomy":"product_brand","embeddable":true,"href":"https:\/\/lucacastelli.com\/fr\/wp-json\/wp\/v2\/product_brand?post=621665"},{"taxonomy":"product_cat","embeddable":true,"href":"https:\/\/lucacastelli.com\/fr\/wp-json\/wp\/v2\/product_cat?post=621665"},{"taxonomy":"product_tag","embeddable":true,"href":"https:\/\/lucacastelli.com\/fr\/wp-json\/wp\/v2\/product_tag?post=621665"}],"curies":[{"name":"wp","href":"https:\/\/api.w.org\/{rel}","templated":true}]}}