{"id":621657,"date":"2025-08-09T19:31:08","date_gmt":"2025-08-09T17:31:08","guid":{"rendered":"https:\/\/lucacastelli.com\/prodotto\/marqueurs-a-peinture-liquide-milwaukee\/"},"modified":"2026-04-15T12:15:23","modified_gmt":"2026-04-15T10:15:23","slug":"marqueurs-a-peinture-liquide-milwaukee","status":"publish","type":"product","link":"https:\/\/lucacastelli.com\/fr\/produit\/marqueurs-a-peinture-liquide-milwaukee\/","title":{"rendered":"MILWAUKEE Marqueurs peinture liquide"},"content":{"rendered":"<p>MARQUEUR PEINTURE LIQUIDE &#8211; BLEU<br \/>\n\u00c9coulement du liquide par valve ; Pointe en acrylique pour les conditions de travail les plus exigeantes : temp\u00e9rature de surface de -10 \u00b0 \u00e0 + 145 ; Marquage sur surfaces sombres o\u00f9 les marqueurs traditionnels ne sont pas facilement visibles ; Peut \u00eatre utilis\u00e9 sur surfaces rugueuses, poussi\u00e9reuses et grasses ; Pour une utilisation sur b\u00e9ton, tuyaux noirs, aluminium, PVC, acier &amp; acier INOX, caoutchouc et pneus ; Temps de s\u00e9chage 10 secondes ; Marquage r\u00e9sistant \u00e0 l&#8217;eau et aux rayons UV ; Marqueur ind\u00e9l\u00e9bile. Marquages r\u00e9sistent jusqu&#8217;\u00e0 6 mois ; Corps en m\u00e9tal pour une durabilit\u00e9 maximale ; Peinture sans xyl\u00e8ne ; IMPORTANT : Agiter le marqueur avec le capuchon ins\u00e9r\u00e9. Retirer le capuchon et presser d\u00e9licatement la pointe vers la surface \u00e0 marquer, en attendant que le liquide afflue dans la pointe  <\/p>\n<p>4932492144<br \/>\n4058546415112<\/p>\n","protected":false},"excerpt":{"rendered":"<p>MARQUEUR PEINTURE LIQUIDE &#8211; BLEU<\/p>\n","protected":false},"featured_media":555112,"template":"","meta":{"_seopress_robots_primary_cat":"","_seopress_titles_title":"","_seopress_titles_desc":"","_seopress_robots_index":""},"product_brand":[3407],"product_cat":[5416,33],"product_tag":[3270],"class_list":{"0":"post-621657","1":"product","2":"type-product","3":"status-publish","4":"has-post-thumbnail","6":"product_brand-milwaukee","7":"product_cat-utensili-per-officina","8":"product_cat-attrezzature","9":"product_tag-import-milwau","10":"sws-conto-ricavi-merci-rivendita-macchinari-fr","11":"sws-gruppo-iva-iva81-fr","13":"first","14":"onbackorder","15":"sale","16":"shipping-taxable","17":"purchasable","18":"product-type-simple"},"_links":{"self":[{"href":"https:\/\/lucacastelli.com\/fr\/wp-json\/wp\/v2\/product\/621657","targetHints":{"allow":["GET"]}}],"collection":[{"href":"https:\/\/lucacastelli.com\/fr\/wp-json\/wp\/v2\/product"}],"about":[{"href":"https:\/\/lucacastelli.com\/fr\/wp-json\/wp\/v2\/types\/product"}],"wp:featuredmedia":[{"embeddable":true,"href":"https:\/\/lucacastelli.com\/fr\/wp-json\/wp\/v2\/media\/555112"}],"wp:attachment":[{"href":"https:\/\/lucacastelli.com\/fr\/wp-json\/wp\/v2\/media?parent=621657"}],"wp:term":[{"taxonomy":"product_brand","embeddable":true,"href":"https:\/\/lucacastelli.com\/fr\/wp-json\/wp\/v2\/product_brand?post=621657"},{"taxonomy":"product_cat","embeddable":true,"href":"https:\/\/lucacastelli.com\/fr\/wp-json\/wp\/v2\/product_cat?post=621657"},{"taxonomy":"product_tag","embeddable":true,"href":"https:\/\/lucacastelli.com\/fr\/wp-json\/wp\/v2\/product_tag?post=621657"}],"curies":[{"name":"wp","href":"https:\/\/api.w.org\/{rel}","templated":true}]}}