{"id":621652,"date":"2025-08-09T19:31:01","date_gmt":"2025-08-09T17:31:01","guid":{"rendered":"https:\/\/lucacastelli.com\/prodotto\/milwaukee-marqueurs-indelebiles-a-large-pointe-2\/"},"modified":"2025-08-09T19:31:01","modified_gmt":"2025-08-09T17:31:01","slug":"milwaukee-marqueurs-indelebiles-a-large-pointe-2","status":"publish","type":"product","link":"https:\/\/lucacastelli.com\/fr\/produit\/milwaukee-marqueurs-indelebiles-a-large-pointe-2\/","title":{"rendered":"Milwaukee Marqueurs ind\u00e9l\u00e9biles \u00e0 large pointe"},"content":{"rendered":"<p>INDEL LARGE-TOUCH PEN L BLACK -1pcs<br \/>\nConserve son pouvoir d&#8217;\u00e9criture m\u00eame apr\u00e8s 72 heures sans capuchon;Peut \u00eatre utilis\u00e9 sur des surfaces humides, huileuses, rouill\u00e9es et couvertes de d\u00e9bris;Peut \u00eatre utilis\u00e9 sur le b\u00e9ton, le bois, le m\u00e9tal, le contreplaqu\u00e9, l&#8217;OSB et les plastiques;S\u00e9chage rapide de l&#8217;encre &#8211; r\u00e9duit les taches sur les surfaces en PVC et en m\u00e9tal;Facile \u00e0 lire \u00e0 longue distance gr\u00e2ce \u00e0 un trait extra-large<\/p>\n<p>4932471555<br \/>\n4058546294540<\/p>\n","protected":false},"excerpt":{"rendered":"<p>INDEL LARGE-TOUCH L NOIR &#8211; 1 pc<\/p>\n","protected":false},"featured_media":536891,"template":"","meta":{"_seopress_robots_primary_cat":"","_seopress_titles_title":"","_seopress_titles_desc":"","_seopress_robots_index":""},"product_brand":[3407],"product_cat":[5416,33],"product_tag":[3270],"class_list":{"0":"post-621652","1":"product","2":"type-product","3":"status-publish","4":"has-post-thumbnail","6":"product_brand-milwaukee","7":"product_cat-utensili-per-officina","8":"product_cat-attrezzature","9":"product_tag-import-milwau","10":"sws-conto-ricavi-merci-rivendita-macchinari-fr","11":"sws-gruppo-iva-iva81-fr","13":"first","14":"onbackorder","15":"sale","16":"shipping-taxable","17":"purchasable","18":"product-type-simple"},"_links":{"self":[{"href":"https:\/\/lucacastelli.com\/fr\/wp-json\/wp\/v2\/product\/621652","targetHints":{"allow":["GET"]}}],"collection":[{"href":"https:\/\/lucacastelli.com\/fr\/wp-json\/wp\/v2\/product"}],"about":[{"href":"https:\/\/lucacastelli.com\/fr\/wp-json\/wp\/v2\/types\/product"}],"wp:featuredmedia":[{"embeddable":true,"href":"https:\/\/lucacastelli.com\/fr\/wp-json\/wp\/v2\/media\/536891"}],"wp:attachment":[{"href":"https:\/\/lucacastelli.com\/fr\/wp-json\/wp\/v2\/media?parent=621652"}],"wp:term":[{"taxonomy":"product_brand","embeddable":true,"href":"https:\/\/lucacastelli.com\/fr\/wp-json\/wp\/v2\/product_brand?post=621652"},{"taxonomy":"product_cat","embeddable":true,"href":"https:\/\/lucacastelli.com\/fr\/wp-json\/wp\/v2\/product_cat?post=621652"},{"taxonomy":"product_tag","embeddable":true,"href":"https:\/\/lucacastelli.com\/fr\/wp-json\/wp\/v2\/product_tag?post=621652"}],"curies":[{"name":"wp","href":"https:\/\/api.w.org\/{rel}","templated":true}]}}