{"id":621650,"date":"2025-08-09T19:31:00","date_gmt":"2025-08-09T17:31:00","guid":{"rendered":"https:\/\/lucacastelli.com\/prodotto\/milwaukee-marqueurs-indelebiles-a-large-pointe\/"},"modified":"2025-08-09T19:31:00","modified_gmt":"2025-08-09T17:31:00","slug":"milwaukee-marqueurs-indelebiles-a-large-pointe","status":"publish","type":"product","link":"https:\/\/lucacastelli.com\/fr\/produit\/milwaukee-marqueurs-indelebiles-a-large-pointe\/","title":{"rendered":"Milwaukee Marqueurs ind\u00e9l\u00e9biles \u00e0 large pointe"},"content":{"rendered":"<p>PENNAREL. INDEL.L-WIDE POINT L-BLACK 3 PZ<br \/>\nConserve son pouvoir d&#8217;\u00e9criture m\u00eame apr\u00e8s 72 heures sans capuchon;Peut \u00eatre utilis\u00e9 sur des surfaces humides, huileuses, rouill\u00e9es et couvertes de d\u00e9bris;S&#8217;utilise sur le b\u00e9ton, le bois, le m\u00e9tal, le contreplaqu\u00e9, l&#8217;OSB et le plastique;Encre \u00e0 s\u00e9chage rapide &#8211; r\u00e9duit les taches sur les surfaces en PVC et en m\u00e9tal;Facile \u00e0 lire \u00e0 de longues distances gr\u00e2ce \u00e0 son trait extra-large. <\/p>\n<p>4932471554<br \/>\n4058546294533<\/p>\n","protected":false},"excerpt":{"rendered":"<p>PENNAREL. INDEL.LARGE TIP L-NOIR 3 PCS. <\/p>\n","protected":false},"featured_media":536874,"template":"","meta":{"_seopress_robots_primary_cat":"","_seopress_titles_title":"","_seopress_titles_desc":"","_seopress_robots_index":""},"product_brand":[3658],"product_cat":[144,5417],"product_tag":[3273],"class_list":{"0":"post-621650","1":"product","2":"type-product","3":"status-publish","4":"has-post-thumbnail","6":"product_brand-milwaukee-fr","7":"product_cat-equipement","8":"product_cat-outils-pour-atelier","9":"product_tag-import-milwau-fr","10":"sws-conto-ricavi-merci-rivendita-macchinari-fr","11":"sws-gruppo-iva-iva81-fr","13":"first","14":"onbackorder","15":"sale","16":"shipping-taxable","17":"purchasable","18":"product-type-simple"},"_links":{"self":[{"href":"https:\/\/lucacastelli.com\/fr\/wp-json\/wp\/v2\/product\/621650","targetHints":{"allow":["GET"]}}],"collection":[{"href":"https:\/\/lucacastelli.com\/fr\/wp-json\/wp\/v2\/product"}],"about":[{"href":"https:\/\/lucacastelli.com\/fr\/wp-json\/wp\/v2\/types\/product"}],"wp:featuredmedia":[{"embeddable":true,"href":"https:\/\/lucacastelli.com\/fr\/wp-json\/wp\/v2\/media\/536874"}],"wp:attachment":[{"href":"https:\/\/lucacastelli.com\/fr\/wp-json\/wp\/v2\/media?parent=621650"}],"wp:term":[{"taxonomy":"product_brand","embeddable":true,"href":"https:\/\/lucacastelli.com\/fr\/wp-json\/wp\/v2\/product_brand?post=621650"},{"taxonomy":"product_cat","embeddable":true,"href":"https:\/\/lucacastelli.com\/fr\/wp-json\/wp\/v2\/product_cat?post=621650"},{"taxonomy":"product_tag","embeddable":true,"href":"https:\/\/lucacastelli.com\/fr\/wp-json\/wp\/v2\/product_tag?post=621650"}],"curies":[{"name":"wp","href":"https:\/\/api.w.org\/{rel}","templated":true}]}}